{"id":396862,"date":"2026-04-05T14:38:08","date_gmt":"2026-04-05T12:38:08","guid":{"rendered":"https:\/\/bogensportdiscount.ch\/produkt\/hand-style-goat-3-finger-black-quick-silver-large\/"},"modified":"2026-04-17T13:45:02","modified_gmt":"2026-04-17T11:45:02","slug":"truball-hand-release-goat-3-finger-schwarz-quick-silver","status":"publish","type":"product","link":"https:\/\/bogensportdiscount.ch\/it\/prodotto\/truball-hand-release-goat-3-finger-schwarz-quick-silver\/","title":{"rendered":"TRUBALL MANO STILE CAPRA 3 DITA NERO"},"content":{"rendered":"<p>Der TRUBALL Goat Hand-Release ist ein 3-Finger-Release f\u00fcr den Compound-Bogensport. Das Modell wird direkt in der Hand gehalten und erm\u00f6glicht eine kontrollierte Ausl\u00f6sung ohne zus\u00e4tzlichen Handgelenkgurt. Die Farbkombination Schwarz \/ Quick Silver verleiht dem Release ein klares, funktionales Erscheinungsbild.<\/p>\n<p>Hand-Releases dieser Art sprechen Sch\u00fctzen an, die ein direktes Gef\u00fchl bei der Ausl\u00f6sung sch\u00e4tzen und auf einen Wrist-Strap verzichten m\u00f6chten. Das 3-Finger-Design bietet dabei eine stabile Griffposition.<\/p>\n<ul>\n<li>3-Finger Hand-Release ohne Handgelenkgurt<\/li>\n<li>Farbausf\u00fchrung: Schwarz \/ Quick Silver<\/li>\n<li>Erh\u00e4ltlich in den Gr\u00f6ssen M und L<\/li>\n<li>F\u00fcr den Einsatz mit Compound-Bogen<\/li>\n<\/ul>","protected":false},"excerpt":{"rendered":"<p><strong>Marchio:<\/strong> T.R.U. Ball<\/p>","protected":false},"featured_media":449377,"comment_status":"open","ping_status":"closed","template":"","meta":[],"product_brand":[578],"product_cat":[4209],"product_tag":[],"class_list":{"0":"post-396862","1":"product","2":"type-product","3":"status-publish","4":"has-post-thumbnail","6":"product_brand-truball","7":"product_cat-thumb-releases","9":"first","10":"instock","11":"shipping-taxable","12":"purchasable","13":"product-type-variable"},"_links":{"self":[{"href":"https:\/\/bogensportdiscount.ch\/it\/wp-json\/wp\/v2\/product\/396862","targetHints":{"allow":["GET"]}}],"collection":[{"href":"https:\/\/bogensportdiscount.ch\/it\/wp-json\/wp\/v2\/product"}],"about":[{"href":"https:\/\/bogensportdiscount.ch\/it\/wp-json\/wp\/v2\/types\/product"}],"replies":[{"embeddable":true,"href":"https:\/\/bogensportdiscount.ch\/it\/wp-json\/wp\/v2\/comments?post=396862"}],"wp:featuredmedia":[{"embeddable":true,"href":"https:\/\/bogensportdiscount.ch\/it\/wp-json\/wp\/v2\/media\/449377"}],"wp:attachment":[{"href":"https:\/\/bogensportdiscount.ch\/it\/wp-json\/wp\/v2\/media?parent=396862"}],"wp:term":[{"taxonomy":"product_brand","embeddable":true,"href":"https:\/\/bogensportdiscount.ch\/it\/wp-json\/wp\/v2\/product_brand?post=396862"},{"taxonomy":"product_cat","embeddable":true,"href":"https:\/\/bogensportdiscount.ch\/it\/wp-json\/wp\/v2\/product_cat?post=396862"},{"taxonomy":"product_tag","embeddable":true,"href":"https:\/\/bogensportdiscount.ch\/it\/wp-json\/wp\/v2\/product_tag?post=396862"}],"curies":[{"name":"wp","href":"https:\/\/api.w.org\/{rel}","templated":true}]}}