{"id":396691,"date":"2026-04-05T14:37:48","date_gmt":"2026-04-05T12:37:48","guid":{"rendered":"https:\/\/bogensportdiscount.ch\/produkt\/horse-bow-traditional-ktb-48-25-lbs-carbon-rh-lh-string-incl\/"},"modified":"2026-04-17T19:17:50","modified_gmt":"2026-04-17T17:17:50","slug":"freddie-reiterbogen-ktb","status":"publish","type":"product","link":"https:\/\/bogensportdiscount.ch\/it\/prodotto\/freddie-reiterbogen-ktb\/","title":{"rendered":"ARCO DA CAVALLO FREDDIE ARCHERY KTB"},"content":{"rendered":"<p>Der FREDDIE KTB ist ein traditioneller Reiterbogen, der in S\u00fcdkorea gefertigt wird. Mit seiner kompakten Bauweise in zwei L\u00e4ngen (48&#8243; und 53&#8243;) eignet er sich sowohl f\u00fcr das Reiten als auch f\u00fcr das bodenst\u00e4ndige traditionelle Bogenschiessen.<\/p>\n<p>Das Zuggewicht ist in acht Stufen von 25 bis 60 LBS erh\u00e4ltlich, sodass der Bogen f\u00fcr Einsteiger ebenso wie f\u00fcr erfahrene Sch\u00fctzen geeignet ist.<\/p>\n<ul>\n<li>Zwei L\u00e4ngen: 48&#8243; und 53&#8243;<\/li>\n<li>Zuggewichte von 25 bis 60 LBS w\u00e4hlbar<\/li>\n<li>Traditionelle Reiterbogen-Bauform<\/li>\n<li>Hergestellt in S\u00fcdkorea<\/li>\n<\/ul>","protected":false},"excerpt":{"rendered":"<table>\n<tr>\n<th>Propriet\u00e0<\/th>\n<th>Valore<\/th>\n<\/tr>\n<tr>\n<td>Marchio<\/td>\n<td>Freddie Archery<\/td>\n<\/tr>\n<tr>\n<td>Peso del treno<\/td>\n<td>25 \u2013 60 LBS<\/td>\n<\/tr>\n<tr>\n<td>Lunghezza<\/td>\n<td>48&#8243; \/ 53&#8243;<\/td>\n<\/tr>\n<tr>\n<td>Herkunftsland<\/td>\n<td>S\u00fcdkorea<\/td>\n<\/tr>\n<\/table>","protected":false},"featured_media":449338,"comment_status":"open","ping_status":"closed","template":"","meta":[],"product_brand":[803],"product_cat":[3463],"product_tag":[],"class_list":{"0":"post-396691","1":"product","2":"type-product","3":"status-publish","4":"has-post-thumbnail","6":"product_brand-freddie","7":"product_cat-reiterboegen","9":"first","10":"instock","11":"shipping-taxable","12":"purchasable","13":"product-type-variable"},"_links":{"self":[{"href":"https:\/\/bogensportdiscount.ch\/it\/wp-json\/wp\/v2\/product\/396691","targetHints":{"allow":["GET"]}}],"collection":[{"href":"https:\/\/bogensportdiscount.ch\/it\/wp-json\/wp\/v2\/product"}],"about":[{"href":"https:\/\/bogensportdiscount.ch\/it\/wp-json\/wp\/v2\/types\/product"}],"replies":[{"embeddable":true,"href":"https:\/\/bogensportdiscount.ch\/it\/wp-json\/wp\/v2\/comments?post=396691"}],"wp:featuredmedia":[{"embeddable":true,"href":"https:\/\/bogensportdiscount.ch\/it\/wp-json\/wp\/v2\/media\/449338"}],"wp:attachment":[{"href":"https:\/\/bogensportdiscount.ch\/it\/wp-json\/wp\/v2\/media?parent=396691"}],"wp:term":[{"taxonomy":"product_brand","embeddable":true,"href":"https:\/\/bogensportdiscount.ch\/it\/wp-json\/wp\/v2\/product_brand?post=396691"},{"taxonomy":"product_cat","embeddable":true,"href":"https:\/\/bogensportdiscount.ch\/it\/wp-json\/wp\/v2\/product_cat?post=396691"},{"taxonomy":"product_tag","embeddable":true,"href":"https:\/\/bogensportdiscount.ch\/it\/wp-json\/wp\/v2\/product_tag?post=396691"}],"curies":[{"name":"wp","href":"https:\/\/api.w.org\/{rel}","templated":true}]}}