{"id":396666,"date":"2026-04-05T14:37:46","date_gmt":"2026-04-05T12:37:46","guid":{"rendered":"https:\/\/bogensportdiscount.ch\/produkt\/innerfit-nocks-blazer-h-e-nock-double-lock-apricot-100-pk\/"},"modified":"2026-04-17T13:44:59","modified_gmt":"2026-04-17T11:44:59","slug":"bohning-innennocken-innerfit-blazer-he-nock-double-lock","status":"publish","type":"product","link":"https:\/\/bogensportdiscount.ch\/it\/prodotto\/bohning-innennocken-innerfit-blazer-he-nock-double-lock\/","title":{"rendered":"BOHNING INNERFIT NOCKS BLAZER H.E-NOCK DOUBLE LOCK 100\/PK"},"content":{"rendered":"<p>Die BOHNING Innerfit Blazer H.E-Nock Double Lock sind Innennocken, die speziell f\u00fcr den Einsatz mit Blazer-Vanes entwickelt wurden. Der integrierte Double-Lock-Mechanismus gew\u00e4hrleistet einen zuverl\u00e4ssigen Sitz auf der Sehne und verhindert ein unbeabsichtigtes L\u00f6sen beim Schiessen.<\/p>\n<p>Als H.E-Nock (High Energy Nock) sind sie f\u00fcr den Einsatz mit modernen Compoundb\u00f6gen ausgelegt und bieten eine pr\u00e4zise F\u00fchrung am Nocken-Loop. Die Nocken werden direkt in den Pfeilschaft eingesetzt und sind f\u00fcr g\u00e4ngige Innendurchmesser konzipiert.<\/p>\n<ul>\n<li>Double-Lock-Mechanismus f\u00fcr sicheren Sehnensitz<\/li>\n<li>Kompatibel mit Blazer-Befiederung<\/li>\n<li>Erh\u00e4ltlich in 10 Farben: Black, Blue, Green, Lime, Orange, Purple, Red, Tan, Teal, White<\/li>\n<li>Prodotto negli Stati Uniti<\/li>\n<\/ul>","protected":false},"excerpt":{"rendered":"<p>Die BOHNING Innerfit Blazer H.E-Nock Double Lock sind hochwertige Innennocken f\u00fcr Pfeile mit Blazer-Vanes-Befiederung. Der Double-Lock-Mechanismus sorgt f\u00fcr sicheren Halt auf der Bogensehne. Erh\u00e4ltlich in zehn verschiedenen Farben.<\/p>","protected":false},"featured_media":449335,"comment_status":"open","ping_status":"closed","template":"","meta":[],"product_brand":[444],"product_cat":[4238],"product_tag":[],"class_list":{"0":"post-396666","1":"product","2":"type-product","3":"status-publish","4":"has-post-thumbnail","6":"product_brand-bohning","7":"product_cat-innere-nocken","9":"first","10":"instock","11":"shipping-taxable","12":"purchasable","13":"product-type-variable"},"_links":{"self":[{"href":"https:\/\/bogensportdiscount.ch\/it\/wp-json\/wp\/v2\/product\/396666","targetHints":{"allow":["GET"]}}],"collection":[{"href":"https:\/\/bogensportdiscount.ch\/it\/wp-json\/wp\/v2\/product"}],"about":[{"href":"https:\/\/bogensportdiscount.ch\/it\/wp-json\/wp\/v2\/types\/product"}],"replies":[{"embeddable":true,"href":"https:\/\/bogensportdiscount.ch\/it\/wp-json\/wp\/v2\/comments?post=396666"}],"wp:featuredmedia":[{"embeddable":true,"href":"https:\/\/bogensportdiscount.ch\/it\/wp-json\/wp\/v2\/media\/449335"}],"wp:attachment":[{"href":"https:\/\/bogensportdiscount.ch\/it\/wp-json\/wp\/v2\/media?parent=396666"}],"wp:term":[{"taxonomy":"product_brand","embeddable":true,"href":"https:\/\/bogensportdiscount.ch\/it\/wp-json\/wp\/v2\/product_brand?post=396666"},{"taxonomy":"product_cat","embeddable":true,"href":"https:\/\/bogensportdiscount.ch\/it\/wp-json\/wp\/v2\/product_cat?post=396666"},{"taxonomy":"product_tag","embeddable":true,"href":"https:\/\/bogensportdiscount.ch\/it\/wp-json\/wp\/v2\/product_tag?post=396666"}],"curies":[{"name":"wp","href":"https:\/\/api.w.org\/{rel}","templated":true}]}}