{"id":396610,"date":"2026-04-05T14:37:41","date_gmt":"2026-04-05T12:37:41","guid":{"rendered":"https:\/\/bogensportdiscount.ch\/produkt\/innerfit-nocks-hunter-super-uni-system-green-fluor-20\/"},"modified":"2026-04-17T12:19:21","modified_gmt":"2026-04-17T10:19:21","slug":"beiter-innennocken-hunter-super-uni","status":"publish","type":"product","link":"https:\/\/bogensportdiscount.ch\/it\/prodotto\/beiter-innennocken-hunter-super-uni\/","title":{"rendered":"BEITER HUNTER SUPER UNI INNERFIT NOCK"},"content":{"rendered":"<p>Die BEITER Innennocken Hunter Super Uni sind speziell f\u00fcr den Einsatz mit Jagdpfeilen entwickelt worden. Als Innennocken werden sie direkt in das hintere Ende des Pfeilschafts eingesetzt und stellen eine zuverl\u00e4ssige Verbindung zwischen Pfeil und Bogensehne sicher.<\/p>\n<p>Die \u00abSuper Uni\u00bb-Ausf\u00fchrung bietet eine breite Kompatibilit\u00e4t mit verschiedenen Pfeilschaftdurchmessern und erm\u00f6glicht damit einen flexiblen Einsatz. Die Nocken sind in den Farben Gr\u00fcn, Pink und Gelb erh\u00e4ltlich, was eine einfache Farbkodierung der eigenen Ausr\u00fcstung erm\u00f6glicht.<\/p>\n<ul>\n<li>Innennocke f\u00fcr Jagdpfeile<\/li>\n<li>Super Uni \u2013 kompatibel mit verschiedenen Pfeilschaftdurchmessern<\/li>\n<li>Erh\u00e4ltlich in Gr\u00fcn, Pink und Gelb<\/li>\n<li>Von BEITER \u2013 bekannter Hersteller f\u00fcr Bogensportzubeh\u00f6r<\/li>\n<\/ul>","protected":false},"excerpt":{"rendered":"<p><strong>Marchio:<\/strong> Beiter<\/p>","protected":false},"featured_media":452644,"comment_status":"open","ping_status":"closed","template":"","meta":[],"product_brand":[419],"product_cat":[4238],"product_tag":[],"class_list":{"0":"post-396610","1":"product","2":"type-product","3":"status-publish","4":"has-post-thumbnail","6":"product_brand-beiter","7":"product_cat-innere-nocken","9":"first","10":"instock","11":"shipping-taxable","12":"purchasable","13":"product-type-variable"},"_links":{"self":[{"href":"https:\/\/bogensportdiscount.ch\/it\/wp-json\/wp\/v2\/product\/396610","targetHints":{"allow":["GET"]}}],"collection":[{"href":"https:\/\/bogensportdiscount.ch\/it\/wp-json\/wp\/v2\/product"}],"about":[{"href":"https:\/\/bogensportdiscount.ch\/it\/wp-json\/wp\/v2\/types\/product"}],"replies":[{"embeddable":true,"href":"https:\/\/bogensportdiscount.ch\/it\/wp-json\/wp\/v2\/comments?post=396610"}],"wp:featuredmedia":[{"embeddable":true,"href":"https:\/\/bogensportdiscount.ch\/it\/wp-json\/wp\/v2\/media\/452644"}],"wp:attachment":[{"href":"https:\/\/bogensportdiscount.ch\/it\/wp-json\/wp\/v2\/media?parent=396610"}],"wp:term":[{"taxonomy":"product_brand","embeddable":true,"href":"https:\/\/bogensportdiscount.ch\/it\/wp-json\/wp\/v2\/product_brand?post=396610"},{"taxonomy":"product_cat","embeddable":true,"href":"https:\/\/bogensportdiscount.ch\/it\/wp-json\/wp\/v2\/product_cat?post=396610"},{"taxonomy":"product_tag","embeddable":true,"href":"https:\/\/bogensportdiscount.ch\/it\/wp-json\/wp\/v2\/product_tag?post=396610"}],"curies":[{"name":"wp","href":"https:\/\/api.w.org\/{rel}","templated":true}]}}