{"id":396604,"date":"2026-04-05T14:37:40","date_gmt":"2026-04-05T12:37:40","guid":{"rendered":"https:\/\/bogensportdiscount.ch\/produkt\/innerfit-nocks-hunter-ace-acc-uni-sys-orange-fluor-30\/"},"modified":"2026-04-17T12:19:03","modified_gmt":"2026-04-17T10:19:03","slug":"beiter-innernocken-hunter-ace-acc-uni","status":"publish","type":"product","link":"https:\/\/bogensportdiscount.ch\/it\/prodotto\/beiter-innernocken-hunter-ace-acc-uni\/","title":{"rendered":"BEITER HUNTER A\/C\/E - A\/C\/C INNERFIT NOCK"},"content":{"rendered":"<p>Die BEITER Innernocken Hunter sind speziell f\u00fcr den Einsatz mit Easton Ace-, ACC- sowie Universal-Sch\u00e4ften (Uni) konzipiert. Sie werden von innen in den Schaft eingesetzt und bieten eine pr\u00e4zise, reproduzierbare Auflage der Bogensehne.<\/p>\n<p>BEITER ist bekannt f\u00fcr engste Fertigungstoleranzen bei Nocken und Zubeh\u00f6r. Die Innernocken sind in vier Farben erh\u00e4ltlich, was die Zuordnung und Identifikation einzelner Pfeile im Alltag erleichtert.<\/p>\n<ul>\n<li>Kompatibel mit Ace-, ACC- und Uni-Sch\u00e4ften<\/li>\n<li>Pr\u00e4zise Passung durch enge Fertigungstoleranzen<\/li>\n<li>Erh\u00e4ltlich in Blau, Orange, Pink und Gelb<\/li>\n<li>Einfache Montage als Innernocke<\/li>\n<\/ul>","protected":false},"excerpt":{"rendered":"<p><strong>Marchio:<\/strong> Beiter<\/p>","protected":false},"featured_media":452499,"comment_status":"open","ping_status":"closed","template":"","meta":[],"product_brand":[419],"product_cat":[4238],"product_tag":[],"class_list":{"0":"post-396604","1":"product","2":"type-product","3":"status-publish","4":"has-post-thumbnail","6":"product_brand-beiter","7":"product_cat-innere-nocken","9":"first","10":"instock","11":"shipping-taxable","12":"purchasable","13":"product-type-variable"},"_links":{"self":[{"href":"https:\/\/bogensportdiscount.ch\/it\/wp-json\/wp\/v2\/product\/396604","targetHints":{"allow":["GET"]}}],"collection":[{"href":"https:\/\/bogensportdiscount.ch\/it\/wp-json\/wp\/v2\/product"}],"about":[{"href":"https:\/\/bogensportdiscount.ch\/it\/wp-json\/wp\/v2\/types\/product"}],"replies":[{"embeddable":true,"href":"https:\/\/bogensportdiscount.ch\/it\/wp-json\/wp\/v2\/comments?post=396604"}],"wp:featuredmedia":[{"embeddable":true,"href":"https:\/\/bogensportdiscount.ch\/it\/wp-json\/wp\/v2\/media\/452499"}],"wp:attachment":[{"href":"https:\/\/bogensportdiscount.ch\/it\/wp-json\/wp\/v2\/media?parent=396604"}],"wp:term":[{"taxonomy":"product_brand","embeddable":true,"href":"https:\/\/bogensportdiscount.ch\/it\/wp-json\/wp\/v2\/product_brand?post=396604"},{"taxonomy":"product_cat","embeddable":true,"href":"https:\/\/bogensportdiscount.ch\/it\/wp-json\/wp\/v2\/product_cat?post=396604"},{"taxonomy":"product_tag","embeddable":true,"href":"https:\/\/bogensportdiscount.ch\/it\/wp-json\/wp\/v2\/product_tag?post=396604"}],"curies":[{"name":"wp","href":"https:\/\/api.w.org\/{rel}","templated":true}]}}