{"id":396574,"date":"2026-04-05T14:37:37","date_gmt":"2026-04-05T12:37:37","guid":{"rendered":"https:\/\/bogensportdiscount.ch\/produkt\/risers-winstorm-25lh-blue\/"},"modified":"2026-04-17T13:44:58","modified_gmt":"2026-04-17T11:44:58","slug":"kap-recurvebogen-mittelstuck-winstorm","status":"publish","type":"product","link":"https:\/\/bogensportdiscount.ch\/it\/prodotto\/kap-recurvebogen-mittelstuck-winstorm\/","title":{"rendered":"ALZATE A MANTELLO WINSTORM"},"content":{"rendered":"<p>Das KAP Winstorm Mittelst\u00fcck ist ein Recurvebogen-Riser aus dem Sortiment des koreanischen Bogensport-Herstellers KAP. Es ist sowohl f\u00fcr Rechts- als auch f\u00fcr Linksh\u00e4nder erh\u00e4ltlich und l\u00e4sst sich in verschiedenen Farbvarianten (Schwarz, Blau, Rot, Weiss) bestellen.<\/p>\n<p>Als Mittelst\u00fcck bildet der Winstorm Riser die zentrale Komponente des Recurvebogens, an der Ober- und Unterwurfarme sowie Zubeh\u00f6r wie Visier, Stabilisatoren und Pfeilauflage befestigt werden.<\/p>\n<ul>\n<li>Erh\u00e4ltlich f\u00fcr Links- und Rechtsh\u00e4nder<\/li>\n<li>Vier Farboptionen: Schwarz, Blau, Rot, Weiss<\/li>\n<li>Standard-Recurve-Kompatibilit\u00e4t<\/li>\n<li>Von KAP, einem etablierten Hersteller im Wettkampf-Bogensport<\/li>\n<\/ul>","protected":false},"excerpt":{"rendered":"<p><strong>Marchio:<\/strong> KAP<br \/><strong>Type:<\/strong> Die-cast<br \/><strong>Recommendation:<\/strong> Max, 40lbs<br \/><strong>Materiale:<\/strong> Aluminum<br \/><strong>Pocket fitting:<\/strong> ILF<\/p>","protected":false},"featured_media":449324,"comment_status":"open","ping_status":"closed","template":"","meta":[],"product_brand":[781],"product_cat":[4519],"product_tag":[],"class_list":{"0":"post-396574","1":"product","2":"type-product","3":"status-publish","4":"has-post-thumbnail","6":"product_brand-kap","7":"product_cat-recurve-mittelteile-recurve-boegen","9":"first","10":"instock","11":"shipping-taxable","12":"purchasable","13":"product-type-variable"},"_links":{"self":[{"href":"https:\/\/bogensportdiscount.ch\/it\/wp-json\/wp\/v2\/product\/396574","targetHints":{"allow":["GET"]}}],"collection":[{"href":"https:\/\/bogensportdiscount.ch\/it\/wp-json\/wp\/v2\/product"}],"about":[{"href":"https:\/\/bogensportdiscount.ch\/it\/wp-json\/wp\/v2\/types\/product"}],"replies":[{"embeddable":true,"href":"https:\/\/bogensportdiscount.ch\/it\/wp-json\/wp\/v2\/comments?post=396574"}],"wp:featuredmedia":[{"embeddable":true,"href":"https:\/\/bogensportdiscount.ch\/it\/wp-json\/wp\/v2\/media\/449324"}],"wp:attachment":[{"href":"https:\/\/bogensportdiscount.ch\/it\/wp-json\/wp\/v2\/media?parent=396574"}],"wp:term":[{"taxonomy":"product_brand","embeddable":true,"href":"https:\/\/bogensportdiscount.ch\/it\/wp-json\/wp\/v2\/product_brand?post=396574"},{"taxonomy":"product_cat","embeddable":true,"href":"https:\/\/bogensportdiscount.ch\/it\/wp-json\/wp\/v2\/product_cat?post=396574"},{"taxonomy":"product_tag","embeddable":true,"href":"https:\/\/bogensportdiscount.ch\/it\/wp-json\/wp\/v2\/product_tag?post=396574"}],"curies":[{"name":"wp","href":"https:\/\/api.w.org\/{rel}","templated":true}]}}