{"id":396324,"date":"2026-04-05T14:37:16","date_gmt":"2026-04-05T12:37:16","guid":{"rendered":"https:\/\/bogensportdiscount.ch\/produkt\/feathers-shield-4-lw-white-100-pk\/"},"modified":"2026-04-17T13:44:55","modified_gmt":"2026-04-17T11:44:55","slug":"trueflight-naturfedern-shield-4-lw","status":"publish","type":"product","link":"https:\/\/bogensportdiscount.ch\/it\/prodotto\/trueflight-naturfedern-shield-4-lw\/","title":{"rendered":"SCUDO DI PIUME TRUEFLIGHT 4\u2033 LW 100\/PK"},"content":{"rendered":"<p>Die TRUEFLIGHT Shield 4&#8243; LW sind hochwertige Naturfedern f\u00fcr die traditionelle Pfeilbefiederung. Die Shield-Form bietet eine bew\u00e4hrte Steuerung f\u00fcr Holz- und Carbonpfeile im traditionellen Bogensport.<\/p>\n<p>Die Linksdrehung (LW) sorgt f\u00fcr einen stabilen Drall des Pfeils und damit f\u00fcr eine zuverl\u00e4ssige Flugbahn. TRUEFLIGHT Federn gelten als Qualit\u00e4tsstandard unter traditionellen Bogensch\u00fctzen und werden in den USA hergestellt.<\/p>\n<ul>\n<li>Shield-Form, 4 Zoll L\u00e4nge<\/li>\n<li>Linksdrehung (LW)<\/li>\n<li>Erh\u00e4ltlich in 11 verschiedenen Farben<\/li>\n<li>Prodotto negli Stati Uniti<\/li>\n<\/ul>","protected":false},"excerpt":{"rendered":"<p>TRUEFLIGHT Shield-Naturfedern in 4 Zoll L\u00e4nge, Linksdrehung (LW). Erh\u00e4ltlich in verschiedenen Farben: Schwarz, Blau, Braun, Grau, Gr\u00fcn, Orange, Pink, Lila, Rot, Weiss und Gelb.<\/p>","protected":false},"featured_media":452577,"comment_status":"open","ping_status":"closed","template":"","meta":[],"product_brand":[907],"product_cat":[4307],"product_tag":[],"class_list":{"0":"post-396324","1":"product","2":"type-product","3":"status-publish","4":"has-post-thumbnail","6":"product_brand-trueflight","7":"product_cat-federn-vanes-nocks-wraps","9":"first","10":"instock","11":"shipping-taxable","12":"purchasable","13":"product-type-variable"},"_links":{"self":[{"href":"https:\/\/bogensportdiscount.ch\/it\/wp-json\/wp\/v2\/product\/396324","targetHints":{"allow":["GET"]}}],"collection":[{"href":"https:\/\/bogensportdiscount.ch\/it\/wp-json\/wp\/v2\/product"}],"about":[{"href":"https:\/\/bogensportdiscount.ch\/it\/wp-json\/wp\/v2\/types\/product"}],"replies":[{"embeddable":true,"href":"https:\/\/bogensportdiscount.ch\/it\/wp-json\/wp\/v2\/comments?post=396324"}],"wp:featuredmedia":[{"embeddable":true,"href":"https:\/\/bogensportdiscount.ch\/it\/wp-json\/wp\/v2\/media\/452577"}],"wp:attachment":[{"href":"https:\/\/bogensportdiscount.ch\/it\/wp-json\/wp\/v2\/media?parent=396324"}],"wp:term":[{"taxonomy":"product_brand","embeddable":true,"href":"https:\/\/bogensportdiscount.ch\/it\/wp-json\/wp\/v2\/product_brand?post=396324"},{"taxonomy":"product_cat","embeddable":true,"href":"https:\/\/bogensportdiscount.ch\/it\/wp-json\/wp\/v2\/product_cat?post=396324"},{"taxonomy":"product_tag","embeddable":true,"href":"https:\/\/bogensportdiscount.ch\/it\/wp-json\/wp\/v2\/product_tag?post=396324"}],"curies":[{"name":"wp","href":"https:\/\/api.w.org\/{rel}","templated":true}]}}