{"id":396308,"date":"2026-04-05T14:37:15","date_gmt":"2026-04-05T12:37:15","guid":{"rendered":"https:\/\/bogensportdiscount.ch\/produkt\/feathers-shield-3-rw-solid-blue-100-pk\/"},"modified":"2026-04-17T13:44:55","modified_gmt":"2026-04-17T11:44:55","slug":"gatewayfeathers-federn-shield-3-rw-solid","status":"publish","type":"product","link":"https:\/\/bogensportdiscount.ch\/it\/prodotto\/gatewayfeathers-federn-shield-3-rw-solid\/","title":{"rendered":"GATEWAYFEATHERS PIUME SCUDO 3\u2033 RW SOLID 100\/PK"},"content":{"rendered":"<p>Die Gateway Feathers Shield 3&#8243; RW Solid sind nat\u00fcrliche Befiederungsfedern im klassischen Shield-Profil mit einer L\u00e4nge von 3 Zoll. Die rechtsdrehende (RW) Ausf\u00fchrung sorgt f\u00fcr eine stabile Pfeilrotation und damit f\u00fcr eine pr\u00e4zise Flugbahn.<\/p>\n<p>Diese Federn eignen sich f\u00fcr traditionelle Bogensch\u00fctzen und alle, die auf nat\u00fcrliche Befiederung setzen. Gateway Feathers ist ein US-amerikanischer Hersteller mit langj\u00e4hriger Erfahrung in der Produktion hochwertiger Pfeilbefiederung.<\/p>\n<ul>\n<li>Shield-Schnitt, 3 Zoll L\u00e4nge<\/li>\n<li>Rechtsdrehend (RW)<\/li>\n<li>Einfarbig (Solid) in 12 Farbvarianten erh\u00e4ltlich<\/li>\n<li>Prodotto negli Stati Uniti<\/li>\n<\/ul>","protected":false},"excerpt":{"rendered":"<p>Nat\u00fcrliche Befiederungsfedern von Gateway Feathers im Shield-Schnitt, 3 Zoll, rechtsdrehend (RW), in einfarbiger Ausf\u00fchrung (Solid). Erh\u00e4ltlich in zahlreichen Farben f\u00fcr individuelle Pfeilkonfigurationen.<\/p>","protected":false},"featured_media":453631,"comment_status":"open","ping_status":"closed","template":"","meta":[],"product_brand":[909],"product_cat":[4307],"product_tag":[],"class_list":{"0":"post-396308","1":"product","2":"type-product","3":"status-publish","4":"has-post-thumbnail","6":"product_brand-gatewayfeathers","7":"product_cat-federn-vanes-nocks-wraps","9":"first","10":"instock","11":"shipping-taxable","12":"purchasable","13":"product-type-variable"},"_links":{"self":[{"href":"https:\/\/bogensportdiscount.ch\/it\/wp-json\/wp\/v2\/product\/396308","targetHints":{"allow":["GET"]}}],"collection":[{"href":"https:\/\/bogensportdiscount.ch\/it\/wp-json\/wp\/v2\/product"}],"about":[{"href":"https:\/\/bogensportdiscount.ch\/it\/wp-json\/wp\/v2\/types\/product"}],"replies":[{"embeddable":true,"href":"https:\/\/bogensportdiscount.ch\/it\/wp-json\/wp\/v2\/comments?post=396308"}],"wp:featuredmedia":[{"embeddable":true,"href":"https:\/\/bogensportdiscount.ch\/it\/wp-json\/wp\/v2\/media\/453631"}],"wp:attachment":[{"href":"https:\/\/bogensportdiscount.ch\/it\/wp-json\/wp\/v2\/media?parent=396308"}],"wp:term":[{"taxonomy":"product_brand","embeddable":true,"href":"https:\/\/bogensportdiscount.ch\/it\/wp-json\/wp\/v2\/product_brand?post=396308"},{"taxonomy":"product_cat","embeddable":true,"href":"https:\/\/bogensportdiscount.ch\/it\/wp-json\/wp\/v2\/product_cat?post=396308"},{"taxonomy":"product_tag","embeddable":true,"href":"https:\/\/bogensportdiscount.ch\/it\/wp-json\/wp\/v2\/product_tag?post=396308"}],"curies":[{"name":"wp","href":"https:\/\/api.w.org\/{rel}","templated":true}]}}