{"id":396224,"date":"2026-04-05T14:37:07","date_gmt":"2026-04-05T12:37:07","guid":{"rendered":"https:\/\/bogensportdiscount.ch\/produkt\/feathers-round-5-lw-barred-blue-1000-pk\/"},"modified":"2026-04-17T13:44:54","modified_gmt":"2026-04-17T11:44:54","slug":"gateway-feathers-federn-round-5-lw-2","status":"publish","type":"product","link":"https:\/\/bogensportdiscount.ch\/it\/prodotto\/gateway-feathers-federn-round-5-lw-2\/","title":{"rendered":"PIUME GATEWAY 1000\/PK"},"content":{"rendered":"<p>Die Gateway Feathers Round 5&#8243; LW sind Naturfedern zur Befiederung von Holz- und Aluminiumpfeilen. Das Round-Profil sorgt f\u00fcr eine gleichm\u00e4ssige Luftf\u00fchrung und eine stabile Pfeilf\u00fchrung beim Schuss.<\/p>\n<p>Die LW-Ausf\u00fchrung (Low Weight) zeichnet sich durch ein reduziertes Gewicht aus, was sich positiv auf die Pfeilgeschwindigkeit und Flugbahn auswirkt. Die Federn eignen sich sowohl f\u00fcr traditionelle Bogensch\u00fctzen als auch f\u00fcr alle, die auf Naturbefiederung setzen.<\/p>\n<ul>\n<li>5 Zoll Round-Profil<\/li>\n<li>LW-Ausf\u00fchrung (geringes Gewicht)<\/li>\n<li>Erh\u00e4ltlich in Blue, Camo, Red und Yellow<\/li>\n<li>Prodotto negli Stati Uniti<\/li>\n<\/ul>","protected":false},"excerpt":{"rendered":"<p>Nat\u00fcrliche Befiederungsfedern von Gateway Feathers im Round-Profil, 5 Zoll L\u00e4nge, in der LW-Ausf\u00fchrung. Erh\u00e4ltlich in den Farben Blue, Camo, Red und Yellow. Hergestellt in den USA.<\/p>","protected":false},"featured_media":440327,"comment_status":"open","ping_status":"closed","template":"","meta":[],"product_brand":[909],"product_cat":[4307],"product_tag":[],"class_list":{"0":"post-396224","1":"product","2":"type-product","3":"status-publish","4":"has-post-thumbnail","6":"product_brand-gatewayfeathers","7":"product_cat-federn-vanes-nocks-wraps","9":"first","10":"instock","11":"shipping-taxable","12":"purchasable","13":"product-type-variable"},"_links":{"self":[{"href":"https:\/\/bogensportdiscount.ch\/it\/wp-json\/wp\/v2\/product\/396224","targetHints":{"allow":["GET"]}}],"collection":[{"href":"https:\/\/bogensportdiscount.ch\/it\/wp-json\/wp\/v2\/product"}],"about":[{"href":"https:\/\/bogensportdiscount.ch\/it\/wp-json\/wp\/v2\/types\/product"}],"replies":[{"embeddable":true,"href":"https:\/\/bogensportdiscount.ch\/it\/wp-json\/wp\/v2\/comments?post=396224"}],"wp:featuredmedia":[{"embeddable":true,"href":"https:\/\/bogensportdiscount.ch\/it\/wp-json\/wp\/v2\/media\/440327"}],"wp:attachment":[{"href":"https:\/\/bogensportdiscount.ch\/it\/wp-json\/wp\/v2\/media?parent=396224"}],"wp:term":[{"taxonomy":"product_brand","embeddable":true,"href":"https:\/\/bogensportdiscount.ch\/it\/wp-json\/wp\/v2\/product_brand?post=396224"},{"taxonomy":"product_cat","embeddable":true,"href":"https:\/\/bogensportdiscount.ch\/it\/wp-json\/wp\/v2\/product_cat?post=396224"},{"taxonomy":"product_tag","embeddable":true,"href":"https:\/\/bogensportdiscount.ch\/it\/wp-json\/wp\/v2\/product_tag?post=396224"}],"curies":[{"name":"wp","href":"https:\/\/api.w.org\/{rel}","templated":true}]}}