{"id":396204,"date":"2026-04-05T14:37:06","date_gmt":"2026-04-05T12:37:06","guid":{"rendered":"https:\/\/bogensportdiscount.ch\/produkt\/feathers-round-5-rw-white-100-pk\/"},"modified":"2026-04-17T13:44:54","modified_gmt":"2026-04-17T11:44:54","slug":"trueflight-federn-round-5-rw-barred","status":"publish","type":"product","link":"https:\/\/bogensportdiscount.ch\/it\/prodotto\/trueflight-federn-round-5-rw-barred\/","title":{"rendered":"PIUME TRUEFLIGHT ROTONDE 5\u2033 RW 100\/PK"},"content":{"rendered":"<p>Trueflight Federn in der klassischen Round-Form mit 5 Zoll L\u00e4nge. Diese hochwertigen Naturfasern mit RW Barred-Musterung bieten zuverl\u00e4ssige Performance und konsistente Flugcharakteristiken. Erh\u00e4ltlich in den Farben Blau und Rot.<\/p>\n<p>Die Round-Profil Federn eignen sich f\u00fcr traditionelle B\u00f6gen und sind ein bew\u00e4hrter Standard in der Bogensportszene. Mit ihrer charakteristischen Barred-Zeichnung bieten sie eine ausgezeichnete Sichtbarkeit im Schuss.<\/p>","protected":false},"excerpt":{"rendered":"<table>\n<tr>\n<th>Propriet\u00e0<\/th>\n<th>Valore<\/th>\n<\/tr>\n<tr>\n<td>Marchio<\/td>\n<td>Trueflight<\/td>\n<\/tr>\n<tr>\n<td>Dimensione<\/td>\n<td>5&#8243;<\/td>\n<\/tr>\n<tr>\n<td>Tipo<\/td>\n<td>Round RW Barred<\/td>\n<\/tr>\n<tr>\n<td>Farben<\/td>\n<td>Blau, Rot<\/td>\n<\/tr>\n<tr>\n<td>Herkunftsland<\/td>\n<td>USA<\/td>\n<\/tr>\n<\/table>","protected":false},"featured_media":452703,"comment_status":"open","ping_status":"closed","template":"","meta":[],"product_brand":[907],"product_cat":[4307],"product_tag":[],"class_list":{"0":"post-396204","1":"product","2":"type-product","3":"status-publish","4":"has-post-thumbnail","6":"product_brand-trueflight","7":"product_cat-federn-vanes-nocks-wraps","9":"first","10":"instock","11":"shipping-taxable","12":"purchasable","13":"product-type-variable"},"_links":{"self":[{"href":"https:\/\/bogensportdiscount.ch\/it\/wp-json\/wp\/v2\/product\/396204","targetHints":{"allow":["GET"]}}],"collection":[{"href":"https:\/\/bogensportdiscount.ch\/it\/wp-json\/wp\/v2\/product"}],"about":[{"href":"https:\/\/bogensportdiscount.ch\/it\/wp-json\/wp\/v2\/types\/product"}],"replies":[{"embeddable":true,"href":"https:\/\/bogensportdiscount.ch\/it\/wp-json\/wp\/v2\/comments?post=396204"}],"wp:featuredmedia":[{"embeddable":true,"href":"https:\/\/bogensportdiscount.ch\/it\/wp-json\/wp\/v2\/media\/452703"}],"wp:attachment":[{"href":"https:\/\/bogensportdiscount.ch\/it\/wp-json\/wp\/v2\/media?parent=396204"}],"wp:term":[{"taxonomy":"product_brand","embeddable":true,"href":"https:\/\/bogensportdiscount.ch\/it\/wp-json\/wp\/v2\/product_brand?post=396204"},{"taxonomy":"product_cat","embeddable":true,"href":"https:\/\/bogensportdiscount.ch\/it\/wp-json\/wp\/v2\/product_cat?post=396204"},{"taxonomy":"product_tag","embeddable":true,"href":"https:\/\/bogensportdiscount.ch\/it\/wp-json\/wp\/v2\/product_tag?post=396204"}],"curies":[{"name":"wp","href":"https:\/\/api.w.org\/{rel}","templated":true}]}}