{"id":396115,"date":"2026-04-05T14:36:59","date_gmt":"2026-04-05T12:36:59","guid":{"rendered":"https:\/\/bogensportdiscount.ch\/produkt\/feathers-round-4-rw-white-100-pk\/"},"modified":"2026-04-17T13:44:53","modified_gmt":"2026-04-17T11:44:53","slug":"trueflight-federn-round-4-zoll-rw","status":"publish","type":"product","link":"https:\/\/bogensportdiscount.ch\/it\/prodotto\/trueflight-federn-round-4-zoll-rw\/","title":{"rendered":"PIUME TRUEFLIGHT ROTONDE 4\u2033 RW 100\/PK"},"content":{"rendered":"<p>Die TRUEFLIGHT Round 4&#8243; RW sind Naturfedern f\u00fcr die Befiederung von Pfeilen. Die Round-Form bietet eine bew\u00e4hrte Aerodynamik und ist besonders im traditionellen Bogensport sowie bei Holzpfeilen weit verbreitet. Die Rechtskurve (RW \u2013 Right Wing) ist f\u00fcr Rechtsh\u00e4nder ausgelegt und sorgt f\u00fcr eine gleichm\u00e4ssige Rotation des Pfeils im Flug.<\/p>\n<p>TRUEFLIGHT gilt als einer der bekanntesten Hersteller von Naturfedern f\u00fcr den Bogensport. Die 4-Zoll-Federn eignen sich f\u00fcr eine Vielzahl von Pfeiltypen und k\u00f6nnen sowohl f\u00fcr traditionelle als auch f\u00fcr moderne B\u00f6gen verwendet werden.<\/p>\n<ul>\n<li>Gr\u00f6sse: 4 Zoll<\/li>\n<li>Form: Round<\/li>\n<li>Kurve: RW (Rechtskurve \/ Right Wing)<\/li>\n<li>Erh\u00e4ltlich in 11 Farben<\/li>\n<\/ul>","protected":false},"excerpt":{"rendered":"<p><strong>Marchio:<\/strong> Trueflight<\/p>","protected":false},"featured_media":449293,"comment_status":"open","ping_status":"closed","template":"","meta":[],"product_brand":[907],"product_cat":[4307],"product_tag":[],"class_list":{"0":"post-396115","1":"product","2":"type-product","3":"status-publish","4":"has-post-thumbnail","6":"product_brand-trueflight","7":"product_cat-federn-vanes-nocks-wraps","9":"first","10":"instock","11":"shipping-taxable","12":"purchasable","13":"product-type-variable"},"_links":{"self":[{"href":"https:\/\/bogensportdiscount.ch\/it\/wp-json\/wp\/v2\/product\/396115","targetHints":{"allow":["GET"]}}],"collection":[{"href":"https:\/\/bogensportdiscount.ch\/it\/wp-json\/wp\/v2\/product"}],"about":[{"href":"https:\/\/bogensportdiscount.ch\/it\/wp-json\/wp\/v2\/types\/product"}],"replies":[{"embeddable":true,"href":"https:\/\/bogensportdiscount.ch\/it\/wp-json\/wp\/v2\/comments?post=396115"}],"wp:featuredmedia":[{"embeddable":true,"href":"https:\/\/bogensportdiscount.ch\/it\/wp-json\/wp\/v2\/media\/449293"}],"wp:attachment":[{"href":"https:\/\/bogensportdiscount.ch\/it\/wp-json\/wp\/v2\/media?parent=396115"}],"wp:term":[{"taxonomy":"product_brand","embeddable":true,"href":"https:\/\/bogensportdiscount.ch\/it\/wp-json\/wp\/v2\/product_brand?post=396115"},{"taxonomy":"product_cat","embeddable":true,"href":"https:\/\/bogensportdiscount.ch\/it\/wp-json\/wp\/v2\/product_cat?post=396115"},{"taxonomy":"product_tag","embeddable":true,"href":"https:\/\/bogensportdiscount.ch\/it\/wp-json\/wp\/v2\/product_tag?post=396115"}],"curies":[{"name":"wp","href":"https:\/\/api.w.org\/{rel}","templated":true}]}}