{"id":395751,"date":"2026-04-05T14:36:33","date_gmt":"2026-04-05T12:36:33","guid":{"rendered":"https:\/\/bogensportdiscount.ch\/produkt\/string-material-652-spectra-ff-1-4-lbs-black-cherry\/"},"modified":"2026-04-17T13:44:49","modified_gmt":"2026-04-17T11:44:49","slug":"bcy-sehnenmaterial-652-spectra-ff","status":"publish","type":"product","link":"https:\/\/bogensportdiscount.ch\/it\/prodotto\/bcy-sehnenmaterial-652-spectra-ff\/","title":{"rendered":"MATERIALE PER CORDE BCY 652 SPECTRA FF"},"content":{"rendered":"<p>Das BCY 652 Spectra FF ist ein Sehnenmaterial, das speziell f\u00fcr den Einsatz im Bogensport-Sehnenbau entwickelt wurde. Es basiert auf Spectra-Fasern, die f\u00fcr ihre hohe Festigkeit und geringe Dehnung bekannt sind, und wird in den USA hergestellt.<\/p>\n<p>Das Material ist in einer breiten Palette von 17 Farben erh\u00e4ltlich \u2013 von klassischem Schwarz und Weiss bis hin zu lebhaften T\u00f6nen wie Orange, Pink und Teal \u2013 und erm\u00f6glicht so individuelle Sehnenkombinationen f\u00fcr verschiedene Bogentypen.<\/p>\n<ul>\n<li>Sehnenmaterial auf Spectra-Faserbasis<\/li>\n<li>Prodotto negli Stati Uniti<\/li>\n<li>Erh\u00e4ltlich in 17 Farben<\/li>\n<li>Geeignet f\u00fcr den professionellen Sehnenbau<\/li>\n<\/ul>","protected":false},"excerpt":{"rendered":"<p>Das BCY 652 Spectra FF ist ein hochwertiges Sehnenmaterial aus amerikanischer Fertigung, erh\u00e4ltlich in einer grossen Farbauswahl. Es eignet sich f\u00fcr den professionellen Sehnenbau und zeichnet sich durch die bew\u00e4hrte Spectra-Fasertechnologie von BCY aus.<\/p>","protected":false},"featured_media":449268,"comment_status":"open","ping_status":"closed","template":"","meta":[],"product_brand":[425],"product_cat":[4565],"product_tag":[],"class_list":{"0":"post-395751","1":"product","2":"type-product","3":"status-publish","4":"has-post-thumbnail","6":"product_brand-bcy","7":"product_cat-string-material","9":"first","10":"instock","11":"shipping-taxable","12":"purchasable","13":"product-type-variable"},"_links":{"self":[{"href":"https:\/\/bogensportdiscount.ch\/it\/wp-json\/wp\/v2\/product\/395751","targetHints":{"allow":["GET"]}}],"collection":[{"href":"https:\/\/bogensportdiscount.ch\/it\/wp-json\/wp\/v2\/product"}],"about":[{"href":"https:\/\/bogensportdiscount.ch\/it\/wp-json\/wp\/v2\/types\/product"}],"replies":[{"embeddable":true,"href":"https:\/\/bogensportdiscount.ch\/it\/wp-json\/wp\/v2\/comments?post=395751"}],"wp:featuredmedia":[{"embeddable":true,"href":"https:\/\/bogensportdiscount.ch\/it\/wp-json\/wp\/v2\/media\/449268"}],"wp:attachment":[{"href":"https:\/\/bogensportdiscount.ch\/it\/wp-json\/wp\/v2\/media?parent=395751"}],"wp:term":[{"taxonomy":"product_brand","embeddable":true,"href":"https:\/\/bogensportdiscount.ch\/it\/wp-json\/wp\/v2\/product_brand?post=395751"},{"taxonomy":"product_cat","embeddable":true,"href":"https:\/\/bogensportdiscount.ch\/it\/wp-json\/wp\/v2\/product_cat?post=395751"},{"taxonomy":"product_tag","embeddable":true,"href":"https:\/\/bogensportdiscount.ch\/it\/wp-json\/wp\/v2\/product_tag?post=395751"}],"curies":[{"name":"wp","href":"https:\/\/api.w.org\/{rel}","templated":true}]}}