{"id":395674,"date":"2026-04-05T14:36:28","date_gmt":"2026-04-05T12:36:28","guid":{"rendered":"https:\/\/bogensportdiscount.ch\/produkt\/string-material-8125-1-4-lbs-black\/"},"modified":"2026-04-17T13:44:49","modified_gmt":"2026-04-17T11:44:49","slug":"bcy-sehnenmaterial-8125","status":"publish","type":"product","link":"https:\/\/bogensportdiscount.ch\/it\/prodotto\/bcy-sehnenmaterial-8125\/","title":{"rendered":"MATERIALE PER CORDE BCY 8125"},"content":{"rendered":"<p>Das BCY 8125 ist ein bew\u00e4hrtes Sehnenmaterial f\u00fcr den Bogenbau, das sich f\u00fcr die Herstellung von Bogen- und Bogensehnen eignet. Es ist in zahlreichen Farben erh\u00e4ltlich und l\u00e4sst sich damit individuell auf die eigene Ausr\u00fcstung abstimmen.<\/p>\n<p>BCY geh\u00f6rt zu den bekanntesten Herstellern von Sehnenmaterialien im Bogensport. Das 8125 wird in den USA gefertigt und ist eine verbreitete Wahl sowohl bei Recurve- als auch bei Compoundsch\u00fctzen.<\/p>\n<ul>\n<li>Breite Farbauswahl mit 19 verschiedenen Farben<\/li>\n<li>Herstellung in den USA<\/li>\n<li>Geeignet f\u00fcr den professionellen Sehnenbau<\/li>\n<li>Von BCY, einem f\u00fchrenden Hersteller f\u00fcr Sehnenmaterialien<\/li>\n<\/ul>","protected":false},"excerpt":{"rendered":"<table>\n<tr>\n<th>Propriet\u00e0<\/th>\n<th>Valore<\/th>\n<\/tr>\n<tr>\n<td>Marchio<\/td>\n<td>BCY<\/td>\n<\/tr>\n<tr>\n<td>Modell<\/td>\n<td>8125<\/td>\n<\/tr>\n<tr>\n<td>Herkunftsland<\/td>\n<td>USA<\/td>\n<\/tr>\n<tr>\n<td>Verf\u00fcgbare Farben<\/td>\n<td>Black, Blue, Bronze, Brown, Camo, Gold, Green, Od Green, Olive, Orange, Pink, Purple, Red, Sand, Silver, Tan, Teal, White, Yellow<\/td>\n<\/tr>\n<\/table>","protected":false},"featured_media":449267,"comment_status":"open","ping_status":"closed","template":"","meta":[],"product_brand":[425],"product_cat":[4565],"product_tag":[],"class_list":{"0":"post-395674","1":"product","2":"type-product","3":"status-publish","4":"has-post-thumbnail","6":"product_brand-bcy","7":"product_cat-string-material","9":"first","10":"instock","11":"shipping-taxable","12":"purchasable","13":"product-type-variable"},"_links":{"self":[{"href":"https:\/\/bogensportdiscount.ch\/it\/wp-json\/wp\/v2\/product\/395674","targetHints":{"allow":["GET"]}}],"collection":[{"href":"https:\/\/bogensportdiscount.ch\/it\/wp-json\/wp\/v2\/product"}],"about":[{"href":"https:\/\/bogensportdiscount.ch\/it\/wp-json\/wp\/v2\/types\/product"}],"replies":[{"embeddable":true,"href":"https:\/\/bogensportdiscount.ch\/it\/wp-json\/wp\/v2\/comments?post=395674"}],"wp:featuredmedia":[{"embeddable":true,"href":"https:\/\/bogensportdiscount.ch\/it\/wp-json\/wp\/v2\/media\/449267"}],"wp:attachment":[{"href":"https:\/\/bogensportdiscount.ch\/it\/wp-json\/wp\/v2\/media?parent=395674"}],"wp:term":[{"taxonomy":"product_brand","embeddable":true,"href":"https:\/\/bogensportdiscount.ch\/it\/wp-json\/wp\/v2\/product_brand?post=395674"},{"taxonomy":"product_cat","embeddable":true,"href":"https:\/\/bogensportdiscount.ch\/it\/wp-json\/wp\/v2\/product_cat?post=395674"},{"taxonomy":"product_tag","embeddable":true,"href":"https:\/\/bogensportdiscount.ch\/it\/wp-json\/wp\/v2\/product_tag?post=395674"}],"curies":[{"name":"wp","href":"https:\/\/api.w.org\/{rel}","templated":true}]}}