{"id":395627,"date":"2026-04-05T14:36:24","date_gmt":"2026-04-05T12:36:24","guid":{"rendered":"https:\/\/bogensportdiscount.ch\/produkt\/foam-target-centres-dura-white-round-center-dia-30cm-x-21cm\/"},"modified":"2026-04-19T11:53:43","modified_gmt":"2026-04-19T09:53:43","slug":"avalon-schaum-zielscheibeneinsatz-dura-white-rund","status":"publish","type":"product","link":"https:\/\/bogensportdiscount.ch\/it\/prodotto\/avalon-schaum-zielscheibeneinsatz-dura-white-rund\/","title":{"rendered":"AVALON SCHAUM ZIEL ZENTREN DURA WHITE ROUND CENTER dia."},"content":{"rendered":"<p>Der AVALON Dura White Zielscheibeneinsatz besteht aus robustem Schaumstoff und ist als runder Mitteleinsatz (Center) f\u00fcr Sackziele konzipiert. Dank der verschiedenen verf\u00fcgbaren Durchmesser (10 cm, 12 cm, 19 cm und 30 cm) l\u00e4sst er sich in unterschiedliche Zielrahmen und Sackziele einsetzen.<\/p>\n<p>Der weisse Untergrund bietet einen guten Kontrast f\u00fcr Zielauflagen und Auflagebl\u00e4tter. Als auswechselbarer Einsatz verl\u00e4ngert er die Lebensdauer des gesamten Zielsystems, da nur der verschlissene Mittelteil ersetzt werden muss.<\/p>\n<ul>\n<li>Runder Schaum-Mitteleinsatz f\u00fcr Sackziele<\/li>\n<li>Erh\u00e4ltlich in vier Durchmessern: 10, 12, 19 und 30 cm<\/li>\n<li>Weisse Oberfl\u00e4che f\u00fcr guten Kontrast<\/li>\n<li>Sostituzione semplice in caso di usura<\/li>\n<\/ul>","protected":false},"excerpt":{"rendered":"<p><strong>Marchio:<\/strong> Avalon<\/p>","protected":false},"featured_media":449262,"comment_status":"open","ping_status":"closed","template":"","meta":[],"product_brand":[449],"product_cat":[4338],"product_tag":[],"class_list":{"0":"post-395627","1":"product","2":"type-product","3":"status-publish","4":"has-post-thumbnail","6":"product_brand-avalon","7":"product_cat-center-teilen-fuer-ziele","9":"first","10":"outofstock","11":"shipping-taxable","12":"purchasable","13":"product-type-variable"},"_links":{"self":[{"href":"https:\/\/bogensportdiscount.ch\/it\/wp-json\/wp\/v2\/product\/395627","targetHints":{"allow":["GET"]}}],"collection":[{"href":"https:\/\/bogensportdiscount.ch\/it\/wp-json\/wp\/v2\/product"}],"about":[{"href":"https:\/\/bogensportdiscount.ch\/it\/wp-json\/wp\/v2\/types\/product"}],"replies":[{"embeddable":true,"href":"https:\/\/bogensportdiscount.ch\/it\/wp-json\/wp\/v2\/comments?post=395627"}],"wp:featuredmedia":[{"embeddable":true,"href":"https:\/\/bogensportdiscount.ch\/it\/wp-json\/wp\/v2\/media\/449262"}],"wp:attachment":[{"href":"https:\/\/bogensportdiscount.ch\/it\/wp-json\/wp\/v2\/media?parent=395627"}],"wp:term":[{"taxonomy":"product_brand","embeddable":true,"href":"https:\/\/bogensportdiscount.ch\/it\/wp-json\/wp\/v2\/product_brand?post=395627"},{"taxonomy":"product_cat","embeddable":true,"href":"https:\/\/bogensportdiscount.ch\/it\/wp-json\/wp\/v2\/product_cat?post=395627"},{"taxonomy":"product_tag","embeddable":true,"href":"https:\/\/bogensportdiscount.ch\/it\/wp-json\/wp\/v2\/product_tag?post=395627"}],"curies":[{"name":"wp","href":"https:\/\/api.w.org\/{rel}","templated":true}]}}