{"id":395591,"date":"2026-04-05T14:36:22","date_gmt":"2026-04-05T12:36:22","guid":{"rendered":"https:\/\/bogensportdiscount.ch\/produkt\/string-material-dacron-b50-1-lbs-fluor-yellow\/"},"modified":"2026-04-17T13:44:48","modified_gmt":"2026-04-17T11:44:48","slug":"brownell-sehnenmaterial-dacron-b50-1-lbs","status":"publish","type":"product","link":"https:\/\/bogensportdiscount.ch\/it\/prodotto\/brownell-sehnenmaterial-dacron-b50-1-lbs\/","title":{"rendered":"MATERIALE PER CORDE BROWNELL DACRON B50 1 LBS"},"content":{"rendered":"<p>Das Dacron B50 von BROWNELL ist eines der bekanntesten und bew\u00e4hrtesten Sehnenmaterialien im Bogensport. Es besteht aus Dacron (Polyester) und zeichnet sich durch seine Geschmeidigkeit, Dehnbarkeit und Vertr\u00e4glichkeit mit \u00e4lteren oder empfindlichen Bogenlimbs aus. Die moderate Dehnung macht es ideal f\u00fcr Holzb\u00f6gen, Langb\u00f6gen und Recurveb\u00f6gen ohne Sehnenrollen.<\/p>\n<p>Das Material wird in der praktischen 1-lbs-Spule angeboten, die ausreichend Material f\u00fcr zahlreiche Sehnen liefert. Dank der Verf\u00fcgbarkeit in mehreren Farben l\u00e4sst sich das Sehnenmaterial individuell einsetzen.<\/p>\n<ul>\n<li>Bew\u00e4hrtes Dacron (Polyester) Sehnenmaterial<\/li>\n<li>Geeignet f\u00fcr traditionelle B\u00f6gen, Langb\u00f6gen und Recurveb\u00f6gen<\/li>\n<li>1 lbs Spule f\u00fcr umfangreichen Vorrat<\/li>\n<li>Erh\u00e4ltlich in Braun, Gr\u00fcn, Grau, Lila und Gelb<\/li>\n<\/ul>","protected":false},"excerpt":{"rendered":"<p><strong>Marchio:<\/strong> Brownell<\/p>","protected":false},"featured_media":449255,"comment_status":"open","ping_status":"closed","template":"","meta":[],"product_brand":[592],"product_cat":[4565],"product_tag":[],"class_list":{"0":"post-395591","1":"product","2":"type-product","3":"status-publish","4":"has-post-thumbnail","6":"product_brand-brownell","7":"product_cat-string-material","9":"first","10":"instock","11":"shipping-taxable","12":"purchasable","13":"product-type-variable"},"_links":{"self":[{"href":"https:\/\/bogensportdiscount.ch\/it\/wp-json\/wp\/v2\/product\/395591","targetHints":{"allow":["GET"]}}],"collection":[{"href":"https:\/\/bogensportdiscount.ch\/it\/wp-json\/wp\/v2\/product"}],"about":[{"href":"https:\/\/bogensportdiscount.ch\/it\/wp-json\/wp\/v2\/types\/product"}],"replies":[{"embeddable":true,"href":"https:\/\/bogensportdiscount.ch\/it\/wp-json\/wp\/v2\/comments?post=395591"}],"wp:featuredmedia":[{"embeddable":true,"href":"https:\/\/bogensportdiscount.ch\/it\/wp-json\/wp\/v2\/media\/449255"}],"wp:attachment":[{"href":"https:\/\/bogensportdiscount.ch\/it\/wp-json\/wp\/v2\/media?parent=395591"}],"wp:term":[{"taxonomy":"product_brand","embeddable":true,"href":"https:\/\/bogensportdiscount.ch\/it\/wp-json\/wp\/v2\/product_brand?post=395591"},{"taxonomy":"product_cat","embeddable":true,"href":"https:\/\/bogensportdiscount.ch\/it\/wp-json\/wp\/v2\/product_cat?post=395591"},{"taxonomy":"product_tag","embeddable":true,"href":"https:\/\/bogensportdiscount.ch\/it\/wp-json\/wp\/v2\/product_tag?post=395591"}],"curies":[{"name":"wp","href":"https:\/\/api.w.org\/{rel}","templated":true}]}}