{"id":395575,"date":"2026-04-05T14:36:21","date_gmt":"2026-04-05T12:36:21","guid":{"rendered":"https:\/\/bogensportdiscount.ch\/produkt\/string-material-dacron-b50-1-4-lbs-dark-brown\/"},"modified":"2026-04-17T13:44:47","modified_gmt":"2026-04-17T11:44:47","slug":"brownell-sehnenmaterial-dacron-b50-viertel-lbs","status":"publish","type":"product","link":"https:\/\/bogensportdiscount.ch\/it\/prodotto\/brownell-sehnenmaterial-dacron-b50-viertel-lbs\/","title":{"rendered":"MATERIALE DELLE CORDE BROWNELL DACRON B50 1\/4 LBS"},"content":{"rendered":"<p>Das Dacron B50 von BROWNELL ist eines der bekanntesten und bew\u00e4hrtesten Sehnenmaterialien im Bogensport. Es wird aus Dacron-Polyester gefertigt und zeichnet sich durch seine Dehnungseigenschaften aus, die es besonders schonend f\u00fcr \u00e4ltere B\u00f6gen oder B\u00f6gen ohne Schussabsorber machen.<\/p>\n<p>Das Material wird auf einer 1\/4-lbs-Spule geliefert und erm\u00f6glicht die Herstellung mehrerer Sehnen. Es ist in den Farben Brown, Green, Purple und Yellow erh\u00e4ltlich.<\/p>\n<ul>\n<li>Bew\u00e4hrtes Dacron-Polyester-Sehnenmaterial<\/li>\n<li>Geeignet f\u00fcr traditionelle B\u00f6gen und Langb\u00f6gen<\/li>\n<li>1\/4-lbs-Spule f\u00fcr mehrere Sehnenherstellungen<\/li>\n<li>Erh\u00e4ltlich in vier Farben<\/li>\n<\/ul>","protected":false},"excerpt":{"rendered":"<p><strong>Marchio:<\/strong> Brownell<\/p>","protected":false},"featured_media":449253,"comment_status":"open","ping_status":"closed","template":"","meta":[],"product_brand":[592],"product_cat":[4565],"product_tag":[],"class_list":{"0":"post-395575","1":"product","2":"type-product","3":"status-publish","4":"has-post-thumbnail","6":"product_brand-brownell","7":"product_cat-string-material","9":"first","10":"instock","11":"shipping-taxable","12":"purchasable","13":"product-type-variable"},"_links":{"self":[{"href":"https:\/\/bogensportdiscount.ch\/it\/wp-json\/wp\/v2\/product\/395575","targetHints":{"allow":["GET"]}}],"collection":[{"href":"https:\/\/bogensportdiscount.ch\/it\/wp-json\/wp\/v2\/product"}],"about":[{"href":"https:\/\/bogensportdiscount.ch\/it\/wp-json\/wp\/v2\/types\/product"}],"replies":[{"embeddable":true,"href":"https:\/\/bogensportdiscount.ch\/it\/wp-json\/wp\/v2\/comments?post=395575"}],"wp:featuredmedia":[{"embeddable":true,"href":"https:\/\/bogensportdiscount.ch\/it\/wp-json\/wp\/v2\/media\/449253"}],"wp:attachment":[{"href":"https:\/\/bogensportdiscount.ch\/it\/wp-json\/wp\/v2\/media?parent=395575"}],"wp:term":[{"taxonomy":"product_brand","embeddable":true,"href":"https:\/\/bogensportdiscount.ch\/it\/wp-json\/wp\/v2\/product_brand?post=395575"},{"taxonomy":"product_cat","embeddable":true,"href":"https:\/\/bogensportdiscount.ch\/it\/wp-json\/wp\/v2\/product_cat?post=395575"},{"taxonomy":"product_tag","embeddable":true,"href":"https:\/\/bogensportdiscount.ch\/it\/wp-json\/wp\/v2\/product_tag?post=395575"}],"curies":[{"name":"wp","href":"https:\/\/api.w.org\/{rel}","templated":true}]}}