{"id":395566,"date":"2026-04-05T14:36:20","date_gmt":"2026-04-05T12:36:20","guid":{"rendered":"https:\/\/bogensportdiscount.ch\/produkt\/limb-dampers-v-flex-limb-string-damper-black-1-pr\/"},"modified":"2026-04-17T13:44:47","modified_gmt":"2026-04-17T11:44:47","slug":"flexarchery-wurfarmdaempfer-v-flex-limb-string-damper","status":"publish","type":"product","link":"https:\/\/bogensportdiscount.ch\/it\/prodotto\/flexarchery-wurfarmdaempfer-v-flex-limb-string-damper\/","title":{"rendered":"SMORZATORI PER ARTI FLEXARCHERY SMORZATORE PER ARTI V-FLEX 1\/PR"},"content":{"rendered":"<p>Der FLEXARCHERY V-Flex Limb-String Damper ist ein Zubeh\u00f6r zur Schwingungsd\u00e4mpfung am Bogen. Er wird an den Wurfarmen montiert und mindert Vibrationen sowie Ger\u00e4usche, die beim Abschuss entstehen.<\/p>\n<p>Der D\u00e4mpfer eignet sich als Erg\u00e4nzung f\u00fcr Recurve- und Langbogen und ist in sechs verschiedenen Farben erh\u00e4ltlich, sodass er sich optisch an unterschiedliche Bogensetups anpassen l\u00e4sst.<\/p>\n<ul>\n<li>Einsatz als Wurfarm- und Sehnend\u00e4mpfer<\/li>\n<li>Reduziert Vibrationen und Abschussger\u00e4usche<\/li>\n<li>Erh\u00e4ltlich in Black, Green, Orange, Pink, White und Yellow<\/li>\n<li>Einfache Montage am Wurfarm<\/li>\n<\/ul>","protected":false},"excerpt":{"rendered":"<p><strong>Marchio:<\/strong> Flex-Archery<\/p>","protected":false},"featured_media":449251,"comment_status":"open","ping_status":"closed","template":"","meta":[],"product_brand":[447],"product_cat":[4614],"product_tag":[],"class_list":{"0":"post-395566","1":"product","2":"type-product","3":"status-publish","4":"has-post-thumbnail","6":"product_brand-flexarchery","7":"product_cat-wurfarm-daempfer","9":"first","10":"instock","11":"shipping-taxable","12":"purchasable","13":"product-type-variable"},"_links":{"self":[{"href":"https:\/\/bogensportdiscount.ch\/it\/wp-json\/wp\/v2\/product\/395566","targetHints":{"allow":["GET"]}}],"collection":[{"href":"https:\/\/bogensportdiscount.ch\/it\/wp-json\/wp\/v2\/product"}],"about":[{"href":"https:\/\/bogensportdiscount.ch\/it\/wp-json\/wp\/v2\/types\/product"}],"replies":[{"embeddable":true,"href":"https:\/\/bogensportdiscount.ch\/it\/wp-json\/wp\/v2\/comments?post=395566"}],"wp:featuredmedia":[{"embeddable":true,"href":"https:\/\/bogensportdiscount.ch\/it\/wp-json\/wp\/v2\/media\/449251"}],"wp:attachment":[{"href":"https:\/\/bogensportdiscount.ch\/it\/wp-json\/wp\/v2\/media?parent=395566"}],"wp:term":[{"taxonomy":"product_brand","embeddable":true,"href":"https:\/\/bogensportdiscount.ch\/it\/wp-json\/wp\/v2\/product_brand?post=395566"},{"taxonomy":"product_cat","embeddable":true,"href":"https:\/\/bogensportdiscount.ch\/it\/wp-json\/wp\/v2\/product_cat?post=395566"},{"taxonomy":"product_tag","embeddable":true,"href":"https:\/\/bogensportdiscount.ch\/it\/wp-json\/wp\/v2\/product_tag?post=395566"}],"curies":[{"name":"wp","href":"https:\/\/api.w.org\/{rel}","templated":true}]}}