{"id":395472,"date":"2026-04-05T14:36:10","date_gmt":"2026-04-05T12:36:10","guid":{"rendered":"https:\/\/bogensportdiscount.ch\/produkt\/eros-130x17-5x30cm-cassette-2-pack\/"},"modified":"2026-04-19T11:53:43","modified_gmt":"2026-04-19T09:53:43","slug":"targettech-sackziel-eros-95x175x30cm-kassette-2er-pack","status":"publish","type":"product","link":"https:\/\/bogensportdiscount.ch\/it\/prodotto\/targettech-sackziel-eros-95x175x30cm-kassette-2er-pack\/","title":{"rendered":"TARGETTECH EROS CASSETTE 2\/pack"},"content":{"rendered":"<p>Das TARGETTECH Eros Sackziel ist in einer Kassettenbauweise gefertigt und wird im 2er-Pack geliefert. Mit den Abmessungen 95 x 17.5 x 30 cm bietet es eine grossz\u00fcgige Trefferfl\u00e4che f\u00fcr den Trainings- und Wettkampfeinsatz.<\/p>\n<p>Die Kassettenform erleichtert den Wechsel des Zieleinsatzes, sobald dieser verschlissen ist \u2013 ein praktischer Vorteil f\u00fcr den regelm\u00e4ssigen Schiessbetrieb. Das Modell eignet sich f\u00fcr verschiedene Bogenarten im Sackziel-Bereich.<\/p>\n<ul>\n<li>Abmessungen: 95 x 17.5 x 30 cm<\/li>\n<li>Kassettenbauweise f\u00fcr einfachen Einsatzwechsel<\/li>\n<li>2 Kassetten im Lieferumfang<\/li>\n<li>Adatto per l'allenamento regolare<\/li>\n<\/ul>","protected":false},"excerpt":{"rendered":"<p><strong>Marchio:<\/strong> Target Tech<\/p>","protected":false},"featured_media":449232,"comment_status":"open","ping_status":"closed","template":"","meta":[],"product_brand":[857],"product_cat":[4338],"product_tag":[],"class_list":{"0":"post-395472","1":"product","2":"type-product","3":"status-publish","4":"has-post-thumbnail","6":"product_brand-targettech","7":"product_cat-center-teilen-fuer-ziele","9":"first","10":"outofstock","11":"shipping-taxable","12":"purchasable","13":"product-type-variable"},"_links":{"self":[{"href":"https:\/\/bogensportdiscount.ch\/it\/wp-json\/wp\/v2\/product\/395472","targetHints":{"allow":["GET"]}}],"collection":[{"href":"https:\/\/bogensportdiscount.ch\/it\/wp-json\/wp\/v2\/product"}],"about":[{"href":"https:\/\/bogensportdiscount.ch\/it\/wp-json\/wp\/v2\/types\/product"}],"replies":[{"embeddable":true,"href":"https:\/\/bogensportdiscount.ch\/it\/wp-json\/wp\/v2\/comments?post=395472"}],"wp:featuredmedia":[{"embeddable":true,"href":"https:\/\/bogensportdiscount.ch\/it\/wp-json\/wp\/v2\/media\/449232"}],"wp:attachment":[{"href":"https:\/\/bogensportdiscount.ch\/it\/wp-json\/wp\/v2\/media?parent=395472"}],"wp:term":[{"taxonomy":"product_brand","embeddable":true,"href":"https:\/\/bogensportdiscount.ch\/it\/wp-json\/wp\/v2\/product_brand?post=395472"},{"taxonomy":"product_cat","embeddable":true,"href":"https:\/\/bogensportdiscount.ch\/it\/wp-json\/wp\/v2\/product_cat?post=395472"},{"taxonomy":"product_tag","embeddable":true,"href":"https:\/\/bogensportdiscount.ch\/it\/wp-json\/wp\/v2\/product_tag?post=395472"}],"curies":[{"name":"wp","href":"https:\/\/api.w.org\/{rel}","templated":true}]}}