{"id":395450,"date":"2026-04-05T14:36:08","date_gmt":"2026-04-05T12:36:08","guid":{"rendered":"https:\/\/bogensportdiscount.ch\/produkt\/foam-target-in-format-quatro-60x60x24cm\/"},"modified":"2026-04-17T13:33:16","modified_gmt":"2026-04-17T11:33:16","slug":"refo-schaumstoff-sackziel-quatro","status":"publish","type":"product","link":"https:\/\/bogensportdiscount.ch\/it\/prodotto\/refo-schaumstoff-sackziel-quatro\/","title":{"rendered":"OBIETTIVO SCHIUMA REFO IN FORMATO QUATRO"},"content":{"rendered":"<p>Das REFO Quatro Schaumstoff-Sackziel ist in drei verschiedenen Formaten erh\u00e4ltlich und l\u00e4sst sich so an unterschiedliche Trainingsanforderungen und Platzverh\u00e4ltnisse anpassen. Die Abmessungen reichen von 60\u00d760\u00d724 cm f\u00fcr den kompakten Einsatz bis hin zu 130\u00d7130\u00d724 cm f\u00fcr gr\u00f6ssere Trainingsfl\u00e4chen.<\/p>\n<p>Schaumstoffziele dieser Art sind f\u00fcr das Trainingsschiesssen mit Pfeilen ausgelegt und erm\u00f6glichen eine einfache Pfeilentnahme. Das Format Quatro eignet sich f\u00fcr verschiedene Bogendisziplinen und Leistungsstufen.<\/p>\n<ul>\n<li>Erh\u00e4ltlich in drei Gr\u00f6ssen: 60\u00d760, 90\u00d790 und 130\u00d7130 cm<\/li>\n<li>Einheitliche Tiefe von 24 cm<\/li>\n<li>Geeignet f\u00fcr Indoor- und Outdoor-Training<\/li>\n<li>Schaumstoffkonstruktion f\u00fcr einfache Pfeilentnahme<\/li>\n<\/ul>","protected":false},"excerpt":{"rendered":"<p><strong>Marchio:<\/strong> Refo<\/p>","protected":false},"featured_media":440378,"comment_status":"open","ping_status":"closed","template":"","meta":[],"product_brand":[799],"product_cat":[4339],"product_tag":[],"class_list":{"0":"post-395450","1":"product","2":"type-product","3":"status-publish","4":"has-post-thumbnail","6":"product_brand-refo","7":"product_cat-ziele-im-schaum","9":"first","10":"instock","11":"shipping-taxable","12":"purchasable","13":"product-type-variable"},"_links":{"self":[{"href":"https:\/\/bogensportdiscount.ch\/it\/wp-json\/wp\/v2\/product\/395450","targetHints":{"allow":["GET"]}}],"collection":[{"href":"https:\/\/bogensportdiscount.ch\/it\/wp-json\/wp\/v2\/product"}],"about":[{"href":"https:\/\/bogensportdiscount.ch\/it\/wp-json\/wp\/v2\/types\/product"}],"replies":[{"embeddable":true,"href":"https:\/\/bogensportdiscount.ch\/it\/wp-json\/wp\/v2\/comments?post=395450"}],"wp:featuredmedia":[{"embeddable":true,"href":"https:\/\/bogensportdiscount.ch\/it\/wp-json\/wp\/v2\/media\/440378"}],"wp:attachment":[{"href":"https:\/\/bogensportdiscount.ch\/it\/wp-json\/wp\/v2\/media?parent=395450"}],"wp:term":[{"taxonomy":"product_brand","embeddable":true,"href":"https:\/\/bogensportdiscount.ch\/it\/wp-json\/wp\/v2\/product_brand?post=395450"},{"taxonomy":"product_cat","embeddable":true,"href":"https:\/\/bogensportdiscount.ch\/it\/wp-json\/wp\/v2\/product_cat?post=395450"},{"taxonomy":"product_tag","embeddable":true,"href":"https:\/\/bogensportdiscount.ch\/it\/wp-json\/wp\/v2\/product_tag?post=395450"}],"curies":[{"name":"wp","href":"https:\/\/api.w.org\/{rel}","templated":true}]}}