{"id":395442,"date":"2026-04-05T14:36:07","date_gmt":"2026-04-05T12:36:07","guid":{"rendered":"https:\/\/bogensportdiscount.ch\/produkt\/foam-target-in-format-double-60x60x12cm\/"},"modified":"2026-04-17T13:33:15","modified_gmt":"2026-04-17T11:33:15","slug":"refo-schaumstoff-zielscheibe-foam-target-in-format-double","status":"publish","type":"product","link":"https:\/\/bogensportdiscount.ch\/it\/prodotto\/refo-schaumstoff-zielscheibe-foam-target-in-format-double\/","title":{"rendered":"OBIETTIVO DI SCHIUMA REFO IN FORMATO DOPPIO"},"content":{"rendered":"<p>Die REFO Foam Target In Format Double ist ein Schaumstoff-Sackziel f\u00fcr den regelm\u00e4ssigen Trainingsbetrieb im Bogensport. Mit einer einheitlichen Tiefe von 12 cm ist die Scheibe auf einen sicheren Pfeilfang ausgelegt und eignet sich f\u00fcr den Einsatz im Freien sowie in der Halle.<\/p>\n<p>Das Ziel ist in drei verschiedenen Formaten erh\u00e4ltlich \u2013 60x60x12 cm, 80x80x12 cm und 130x130x12 cm \u2013 und deckt damit Bed\u00fcrfnisse vom Einzeltraining bis hin zur Nutzung auf gr\u00f6sseren Schiessanlagen ab. Die quadratische Form erm\u00f6glicht eine flexible Aufstellung und Befestigung.<\/p>\n<ul>\n<li>Drei Gr\u00f6ssen: 60&#215;60, 80&#215;80 und 130&#215;130 cm<\/li>\n<li>St\u00e4rke 12 cm f\u00fcr zuverl\u00e4ssigen Pfeilfang<\/li>\n<li>Geeignet f\u00fcr Training in der Halle und im Freien<\/li>\n<li>Schaumstoffkonstruktion f\u00fcr einfache Pfeilentnahme<\/li>\n<\/ul>","protected":false},"excerpt":{"rendered":"<p><strong>Marchio:<\/strong> Refo<\/p>","protected":false},"featured_media":449222,"comment_status":"open","ping_status":"closed","template":"","meta":[],"product_brand":[799],"product_cat":[4339],"product_tag":[],"class_list":{"0":"post-395442","1":"product","2":"type-product","3":"status-publish","4":"has-post-thumbnail","6":"product_brand-refo","7":"product_cat-ziele-im-schaum","9":"first","10":"instock","11":"shipping-taxable","12":"purchasable","13":"product-type-variable"},"_links":{"self":[{"href":"https:\/\/bogensportdiscount.ch\/it\/wp-json\/wp\/v2\/product\/395442","targetHints":{"allow":["GET"]}}],"collection":[{"href":"https:\/\/bogensportdiscount.ch\/it\/wp-json\/wp\/v2\/product"}],"about":[{"href":"https:\/\/bogensportdiscount.ch\/it\/wp-json\/wp\/v2\/types\/product"}],"replies":[{"embeddable":true,"href":"https:\/\/bogensportdiscount.ch\/it\/wp-json\/wp\/v2\/comments?post=395442"}],"wp:featuredmedia":[{"embeddable":true,"href":"https:\/\/bogensportdiscount.ch\/it\/wp-json\/wp\/v2\/media\/449222"}],"wp:attachment":[{"href":"https:\/\/bogensportdiscount.ch\/it\/wp-json\/wp\/v2\/media?parent=395442"}],"wp:term":[{"taxonomy":"product_brand","embeddable":true,"href":"https:\/\/bogensportdiscount.ch\/it\/wp-json\/wp\/v2\/product_brand?post=395442"},{"taxonomy":"product_cat","embeddable":true,"href":"https:\/\/bogensportdiscount.ch\/it\/wp-json\/wp\/v2\/product_cat?post=395442"},{"taxonomy":"product_tag","embeddable":true,"href":"https:\/\/bogensportdiscount.ch\/it\/wp-json\/wp\/v2\/product_tag?post=395442"}],"curies":[{"name":"wp","href":"https:\/\/api.w.org\/{rel}","templated":true}]}}