{"id":395192,"date":"2026-04-05T14:35:39","date_gmt":"2026-04-05T12:35:39","guid":{"rendered":"https:\/\/bogensportdiscount.ch\/produkt\/wrist-slings-pbse-with-leather-mount-black-e1\/"},"modified":"2026-04-17T13:33:13","modified_gmt":"2026-04-17T11:33:13","slug":"paradox-handgelenkschlinge-pbse-mit-lederhalterung","status":"publish","type":"product","link":"https:\/\/bogensportdiscount.ch\/it\/prodotto\/paradox-handgelenkschlinge-pbse-mit-lederhalterung\/","title":{"rendered":"IMBRACATURA DA POLSO PARADOX PBSE CON SUPPORTO IN PELLE"},"content":{"rendered":"<p>Die PARADOX Handgelenkschlinge PBSE mit Lederhalterung ist eine Schlingen-L\u00f6sung f\u00fcr Bogensch\u00fctzen, die beim Abschuss eine sichere und komfortable Verbindung zwischen Hand und Bogen suchen. Die Lederhalterung sorgt f\u00fcr eine stabile Befestigung und einen angenehmen Tragekomfort.<\/p>\n<p>Das Modell ist in zahlreichen Farbvarianten erh\u00e4ltlich \u2013 von klassischem Schwarz \u00fcber Camouflage bis hin zu auff\u00e4lligen Farben wie Orange oder Rot \u2013 und l\u00e4sst sich so dem pers\u00f6nlichen Stil anpassen.<\/p>\n<ul>\n<li>Handgelenkschlinge mit Lederhalterung<\/li>\n<li>Geeignet f\u00fcr den Bogensport<\/li>\n<li>Erh\u00e4ltlich in 9 Farbvarianten<\/li>\n<li>Prodotto negli Stati Uniti<\/li>\n<\/ul>","protected":false},"excerpt":{"rendered":"<p>Die PARADOX Handgelenkschlinge PBSE ist mit einer hochwertigen Lederhalterung ausgestattet und eignet sich f\u00fcr den Einsatz beim Bogenschiessen. Erh\u00e4ltlich in verschiedenen Farben.<\/p>","protected":false},"featured_media":449138,"comment_status":"open","ping_status":"closed","template":"","meta":[],"product_brand":[793],"product_cat":[4332],"product_tag":[],"class_list":{"0":"post-395192","1":"product","2":"type-product","3":"status-publish","4":"has-post-thumbnail","6":"product_brand-paradox","7":"product_cat-bogen-handgelenkschlinge","9":"first","10":"instock","11":"shipping-taxable","12":"purchasable","13":"product-type-variable"},"_links":{"self":[{"href":"https:\/\/bogensportdiscount.ch\/it\/wp-json\/wp\/v2\/product\/395192","targetHints":{"allow":["GET"]}}],"collection":[{"href":"https:\/\/bogensportdiscount.ch\/it\/wp-json\/wp\/v2\/product"}],"about":[{"href":"https:\/\/bogensportdiscount.ch\/it\/wp-json\/wp\/v2\/types\/product"}],"replies":[{"embeddable":true,"href":"https:\/\/bogensportdiscount.ch\/it\/wp-json\/wp\/v2\/comments?post=395192"}],"wp:featuredmedia":[{"embeddable":true,"href":"https:\/\/bogensportdiscount.ch\/it\/wp-json\/wp\/v2\/media\/449138"}],"wp:attachment":[{"href":"https:\/\/bogensportdiscount.ch\/it\/wp-json\/wp\/v2\/media?parent=395192"}],"wp:term":[{"taxonomy":"product_brand","embeddable":true,"href":"https:\/\/bogensportdiscount.ch\/it\/wp-json\/wp\/v2\/product_brand?post=395192"},{"taxonomy":"product_cat","embeddable":true,"href":"https:\/\/bogensportdiscount.ch\/it\/wp-json\/wp\/v2\/product_cat?post=395192"},{"taxonomy":"product_tag","embeddable":true,"href":"https:\/\/bogensportdiscount.ch\/it\/wp-json\/wp\/v2\/product_tag?post=395192"}],"curies":[{"name":"wp","href":"https:\/\/api.w.org\/{rel}","templated":true}]}}