{"id":395153,"date":"2026-04-05T14:35:35","date_gmt":"2026-04-05T12:35:35","guid":{"rendered":"https:\/\/bogensportdiscount.ch\/produkt\/kinetic-ember-counter-screw-for-limb-bolt-per-2pcs\/"},"modified":"2026-04-15T12:17:49","modified_gmt":"2026-04-15T10:17:49","slug":"kinetic-ember-v1-innen-ausrichtungsschraube-4er-pack","status":"publish","type":"product","link":"https:\/\/bogensportdiscount.ch\/it\/prodotto\/kinetic-ember-v1-innen-ausrichtungsschraube-4er-pack\/","title":{"rendered":"VITE DI CONTEGGIO KINETICA PER BULLONE A LAMPO per 2 pz."},"content":{"rendered":"<p>Diese Innen-Ausrichtungsschrauben sind als Originalersatzteile f\u00fcr den Kinetic Ember V1 Recurvebogen konzipiert. Sie werden zur korrekten Ausrichtung und Befestigung innerer Bogenkomponenten verwendet.<\/p>\n<p>Das Set enth\u00e4lt 4 Schrauben, sodass ausreichend Ersatz f\u00fcr Reparaturen oder den laufenden Bedarf vorhanden ist. Die Schrauben sind passgenau auf den Ember V1 abgestimmt und gew\u00e4hrleisten eine zuverl\u00e4ssige Montage.<\/p>\n<ul>\n<li>Passend f\u00fcr Kinetic Ember V1<\/li>\n<li>4 Schrauben pro Packung<\/li>\n<li>F\u00fcr die Innenausrichtung von Bogenkomponenten<\/li>\n<li>Praktischer Vorrat f\u00fcr Reparatur und Wartung<\/li>\n<\/ul>","protected":false},"excerpt":{"rendered":"<p>Ersatz-Innenausrichtungsschrauben f\u00fcr den Kinetic Ember V1 Recurvebogen. Das Set enth\u00e4lt 4 Schrauben und ist als Ersatzteil oder Vorratsmenge geeignet.<\/p>","protected":false},"featured_media":449121,"comment_status":"open","ping_status":"closed","template":"","meta":[],"product_brand":[439],"product_cat":[4522],"product_tag":[],"class_list":{"0":"post-395153","1":"product","2":"type-product","3":"status-publish","4":"has-post-thumbnail","6":"product_brand-kinetic","7":"product_cat-einzelteile-fuer-recurve-boegen-recurve-boegen","9":"first","10":"instock","11":"shipping-taxable","12":"purchasable","13":"product-type-variable"},"_links":{"self":[{"href":"https:\/\/bogensportdiscount.ch\/it\/wp-json\/wp\/v2\/product\/395153","targetHints":{"allow":["GET"]}}],"collection":[{"href":"https:\/\/bogensportdiscount.ch\/it\/wp-json\/wp\/v2\/product"}],"about":[{"href":"https:\/\/bogensportdiscount.ch\/it\/wp-json\/wp\/v2\/types\/product"}],"replies":[{"embeddable":true,"href":"https:\/\/bogensportdiscount.ch\/it\/wp-json\/wp\/v2\/comments?post=395153"}],"wp:featuredmedia":[{"embeddable":true,"href":"https:\/\/bogensportdiscount.ch\/it\/wp-json\/wp\/v2\/media\/449121"}],"wp:attachment":[{"href":"https:\/\/bogensportdiscount.ch\/it\/wp-json\/wp\/v2\/media?parent=395153"}],"wp:term":[{"taxonomy":"product_brand","embeddable":true,"href":"https:\/\/bogensportdiscount.ch\/it\/wp-json\/wp\/v2\/product_brand?post=395153"},{"taxonomy":"product_cat","embeddable":true,"href":"https:\/\/bogensportdiscount.ch\/it\/wp-json\/wp\/v2\/product_cat?post=395153"},{"taxonomy":"product_tag","embeddable":true,"href":"https:\/\/bogensportdiscount.ch\/it\/wp-json\/wp\/v2\/product_tag?post=395153"}],"curies":[{"name":"wp","href":"https:\/\/api.w.org\/{rel}","templated":true}]}}