{"id":395148,"date":"2026-04-05T14:35:34","date_gmt":"2026-04-05T12:35:34","guid":{"rendered":"https:\/\/bogensportdiscount.ch\/produkt\/glasfiber-shafts-s10\/"},"modified":"2026-04-17T13:33:12","modified_gmt":"2026-04-17T11:33:12","slug":"blackeagle-glasfaser-schafte","status":"publish","type":"product","link":"https:\/\/bogensportdiscount.ch\/it\/prodotto\/blackeagle-glasfaser-schafte\/","title":{"rendered":"ALBERI IN FIBRA DI VETRO BLACKEAGLE"},"content":{"rendered":"<p>Die Blackeagle Glasfaser-Sch\u00e4fte sind speziell f\u00fcr den Einsatz als Pop-N-Jay-Sch\u00e4fte konzipiert. Glasfaser bietet eine robuste und langlebige Grundlage f\u00fcr Sch\u00e4fte, die im Bereich Spezialpfeile zum Einsatz kommen.<\/p>\n<p>Pop-N-Jay ist eine Bogensport-Disziplin, bei der Pfeile senkrecht in die Luft geschossen werden. Die verwendeten Sch\u00e4fte m\u00fcssen entsprechenden Belastungen standhalten, weshalb Glasfaser als Material eine geeignete Wahl f\u00fcr diesen Einsatzzweck darstellt.<\/p>\n<ul>\n<li>Material: Glasfaser<\/li>\n<li>Einsatzbereich: Pop-N-Jay-Bogenschiessen<\/li>\n<li>Kategorie: Spezialpfeile<\/li>\n<\/ul>","protected":false},"excerpt":{"rendered":"<p><strong>Marchio:<\/strong> Black Eagle<\/p>","protected":false},"featured_media":440419,"comment_status":"open","ping_status":"closed","template":"","meta":[],"product_brand":[875],"product_cat":[4437],"product_tag":[],"class_list":{"0":"post-395148","1":"product","2":"type-product","3":"status-publish","4":"has-post-thumbnail","6":"product_brand-blackeagle","7":"product_cat-schaefte-pop-n-jay","9":"first","10":"instock","11":"shipping-taxable","12":"purchasable","13":"product-type-variable"},"_links":{"self":[{"href":"https:\/\/bogensportdiscount.ch\/it\/wp-json\/wp\/v2\/product\/395148","targetHints":{"allow":["GET"]}}],"collection":[{"href":"https:\/\/bogensportdiscount.ch\/it\/wp-json\/wp\/v2\/product"}],"about":[{"href":"https:\/\/bogensportdiscount.ch\/it\/wp-json\/wp\/v2\/types\/product"}],"replies":[{"embeddable":true,"href":"https:\/\/bogensportdiscount.ch\/it\/wp-json\/wp\/v2\/comments?post=395148"}],"wp:featuredmedia":[{"embeddable":true,"href":"https:\/\/bogensportdiscount.ch\/it\/wp-json\/wp\/v2\/media\/440419"}],"wp:attachment":[{"href":"https:\/\/bogensportdiscount.ch\/it\/wp-json\/wp\/v2\/media?parent=395148"}],"wp:term":[{"taxonomy":"product_brand","embeddable":true,"href":"https:\/\/bogensportdiscount.ch\/it\/wp-json\/wp\/v2\/product_brand?post=395148"},{"taxonomy":"product_cat","embeddable":true,"href":"https:\/\/bogensportdiscount.ch\/it\/wp-json\/wp\/v2\/product_cat?post=395148"},{"taxonomy":"product_tag","embeddable":true,"href":"https:\/\/bogensportdiscount.ch\/it\/wp-json\/wp\/v2\/product_tag?post=395148"}],"curies":[{"name":"wp","href":"https:\/\/api.w.org\/{rel}","templated":true}]}}