{"id":395131,"date":"2026-04-05T14:35:33","date_gmt":"2026-04-05T12:35:33","guid":{"rendered":"https:\/\/bogensportdiscount.ch\/produkt\/shafts-superflight-carbon-c-5-spine-400\/"},"modified":"2026-04-17T13:33:12","modified_gmt":"2026-04-17T11:33:12","slug":"superflight-carbon-schaefte-pop-n-jay","status":"publish","type":"product","link":"https:\/\/bogensportdiscount.ch\/it\/prodotto\/superflight-carbon-schaefte-pop-n-jay\/","title":{"rendered":"ALBERI IN CARBONIO SUPERFLIGHT"},"content":{"rendered":"<p>Die SUPERFLIGHT Carbon-Sch\u00e4fte sind auf die Anforderungen von Pop-N-Jay-Anwendungen ausgelegt. Carbon als Material sorgt f\u00fcr ein geringes Gewicht bei gleichzeitig guter Steifigkeit.<\/p>\n<p>Die Sch\u00e4fte sind in zwei Spine-St\u00e4rken erh\u00e4ltlich: 300 und 400. Die Wahl der passenden Spine-St\u00e4rke richtet sich nach dem individuellen Zuggewicht des Bogens und dem pers\u00f6nlichen Abzugsverhalten des Sch\u00fctzen.<\/p>\n<ul>\n<li>Materiale: carbonio<\/li>\n<li>Kategorie: Pop-N-Jay-Sch\u00e4fte \/ Spezialpfeile<\/li>\n<li>Verf\u00fcgbare Spine-St\u00e4rken: 300 und 400<\/li>\n<li>Leichte und robuste Bauweise<\/li>\n<\/ul>","protected":false},"excerpt":{"rendered":"<p><strong>Marchio:<\/strong> Superflight<\/p>","protected":false},"featured_media":449113,"comment_status":"open","ping_status":"closed","template":"","meta":[],"product_brand":[877],"product_cat":[4437],"product_tag":[],"class_list":{"0":"post-395131","1":"product","2":"type-product","3":"status-publish","4":"has-post-thumbnail","6":"product_brand-superflight","7":"product_cat-schaefte-pop-n-jay","9":"first","10":"instock","11":"shipping-taxable","12":"purchasable","13":"product-type-variable"},"_links":{"self":[{"href":"https:\/\/bogensportdiscount.ch\/it\/wp-json\/wp\/v2\/product\/395131","targetHints":{"allow":["GET"]}}],"collection":[{"href":"https:\/\/bogensportdiscount.ch\/it\/wp-json\/wp\/v2\/product"}],"about":[{"href":"https:\/\/bogensportdiscount.ch\/it\/wp-json\/wp\/v2\/types\/product"}],"replies":[{"embeddable":true,"href":"https:\/\/bogensportdiscount.ch\/it\/wp-json\/wp\/v2\/comments?post=395131"}],"wp:featuredmedia":[{"embeddable":true,"href":"https:\/\/bogensportdiscount.ch\/it\/wp-json\/wp\/v2\/media\/449113"}],"wp:attachment":[{"href":"https:\/\/bogensportdiscount.ch\/it\/wp-json\/wp\/v2\/media?parent=395131"}],"wp:term":[{"taxonomy":"product_brand","embeddable":true,"href":"https:\/\/bogensportdiscount.ch\/it\/wp-json\/wp\/v2\/product_brand?post=395131"},{"taxonomy":"product_cat","embeddable":true,"href":"https:\/\/bogensportdiscount.ch\/it\/wp-json\/wp\/v2\/product_cat?post=395131"},{"taxonomy":"product_tag","embeddable":true,"href":"https:\/\/bogensportdiscount.ch\/it\/wp-json\/wp\/v2\/product_tag?post=395131"}],"curies":[{"name":"wp","href":"https:\/\/api.w.org\/{rel}","templated":true}]}}