{"id":395115,"date":"2026-04-05T14:35:31","date_gmt":"2026-04-05T12:35:31","guid":{"rendered":"https:\/\/bogensportdiscount.ch\/produkt\/blunts-nylon-horiz-popnjay-speedy-black-eagle-x5-by-lathe-50pck\/"},"modified":"2026-04-17T15:42:15","modified_gmt":"2026-04-17T13:42:15","slug":"black-eagle-nylon-blunts-horiz-pop-n-jay-speedy","status":"publish","type":"product","link":"https:\/\/bogensportdiscount.ch\/it\/prodotto\/black-eagle-nylon-blunts-horiz-pop-n-jay-speedy\/","title":{"rendered":"AQUILA NERA SPEEDY IN PLASTICA"},"content":{"rendered":"<p>Diese Nylon-Blunts von Black Eagle sind speziell f\u00fcr den Einsatz an horizontalen Pop-N-Jay Scheiben konzipiert. Pop-N-Jay ist eine Bogensport-Disziplin, bei der Pfeile auf einen horizontalen Fangkorb abgeschossen werden \u2013 die Blunt-Spitze sorgt daf\u00fcr, dass der Pfeil sicher im Korb landet, ohne ihn zu besch\u00e4digen.<\/p>\n<p>Die Blunts werden per Drehbank (by lathe) gefertigt und sind in verschiedenen Gr\u00f6ssen erh\u00e4ltlich, um unterschiedliche Schaftdurchmesser abzudecken. Jede Packung enth\u00e4lt 50 St\u00fcck und eignet sich damit besonders f\u00fcr Trainingseinheiten und Wettk\u00e4mpfe, bei denen viele Pfeile ben\u00f6tigt werden.<\/p>\n<ul>\n<li>Nylon-Material f\u00fcr schonenden Einsatz am Pop-N-Jay-Korb<\/li>\n<li>F\u00fcr horizontale Pop-N-Jay Scheiben ausgelegt<\/li>\n<li>Erh\u00e4ltlich in 5 Schaftgr\u00f6ssen: S7, S10, X5, X8, XL11<\/li>\n<li>50 pezzi per confezione<\/li>\n<\/ul>","protected":false},"excerpt":{"rendered":"<p><strong>Marchio:<\/strong> ER Plastic<\/p>","protected":false},"featured_media":452573,"comment_status":"open","ping_status":"closed","template":"","meta":[],"product_brand":[875],"product_cat":[4185],"product_tag":[],"class_list":{"0":"post-395115","1":"product","2":"type-product","3":"status-publish","4":"has-post-thumbnail","6":"product_brand-blackeagle","7":"product_cat-komponenten","9":"first","10":"instock","11":"shipping-taxable","12":"purchasable","13":"product-type-variable"},"_links":{"self":[{"href":"https:\/\/bogensportdiscount.ch\/it\/wp-json\/wp\/v2\/product\/395115","targetHints":{"allow":["GET"]}}],"collection":[{"href":"https:\/\/bogensportdiscount.ch\/it\/wp-json\/wp\/v2\/product"}],"about":[{"href":"https:\/\/bogensportdiscount.ch\/it\/wp-json\/wp\/v2\/types\/product"}],"replies":[{"embeddable":true,"href":"https:\/\/bogensportdiscount.ch\/it\/wp-json\/wp\/v2\/comments?post=395115"}],"wp:featuredmedia":[{"embeddable":true,"href":"https:\/\/bogensportdiscount.ch\/it\/wp-json\/wp\/v2\/media\/452573"}],"wp:attachment":[{"href":"https:\/\/bogensportdiscount.ch\/it\/wp-json\/wp\/v2\/media?parent=395115"}],"wp:term":[{"taxonomy":"product_brand","embeddable":true,"href":"https:\/\/bogensportdiscount.ch\/it\/wp-json\/wp\/v2\/product_brand?post=395115"},{"taxonomy":"product_cat","embeddable":true,"href":"https:\/\/bogensportdiscount.ch\/it\/wp-json\/wp\/v2\/product_cat?post=395115"},{"taxonomy":"product_tag","embeddable":true,"href":"https:\/\/bogensportdiscount.ch\/it\/wp-json\/wp\/v2\/product_tag?post=395115"}],"curies":[{"name":"wp","href":"https:\/\/api.w.org\/{rel}","templated":true}]}}