{"id":395097,"date":"2026-04-05T14:35:29","date_gmt":"2026-04-05T12:35:29","guid":{"rendered":"https:\/\/bogensportdiscount.ch\/produkt\/chestguard-tec-one-small-lh-red\/"},"modified":"2026-04-17T13:33:11","modified_gmt":"2026-04-17T11:33:11","slug":"avalon-brustschutz-tec-one","status":"publish","type":"product","link":"https:\/\/bogensportdiscount.ch\/it\/prodotto\/avalon-brustschutz-tec-one\/","title":{"rendered":"GUARDIA TORACICA AVALON TEC ONE"},"content":{"rendered":"<p>Der Avalon Tec One Brustschutz sch\u00fctzt die Brust und Kleidung vor dem Kontakt mit der Bogensehne beim Abschuss. Er eignet sich f\u00fcr Bogensch\u00fctzen aller Disziplinen, die einen zuverl\u00e4ssigen und gut sitzenden Schutz suchen.<\/p>\n<p>Dank der verf\u00fcgbaren Gr\u00f6ssen S und L l\u00e4sst sich der Brustschutz an unterschiedliche K\u00f6rpergr\u00f6ssen anpassen und sorgt so f\u00fcr einen sicheren Halt w\u00e4hrend des Schiessens.<\/p>\n<ul>\n<li>Brustschutz zum Schutz vor der Bogensehne<\/li>\n<li>Geeignet f\u00fcr Recurve- und Langbogensch\u00fctzen<\/li>\n<li>Erh\u00e4ltlich in Gr\u00f6sse S und L<\/li>\n<li>Von Avalon, einem etablierten Hersteller im Bogensport<\/li>\n<\/ul>","protected":false},"excerpt":{"rendered":"<p>Der Avalon Tec One ist ein Brustschutz f\u00fcr Bogensch\u00fctzen und sch\u00fctzt zuverl\u00e4ssig vor dem Bogensehnen-R\u00fcckprall beim Schiessen. Erh\u00e4ltlich in den Gr\u00f6ssen S und L.<\/p>","protected":false},"featured_media":452471,"comment_status":"open","ping_status":"closed","template":"","meta":[],"product_brand":[449],"product_cat":[4180],"product_tag":[],"class_list":{"0":"post-395097","1":"product","2":"type-product","3":"status-publish","4":"has-post-thumbnail","6":"product_brand-avalon","7":"product_cat-brustschutz","9":"first","10":"instock","11":"shipping-taxable","12":"purchasable","13":"product-type-variable"},"_links":{"self":[{"href":"https:\/\/bogensportdiscount.ch\/it\/wp-json\/wp\/v2\/product\/395097","targetHints":{"allow":["GET"]}}],"collection":[{"href":"https:\/\/bogensportdiscount.ch\/it\/wp-json\/wp\/v2\/product"}],"about":[{"href":"https:\/\/bogensportdiscount.ch\/it\/wp-json\/wp\/v2\/types\/product"}],"replies":[{"embeddable":true,"href":"https:\/\/bogensportdiscount.ch\/it\/wp-json\/wp\/v2\/comments?post=395097"}],"wp:featuredmedia":[{"embeddable":true,"href":"https:\/\/bogensportdiscount.ch\/it\/wp-json\/wp\/v2\/media\/452471"}],"wp:attachment":[{"href":"https:\/\/bogensportdiscount.ch\/it\/wp-json\/wp\/v2\/media?parent=395097"}],"wp:term":[{"taxonomy":"product_brand","embeddable":true,"href":"https:\/\/bogensportdiscount.ch\/it\/wp-json\/wp\/v2\/product_brand?post=395097"},{"taxonomy":"product_cat","embeddable":true,"href":"https:\/\/bogensportdiscount.ch\/it\/wp-json\/wp\/v2\/product_cat?post=395097"},{"taxonomy":"product_tag","embeddable":true,"href":"https:\/\/bogensportdiscount.ch\/it\/wp-json\/wp\/v2\/product_tag?post=395097"}],"curies":[{"name":"wp","href":"https:\/\/api.w.org\/{rel}","templated":true}]}}