{"id":395040,"date":"2026-04-05T14:35:25","date_gmt":"2026-04-05T12:35:25","guid":{"rendered":"https:\/\/bogensportdiscount.ch\/produkt\/chestguards-finno-rh-small-black\/"},"modified":"2026-04-15T12:17:49","modified_gmt":"2026-04-15T10:17:49","slug":"wiawis-brustschutz-finno","status":"publish","type":"product","link":"https:\/\/bogensportdiscount.ch\/it\/prodotto\/wiawis-brustschutz-finno\/","title":{"rendered":"PROTEZIONI TORACICHE WIAWIS FINNO"},"content":{"rendered":"<p>Der WIAWIS Finno ist ein Brustschutz f\u00fcr Bogensch\u00fctzen, der die Bekleidung aus der Pfadbahn h\u00e4lt und einen sauberen Pfeilabschuss unterst\u00fctzt. Er ist sowohl f\u00fcr Rechts- als auch f\u00fcr Linksh\u00e4nder konzipiert.<\/p>\n<p>Mit einer Auswahl von vier Gr\u00f6ssen (S bis XL) und sieben Farbvarianten l\u00e4sst sich der Finno individuell anpassen. Die Produktion erfolgt in S\u00fcdkorea (KR).<\/p>\n<ul>\n<li>Geeignet f\u00fcr Rechts- und Linksh\u00e4nder<\/li>\n<li>Gr\u00f6ssen S, M, L und XL<\/li>\n<li>Erh\u00e4ltlich in sieben Farben<\/li>\n<li>Hergestellt in S\u00fcdkorea<\/li>\n<\/ul>","protected":false},"excerpt":{"rendered":"<p>Der WIAWIS Finno Brustschutz ist in den Gr\u00f6ssen S, M, L und XL erh\u00e4ltlich und eignet sich f\u00fcr Links- wie Rechtsh\u00e4nder. Erh\u00e4ltlich in sieben Farben, gefertigt in S\u00fcdkorea.<\/p>","protected":false},"featured_media":449107,"comment_status":"open","ping_status":"closed","template":"","meta":[],"product_brand":[473],"product_cat":[4180],"product_tag":[],"class_list":{"0":"post-395040","1":"product","2":"type-product","3":"status-publish","4":"has-post-thumbnail","6":"product_brand-wiawis","7":"product_cat-brustschutz","9":"first","10":"instock","11":"shipping-taxable","12":"purchasable","13":"product-type-variable"},"_links":{"self":[{"href":"https:\/\/bogensportdiscount.ch\/it\/wp-json\/wp\/v2\/product\/395040","targetHints":{"allow":["GET"]}}],"collection":[{"href":"https:\/\/bogensportdiscount.ch\/it\/wp-json\/wp\/v2\/product"}],"about":[{"href":"https:\/\/bogensportdiscount.ch\/it\/wp-json\/wp\/v2\/types\/product"}],"replies":[{"embeddable":true,"href":"https:\/\/bogensportdiscount.ch\/it\/wp-json\/wp\/v2\/comments?post=395040"}],"wp:featuredmedia":[{"embeddable":true,"href":"https:\/\/bogensportdiscount.ch\/it\/wp-json\/wp\/v2\/media\/449107"}],"wp:attachment":[{"href":"https:\/\/bogensportdiscount.ch\/it\/wp-json\/wp\/v2\/media?parent=395040"}],"wp:term":[{"taxonomy":"product_brand","embeddable":true,"href":"https:\/\/bogensportdiscount.ch\/it\/wp-json\/wp\/v2\/product_brand?post=395040"},{"taxonomy":"product_cat","embeddable":true,"href":"https:\/\/bogensportdiscount.ch\/it\/wp-json\/wp\/v2\/product_cat?post=395040"},{"taxonomy":"product_tag","embeddable":true,"href":"https:\/\/bogensportdiscount.ch\/it\/wp-json\/wp\/v2\/product_tag?post=395040"}],"curies":[{"name":"wp","href":"https:\/\/api.w.org\/{rel}","templated":true}]}}