{"id":395034,"date":"2026-04-05T14:35:24","date_gmt":"2026-04-05T12:35:24","guid":{"rendered":"https:\/\/bogensportdiscount.ch\/produkt\/chestguards-rh-lh-men-xs-black\/"},"modified":"2026-04-17T19:00:12","modified_gmt":"2026-04-17T17:00:12","slug":"era-brustschuetzer-rh-lh-herren","status":"publish","type":"product","link":"https:\/\/bogensportdiscount.ch\/it\/prodotto\/era-brustschuetzer-rh-lh-herren\/","title":{"rendered":"PARACOSTOLE EPOCA UOMO DX\/LH"},"content":{"rendered":"<p>Der ERA Brustsch\u00fctzer f\u00fcr Herren sch\u00fctzt beim Bogenschiessen die Brust und Kleidung vor dem Aufprall der Bogensehne. Er ist sowohl f\u00fcr Rechtshand- als auch f\u00fcr Linkshand-Sch\u00fctzen (RH\/LH) ausgelegt und damit universell einsetzbar.<\/p>\n<p>Das Produkt ist in den Gr\u00f6ssen XS, XL, XXL und XXXL erh\u00e4ltlich und deckt damit einen breiten Gr\u00f6ssenbereich ab. Die Herkunft aus Frankreich steht f\u00fcr solide Verarbeitungsqualit\u00e4t.<\/p>\n<ul>\n<li>Geeignet f\u00fcr Rechts- und Linkshand-Sch\u00fctzen<\/li>\n<li>Sch\u00fctzt Brust und Kleidung vor der Bogensehne<\/li>\n<li>Verf\u00fcgbar in den Gr\u00f6ssen XS, XL, XXL und XXXL<\/li>\n<li>Hergestellt in Frankreich<\/li>\n<\/ul>","protected":false},"excerpt":{"rendered":"<p>Der ERA Brustsch\u00fctzer f\u00fcr Herren ist f\u00fcr Rechts- und Linkshand-Sch\u00fctzen geeignet und sch\u00fctzt die Brust sowie Kleidung beim Bogenschiessen zuverl\u00e4ssig. Erh\u00e4ltlich in den Gr\u00f6ssen XS, XL, XXL und XXXL. Hergestellt in Frankreich.<\/p>","protected":false},"featured_media":449105,"comment_status":"open","ping_status":"closed","template":"","meta":[],"product_brand":[798],"product_cat":[4180],"product_tag":[],"class_list":{"0":"post-395034","1":"product","2":"type-product","3":"status-publish","4":"has-post-thumbnail","6":"product_brand-era","7":"product_cat-brustschutz","9":"first","10":"instock","11":"shipping-taxable","12":"purchasable","13":"product-type-variable"},"_links":{"self":[{"href":"https:\/\/bogensportdiscount.ch\/it\/wp-json\/wp\/v2\/product\/395034","targetHints":{"allow":["GET"]}}],"collection":[{"href":"https:\/\/bogensportdiscount.ch\/it\/wp-json\/wp\/v2\/product"}],"about":[{"href":"https:\/\/bogensportdiscount.ch\/it\/wp-json\/wp\/v2\/types\/product"}],"replies":[{"embeddable":true,"href":"https:\/\/bogensportdiscount.ch\/it\/wp-json\/wp\/v2\/comments?post=395034"}],"wp:featuredmedia":[{"embeddable":true,"href":"https:\/\/bogensportdiscount.ch\/it\/wp-json\/wp\/v2\/media\/449105"}],"wp:attachment":[{"href":"https:\/\/bogensportdiscount.ch\/it\/wp-json\/wp\/v2\/media?parent=395034"}],"wp:term":[{"taxonomy":"product_brand","embeddable":true,"href":"https:\/\/bogensportdiscount.ch\/it\/wp-json\/wp\/v2\/product_brand?post=395034"},{"taxonomy":"product_cat","embeddable":true,"href":"https:\/\/bogensportdiscount.ch\/it\/wp-json\/wp\/v2\/product_cat?post=395034"},{"taxonomy":"product_tag","embeddable":true,"href":"https:\/\/bogensportdiscount.ch\/it\/wp-json\/wp\/v2\/product_tag?post=395034"}],"curies":[{"name":"wp","href":"https:\/\/api.w.org\/{rel}","templated":true}]}}