{"id":395028,"date":"2026-04-05T14:35:23","date_gmt":"2026-04-05T12:35:23","guid":{"rendered":"https:\/\/bogensportdiscount.ch\/produkt\/chestguards-rh-lh-women-xs-black\/"},"modified":"2026-04-17T19:00:12","modified_gmt":"2026-04-17T17:00:12","slug":"era-brustschutz-damen-rh-lh","status":"publish","type":"product","link":"https:\/\/bogensportdiscount.ch\/it\/prodotto\/era-brustschutz-damen-rh-lh\/","title":{"rendered":"PROTEZIONI TORACICHE ERA DX\/LH DONNA"},"content":{"rendered":"<p>Der ERA Damen-Brustschutz ist f\u00fcr Rechts- und Linkssch\u00fctzen (RH\/LH) ausgelegt und sch\u00fctzt die Brust zuverl\u00e4ssig vor dem Bogenwurfarm beim Schiessen. Er ist ein grundlegendes Ausr\u00fcstungsst\u00fcck f\u00fcr Bogensch\u00fctzinnen, die Komfort und Schutz beim Training und Wettkampf suchen.<\/p>\n<p>Der Brustschutz ist in den Gr\u00f6ssen XS, XL und XXL erh\u00e4ltlich und wird von ERA hergestellt, einem auf Bogensport-Ausr\u00fcstung spezialisierten Hersteller aus Frankreich.<\/p>\n<ul>\n<li>Geeignet f\u00fcr Rechts- und Linkssch\u00fctzen<\/li>\n<li>Speziell f\u00fcr Damen konzipiert<\/li>\n<li>Erh\u00e4ltlich in XS, XL und XXL<\/li>\n<li>Hergestellt in Frankreich<\/li>\n<\/ul>","protected":false},"excerpt":{"rendered":"<p>Brustschutz von ERA f\u00fcr Damen, geeignet f\u00fcr Rechts- und Linkssch\u00fctzen. Erh\u00e4ltlich in den Gr\u00f6ssen XS, XL und XXL. Hergestellt in Frankreich.<\/p>","protected":false},"featured_media":449102,"comment_status":"open","ping_status":"closed","template":"","meta":[],"product_brand":[798],"product_cat":[4180],"product_tag":[],"class_list":{"0":"post-395028","1":"product","2":"type-product","3":"status-publish","4":"has-post-thumbnail","6":"product_brand-era","7":"product_cat-brustschutz","9":"first","10":"instock","11":"shipping-taxable","12":"purchasable","13":"product-type-variable"},"_links":{"self":[{"href":"https:\/\/bogensportdiscount.ch\/it\/wp-json\/wp\/v2\/product\/395028","targetHints":{"allow":["GET"]}}],"collection":[{"href":"https:\/\/bogensportdiscount.ch\/it\/wp-json\/wp\/v2\/product"}],"about":[{"href":"https:\/\/bogensportdiscount.ch\/it\/wp-json\/wp\/v2\/types\/product"}],"replies":[{"embeddable":true,"href":"https:\/\/bogensportdiscount.ch\/it\/wp-json\/wp\/v2\/comments?post=395028"}],"wp:featuredmedia":[{"embeddable":true,"href":"https:\/\/bogensportdiscount.ch\/it\/wp-json\/wp\/v2\/media\/449102"}],"wp:attachment":[{"href":"https:\/\/bogensportdiscount.ch\/it\/wp-json\/wp\/v2\/media?parent=395028"}],"wp:term":[{"taxonomy":"product_brand","embeddable":true,"href":"https:\/\/bogensportdiscount.ch\/it\/wp-json\/wp\/v2\/product_brand?post=395028"},{"taxonomy":"product_cat","embeddable":true,"href":"https:\/\/bogensportdiscount.ch\/it\/wp-json\/wp\/v2\/product_cat?post=395028"},{"taxonomy":"product_tag","embeddable":true,"href":"https:\/\/bogensportdiscount.ch\/it\/wp-json\/wp\/v2\/product_tag?post=395028"}],"curies":[{"name":"wp","href":"https:\/\/api.w.org\/{rel}","templated":true}]}}