{"id":395023,"date":"2026-04-05T14:35:23","date_gmt":"2026-04-05T12:35:23","guid":{"rendered":"https:\/\/bogensportdiscount.ch\/produkt\/chestguards-bb2-small-lh-white\/"},"modified":"2026-04-17T13:33:11","modified_gmt":"2026-04-17T11:33:11","slug":"gompy-brustschutz-bb2","status":"publish","type":"product","link":"https:\/\/bogensportdiscount.ch\/it\/prodotto\/gompy-brustschutz-bb2\/","title":{"rendered":"PROTEZIONI TORACICHE GOMPY BB2"},"content":{"rendered":"<p>Der GOMPY BB2 Brustschutz ist ein praktisches Zubeh\u00f6r f\u00fcr Bogensch\u00fctzen, das den Bereich zwischen Bogen und K\u00f6rper abdeckt und so den Kontakt der Bogensehne mit Kleidung oder Brust beim Abschuss verhindert. Das Produkt stammt aus niederl\u00e4ndischer Produktion und ist Teil des Sortiments von GOMPY.<\/p>\n<p>Der Brustschutz ist in drei Gr\u00f6ssen (S, M, L) sowie in den Farben Schwarz und Weiss erh\u00e4ltlich, sodass er sich verschiedenen K\u00f6rperformen und Vorlieben anpassen l\u00e4sst.<\/p>\n<ul>\n<li>Erh\u00e4ltlich in S, M und L<\/li>\n<li>Farbwahl: Schwarz oder Weiss<\/li>\n<li>Sch\u00fctzt vor Sehnenr\u00fcckschlag<\/li>\n<li>Herkunftsland: Niederlande<\/li>\n<\/ul>","protected":false},"excerpt":{"rendered":"<p>Der GOMPY BB2 ist ein Brustschutz f\u00fcr den Bogensport, erh\u00e4ltlich in den Gr\u00f6ssen S, M und L sowie in den Farben Schwarz und Weiss. Er sch\u00fctzt Kleidung und K\u00f6rper vor dem Bogensehnen-R\u00fcckschlag beim Schiessen.<\/p>","protected":false},"featured_media":449099,"comment_status":"open","ping_status":"closed","template":"","meta":[],"product_brand":[596],"product_cat":[4180],"product_tag":[],"class_list":{"0":"post-395023","1":"product","2":"type-product","3":"status-publish","4":"has-post-thumbnail","6":"product_brand-gompy","7":"product_cat-brustschutz","9":"first","10":"instock","11":"shipping-taxable","12":"purchasable","13":"product-type-variable"},"_links":{"self":[{"href":"https:\/\/bogensportdiscount.ch\/it\/wp-json\/wp\/v2\/product\/395023","targetHints":{"allow":["GET"]}}],"collection":[{"href":"https:\/\/bogensportdiscount.ch\/it\/wp-json\/wp\/v2\/product"}],"about":[{"href":"https:\/\/bogensportdiscount.ch\/it\/wp-json\/wp\/v2\/types\/product"}],"replies":[{"embeddable":true,"href":"https:\/\/bogensportdiscount.ch\/it\/wp-json\/wp\/v2\/comments?post=395023"}],"wp:featuredmedia":[{"embeddable":true,"href":"https:\/\/bogensportdiscount.ch\/it\/wp-json\/wp\/v2\/media\/449099"}],"wp:attachment":[{"href":"https:\/\/bogensportdiscount.ch\/it\/wp-json\/wp\/v2\/media?parent=395023"}],"wp:term":[{"taxonomy":"product_brand","embeddable":true,"href":"https:\/\/bogensportdiscount.ch\/it\/wp-json\/wp\/v2\/product_brand?post=395023"},{"taxonomy":"product_cat","embeddable":true,"href":"https:\/\/bogensportdiscount.ch\/it\/wp-json\/wp\/v2\/product_cat?post=395023"},{"taxonomy":"product_tag","embeddable":true,"href":"https:\/\/bogensportdiscount.ch\/it\/wp-json\/wp\/v2\/product_tag?post=395023"}],"curies":[{"name":"wp","href":"https:\/\/api.w.org\/{rel}","templated":true}]}}