{"id":394993,"date":"2026-04-05T14:35:19","date_gmt":"2026-04-05T12:35:19","guid":{"rendered":"https:\/\/bogensportdiscount.ch\/produkt\/armguard-sleeves-3d-extra-long-x-small-black\/"},"modified":"2026-05-15T05:42:41","modified_gmt":"2026-05-15T03:42:41","slug":"era-armschutz-huelle-3d-extra-lang","status":"publish","type":"product","link":"https:\/\/bogensportdiscount.ch\/it\/prodotto\/era-armschutz-huelle-3d-extra-lang\/","title":{"rendered":"ERA MANICA PARABRACCIO 3D EXTRA LUNGA"},"content":{"rendered":"<p>La manica parabraccio ERA 3D Extra Lungo \u00e8 appositamente progettata per gli arcieri che cercano una protezione estesa dell'avambraccio. La versione extra lunga protegge una superficie maggiore del braccio dalla corda dell'arco, riducendo cos\u00ec il rischio di abrasioni e contusioni.<\/p>\n<p>La manica \u00e8 adatta all'uso nel tiro con l'arco 3D e nel tiro in campagna e sui percorsi. Grazie alla disponibilit\u00e0 in quattro taglie \u2013 S, M, L e XL \u2013 si adatta in modo ottimale alle diverse circonferenze del braccio.<\/p>\n<ul>\n<li>Forma extra lunga per la massima superficie di protezione dell'avambraccio<\/li>\n<li>Adatta al tiro con l'arco 3D e al tiro in campagna<\/li>\n<li>Disponibile in S, M, L e XL<\/li>\n<li>Di ERA, un produttore nel settore degli accessori per il tiro con l'arco<\/li>\n<\/ul>","protected":false},"excerpt":{"rendered":"<table>\n<tr>\n<th>Propriet\u00e0<\/th>\n<th>Valore<\/th>\n<\/tr>\n<tr>\n<td>Marca<\/td>\n<td>Era<\/td>\n<\/tr>\n<tr>\n<td>Paese di origine<\/td>\n<td>Francia<\/td>\n<\/tr>\n<\/table>","protected":false},"featured_media":449088,"comment_status":"open","ping_status":"closed","template":"","meta":[],"product_brand":[798],"product_cat":[4446],"product_tag":[],"class_list":{"0":"post-394993","1":"product","2":"type-product","3":"status-publish","4":"has-post-thumbnail","6":"product_brand-era","7":"product_cat-armschutz-aermel","8":"product_shipping_class-bsd-standard","10":"first","11":"instock","12":"shipping-taxable","13":"purchasable","14":"product-type-variable"},"yoast_head":"<!-- This site is optimized with the Yoast SEO plugin v27.6 - https:\/\/yoast.com\/product\/yoast-seo-wordpress\/ -->\n<title>ERA ARMSCHUTZ-\u00c4RMELN 3D EXTRA LANG - Bogensportdiscount \u2013 B\u00f6gen, Pfeile, Targets &amp; Zubeh\u00f6r<\/title>\n<meta name=\"description\" content=\"ERA ARMSCHUTZ-\u00c4RMELN 3D EXTRA LANG g\u00fcnstig kaufen bei Bogensportdiscount \u2013 Top-Marken, schneller Versand aus der Schweiz.\" \/>\n<meta name=\"robots\" content=\"index, follow, max-snippet:-1, max-image-preview:large, max-video-preview:-1\" \/>\n<link rel=\"canonical\" href=\"https:\/\/bogensportdiscount.ch\/it\/prodotto\/era-armschutz-huelle-3d-extra-lang\/\" \/>\n<meta property=\"og:locale\" content=\"it_IT\" \/>\n<meta property=\"og:type\" content=\"article\" \/>\n<meta property=\"og:title\" content=\"ERA ARMSCHUTZ-\u00c4RMELN 3D EXTRA LANG - Bogensportdiscount \u2013 B\u00f6gen, Pfeile, Targets &amp; Zubeh\u00f6r\" \/>\n<meta property=\"og:description\" content=\"ERA ARMSCHUTZ-\u00c4RMELN 3D EXTRA LANG g\u00fcnstig kaufen bei Bogensportdiscount \u2013 Top-Marken, schneller Versand aus der Schweiz.\" \/>\n<meta property=\"og:url\" content=\"https:\/\/bogensportdiscount.ch\/it\/prodotto\/era-armschutz-huelle-3d-extra-lang\/\" \/>\n<meta property=\"og:site_name\" content=\"Bogensportdiscount \u2013 B\u00f6gen, Pfeile, Targets &amp; Zubeh\u00f6r\" \/>\n<meta property=\"article:modified_time\" content=\"2026-05-15T03:42:41+00:00\" \/>\n<meta property=\"og:image\" content=\"https:\/\/bogensportdiscount.ch\/wp-content\/uploads\/bsm-images\/A009794_1.png\" \/>\n\t<meta property=\"og:image:width\" content=\"382\" \/>\n\t<meta property=\"og:image:height\" content=\"740\" \/>\n\t<meta property=\"og:image:type\" content=\"image\/png\" \/>\n<meta name=\"twitter:card\" content=\"summary_large_image\" \/>\n<meta name=\"twitter:label1\" content=\"Tempo di lettura stimato\" \/>\n\t<meta name=\"twitter:data1\" content=\"1 minuto\" \/>\n<script type=\"application\/ld+json\" class=\"yoast-schema-graph\">{\"@context\":\"https:\\\/\\\/schema.org\",\"@graph\":[{\"@type\":\"WebPage\",\"@id\":\"https:\\\/\\\/bogensportdiscount.ch\\\/produkt\\\/era-armschutz-huelle-3d-extra-lang\\\/\",\"url\":\"https:\\\/\\\/bogensportdiscount.ch\\\/produkt\\\/era-armschutz-huelle-3d-extra-lang\\\/\",\"name\":\"ERA ARMSCHUTZ-\u00c4RMELN 3D EXTRA LANG - Bogensportdiscount \u2013 B\u00f6gen, Pfeile, Targets &amp; Zubeh\u00f6r\",\"isPartOf\":{\"@id\":\"https:\\\/\\\/bogensportdiscount.ch\\\/#website\"},\"primaryImageOfPage\":{\"@id\":\"https:\\\/\\\/bogensportdiscount.ch\\\/produkt\\\/era-armschutz-huelle-3d-extra-lang\\\/#primaryimage\"},\"image\":{\"@id\":\"https:\\\/\\\/bogensportdiscount.ch\\\/produkt\\\/era-armschutz-huelle-3d-extra-lang\\\/#primaryimage\"},\"thumbnailUrl\":\"https:\\\/\\\/bogensportdiscount.ch\\\/wp-content\\\/uploads\\\/bsm-images\\\/A009794_1.png\",\"datePublished\":\"2026-04-05T12:35:19+00:00\",\"dateModified\":\"2026-05-15T03:42:41+00:00\",\"description\":\"ERA ARMSCHUTZ-\u00c4RMELN 3D EXTRA LANG g\u00fcnstig kaufen bei Bogensportdiscount \u2013 Top-Marken, schneller Versand aus der Schweiz.\",\"breadcrumb\":{\"@id\":\"https:\\\/\\\/bogensportdiscount.ch\\\/produkt\\\/era-armschutz-huelle-3d-extra-lang\\\/#breadcrumb\"},\"inLanguage\":\"it-IT\",\"potentialAction\":[{\"@type\":\"ReadAction\",\"target\":[\"https:\\\/\\\/bogensportdiscount.ch\\\/produkt\\\/era-armschutz-huelle-3d-extra-lang\\\/\"]}]},{\"@type\":\"ImageObject\",\"inLanguage\":\"it-IT\",\"@id\":\"https:\\\/\\\/bogensportdiscount.ch\\\/produkt\\\/era-armschutz-huelle-3d-extra-lang\\\/#primaryimage\",\"url\":\"https:\\\/\\\/bogensportdiscount.ch\\\/wp-content\\\/uploads\\\/bsm-images\\\/A009794_1.png\",\"contentUrl\":\"https:\\\/\\\/bogensportdiscount.ch\\\/wp-content\\\/uploads\\\/bsm-images\\\/A009794_1.png\",\"width\":382,\"height\":740},{\"@type\":\"BreadcrumbList\",\"@id\":\"https:\\\/\\\/bogensportdiscount.ch\\\/produkt\\\/era-armschutz-huelle-3d-extra-lang\\\/#breadcrumb\",\"itemListElement\":[{\"@type\":\"ListItem\",\"position\":1,\"name\":\"Home\",\"item\":\"https:\\\/\\\/bogensportdiscount.ch\\\/\"},{\"@type\":\"ListItem\",\"position\":2,\"name\":\"Shop\",\"item\":\"https:\\\/\\\/bogensportdiscount.ch\\\/shop\\\/\"},{\"@type\":\"ListItem\",\"position\":3,\"name\":\"ERA ARMGUARD SLEEVES 3D EXTRA LONG\"}]},{\"@type\":\"WebSite\",\"@id\":\"https:\\\/\\\/bogensportdiscount.ch\\\/#website\",\"url\":\"https:\\\/\\\/bogensportdiscount.ch\\\/\",\"name\":\"Bogensportdiscount\",\"description\":\"\",\"potentialAction\":[{\"@type\":\"SearchAction\",\"target\":{\"@type\":\"EntryPoint\",\"urlTemplate\":\"https:\\\/\\\/bogensportdiscount.ch\\\/?s={search_term_string}\"},\"query-input\":{\"@type\":\"PropertyValueSpecification\",\"valueRequired\":true,\"valueName\":\"search_term_string\"}}],\"inLanguage\":\"it-IT\"}]}<\/script>\n<!-- \/ Yoast SEO plugin. -->","yoast_head_json":{"title":"ERA ARMSCHUTZ-\u00c4RMELN 3D EXTRA LANG - Bogensportdiscount \u2013 B\u00f6gen, Pfeile, Targets &amp; Zubeh\u00f6r","description":"ERA ARMSCHUTZ-\u00c4RMELN 3D EXTRA LANG g\u00fcnstig kaufen bei Bogensportdiscount \u2013 Top-Marken, schneller Versand aus der Schweiz.","robots":{"index":"index","follow":"follow","max-snippet":"max-snippet:-1","max-image-preview":"max-image-preview:large","max-video-preview":"max-video-preview:-1"},"canonical":"https:\/\/bogensportdiscount.ch\/it\/prodotto\/era-armschutz-huelle-3d-extra-lang\/","og_locale":"it_IT","og_type":"article","og_title":"ERA ARMSCHUTZ-\u00c4RMELN 3D EXTRA LANG - Bogensportdiscount \u2013 B\u00f6gen, Pfeile, Targets &amp; Zubeh\u00f6r","og_description":"ERA ARMSCHUTZ-\u00c4RMELN 3D EXTRA LANG g\u00fcnstig kaufen bei Bogensportdiscount \u2013 Top-Marken, schneller Versand aus der Schweiz.","og_url":"https:\/\/bogensportdiscount.ch\/it\/prodotto\/era-armschutz-huelle-3d-extra-lang\/","og_site_name":"Bogensportdiscount \u2013 B\u00f6gen, Pfeile, Targets &amp; Zubeh\u00f6r","article_modified_time":"2026-05-15T03:42:41+00:00","og_image":[{"width":382,"height":740,"url":"https:\/\/bogensportdiscount.ch\/wp-content\/uploads\/bsm-images\/A009794_1.png","type":"image\/png"}],"twitter_card":"summary_large_image","twitter_misc":{"Tempo di lettura stimato":"1 minuto"},"schema":{"@context":"https:\/\/schema.org","@graph":[{"@type":"WebPage","@id":"https:\/\/bogensportdiscount.ch\/produkt\/era-armschutz-huelle-3d-extra-lang\/","url":"https:\/\/bogensportdiscount.ch\/produkt\/era-armschutz-huelle-3d-extra-lang\/","name":"ERA ARMSCHUTZ-\u00c4RMELN 3D EXTRA LANG - Bogensportdiscount \u2013 B\u00f6gen, Pfeile, Targets &amp; Zubeh\u00f6r","isPartOf":{"@id":"https:\/\/bogensportdiscount.ch\/#website"},"primaryImageOfPage":{"@id":"https:\/\/bogensportdiscount.ch\/produkt\/era-armschutz-huelle-3d-extra-lang\/#primaryimage"},"image":{"@id":"https:\/\/bogensportdiscount.ch\/produkt\/era-armschutz-huelle-3d-extra-lang\/#primaryimage"},"thumbnailUrl":"https:\/\/bogensportdiscount.ch\/wp-content\/uploads\/bsm-images\/A009794_1.png","datePublished":"2026-04-05T12:35:19+00:00","dateModified":"2026-05-15T03:42:41+00:00","description":"ERA ARMSCHUTZ-\u00c4RMELN 3D EXTRA LANG g\u00fcnstig kaufen bei Bogensportdiscount \u2013 Top-Marken, schneller Versand aus der Schweiz.","breadcrumb":{"@id":"https:\/\/bogensportdiscount.ch\/produkt\/era-armschutz-huelle-3d-extra-lang\/#breadcrumb"},"inLanguage":"it-IT","potentialAction":[{"@type":"ReadAction","target":["https:\/\/bogensportdiscount.ch\/produkt\/era-armschutz-huelle-3d-extra-lang\/"]}]},{"@type":"ImageObject","inLanguage":"it-IT","@id":"https:\/\/bogensportdiscount.ch\/produkt\/era-armschutz-huelle-3d-extra-lang\/#primaryimage","url":"https:\/\/bogensportdiscount.ch\/wp-content\/uploads\/bsm-images\/A009794_1.png","contentUrl":"https:\/\/bogensportdiscount.ch\/wp-content\/uploads\/bsm-images\/A009794_1.png","width":382,"height":740},{"@type":"BreadcrumbList","@id":"https:\/\/bogensportdiscount.ch\/produkt\/era-armschutz-huelle-3d-extra-lang\/#breadcrumb","itemListElement":[{"@type":"ListItem","position":1,"name":"Home","item":"https:\/\/bogensportdiscount.ch\/"},{"@type":"ListItem","position":2,"name":"Shop","item":"https:\/\/bogensportdiscount.ch\/shop\/"},{"@type":"ListItem","position":3,"name":"ERA ARMGUARD SLEEVES 3D EXTRA LONG"}]},{"@type":"WebSite","@id":"https:\/\/bogensportdiscount.ch\/#website","url":"https:\/\/bogensportdiscount.ch\/","name":"Bogensportdiscount","description":"","potentialAction":[{"@type":"SearchAction","target":{"@type":"EntryPoint","urlTemplate":"https:\/\/bogensportdiscount.ch\/?s={search_term_string}"},"query-input":{"@type":"PropertyValueSpecification","valueRequired":true,"valueName":"search_term_string"}}],"inLanguage":"it-IT"}]}},"_links":{"self":[{"href":"https:\/\/bogensportdiscount.ch\/it\/wp-json\/wp\/v2\/product\/394993","targetHints":{"allow":["GET"]}}],"collection":[{"href":"https:\/\/bogensportdiscount.ch\/it\/wp-json\/wp\/v2\/product"}],"about":[{"href":"https:\/\/bogensportdiscount.ch\/it\/wp-json\/wp\/v2\/types\/product"}],"replies":[{"embeddable":true,"href":"https:\/\/bogensportdiscount.ch\/it\/wp-json\/wp\/v2\/comments?post=394993"}],"wp:featuredmedia":[{"embeddable":true,"href":"https:\/\/bogensportdiscount.ch\/it\/wp-json\/wp\/v2\/media\/449088"}],"wp:attachment":[{"href":"https:\/\/bogensportdiscount.ch\/it\/wp-json\/wp\/v2\/media?parent=394993"}],"wp:term":[{"taxonomy":"product_brand","embeddable":true,"href":"https:\/\/bogensportdiscount.ch\/it\/wp-json\/wp\/v2\/product_brand?post=394993"},{"taxonomy":"product_cat","embeddable":true,"href":"https:\/\/bogensportdiscount.ch\/it\/wp-json\/wp\/v2\/product_cat?post=394993"},{"taxonomy":"product_tag","embeddable":true,"href":"https:\/\/bogensportdiscount.ch\/it\/wp-json\/wp\/v2\/product_tag?post=394993"}],"curies":[{"name":"wp","href":"https:\/\/api.w.org\/{rel}","templated":true}]}}