{"id":394976,"date":"2026-04-05T14:35:17","date_gmt":"2026-04-05T12:35:17","guid":{"rendered":"https:\/\/bogensportdiscount.ch\/produkt\/single-armguards-d-flector-polycorbonate-2-strap-black\/"},"modified":"2026-04-22T11:38:52","modified_gmt":"2026-04-22T09:38:52","slug":"bohning-armschutz-d-flector-polycarbonat-2-strap","status":"publish","type":"product","link":"https:\/\/bogensportdiscount.ch\/it\/prodotto\/bohning-armschutz-d-flector-polycarbonat-2-strap\/","title":{"rendered":"BOHNING EINZEL-ARMSCHUTZ D-FLECTOR POLYCARBONAT 2-BAND"},"content":{"rendered":"<p>Der BOHNING D-Flector Armschutz besteht aus stabilem Polycarbonat und bietet soliden Schutz f\u00fcr den Unterarm beim Bogenschiessen. Dank der zwei verstellbaren Befestigungsriemen sitzt der Armschutz sicher und passt sich verschiedenen Armumf\u00e4ngen an.<\/p>\n<p>Der Armschutz ist in sieben Farben erh\u00e4ltlich: Schwarz, Blau, Lila, Tan, Teal, Weiss und Gelb. Damit eignet er sich f\u00fcr Bogensch\u00fctzen, die Wert auf eine pers\u00f6nliche Farbwahl legen.<\/p>\n<ul>\n<li>Material: Polycarbonat \u2013 leicht und robust<\/li>\n<li>Zwei Befestigungsriemen f\u00fcr sicheren Halt<\/li>\n<li>Disponibile in sette colori<\/li>\n<li>Adatto per arcieri ricreativi e sportivi<\/li>\n<\/ul>","protected":false},"excerpt":{"rendered":"<p><strong>Marchio:<\/strong> Bohning<\/p>","protected":false},"featured_media":449086,"comment_status":"open","ping_status":"closed","template":"","meta":[],"product_brand":[444],"product_cat":[4155],"product_tag":[],"class_list":{"0":"post-394976","1":"product","2":"type-product","3":"status-publish","4":"has-post-thumbnail","6":"product_brand-bohning","7":"product_cat-singel-armschutz","8":"product_shipping_class-bsd-standard","10":"first","11":"instock","12":"shipping-taxable","13":"purchasable","14":"product-type-variable"},"yoast_head":"<!-- This site is optimized with the Yoast SEO plugin v27.4 - https:\/\/yoast.com\/product\/yoast-seo-wordpress\/ -->\n<title>PROTEZIONE PER BRACCIO SINGOLA BOHNING D-FLECTOR IN POLICARBONATO A 2 CINGHIE - Bogensportdiscount \u2013 Archi, frecce, bersagli e accessori<\/title>\n<meta name=\"description\" content=\"Protezione per un braccio BOHNING D-FLECTOR in policarbonato con 2 cinturini: acquista a un prezzo conveniente su Bogensportdiscount \u2013 Le migliori marche, spedizione veloce dalla Svizzera.\" \/>\n<meta name=\"robots\" content=\"index, follow, max-snippet:-1, max-image-preview:large, max-video-preview:-1\" \/>\n<link rel=\"canonical\" href=\"https:\/\/bogensportdiscount.ch\/it\/prodotto\/bohning-armschutz-d-flector-polycarbonat-2-strap\/\" \/>\n<meta property=\"og:locale\" content=\"it_IT\" \/>\n<meta property=\"og:type\" content=\"article\" \/>\n<meta property=\"og:title\" content=\"PROTEZIONE PER BRACCIO SINGOLA BOHNING D-FLECTOR IN POLICARBONATO A 2 CINGHIE - Bogensportdiscount \u2013 Archi, frecce, bersagli e accessori\" \/>\n<meta property=\"og:description\" content=\"Protezione per un braccio BOHNING D-FLECTOR in policarbonato con 2 cinturini: acquista a un prezzo conveniente su Bogensportdiscount \u2013 Le migliori marche, spedizione veloce dalla Svizzera.\" \/>\n<meta property=\"og:url\" content=\"https:\/\/bogensportdiscount.ch\/it\/prodotto\/bohning-armschutz-d-flector-polycarbonat-2-strap\/\" \/>\n<meta property=\"og:site_name\" content=\"Bogensportdiscount \u2013 B\u00f6gen, Pfeile, Targets &amp; Zubeh\u00f6r\" \/>\n<meta property=\"article:modified_time\" content=\"2026-04-22T09:38:52+00:00\" \/>\n<meta property=\"og:image\" content=\"https:\/\/bogensportdiscount.ch\/wp-content\/uploads\/bsm-images\/A009752_1.jpg\" \/>\n\t<meta property=\"og:image:width\" content=\"1200\" \/>\n\t<meta property=\"og:image:height\" content=\"476\" \/>\n\t<meta property=\"og:image:type\" content=\"image\/jpeg\" \/>\n<meta name=\"twitter:card\" content=\"summary_large_image\" \/>\n<script type=\"application\/ld+json\" class=\"yoast-schema-graph\">{\"@context\":\"https:\\\/\\\/schema.org\",\"@graph\":[{\"@type\":\"WebPage\",\"@id\":\"https:\\\/\\\/bogensportdiscount.ch\\\/produkt\\\/bohning-armschutz-d-flector-polycarbonat-2-strap\\\/\",\"url\":\"https:\\\/\\\/bogensportdiscount.ch\\\/produkt\\\/bohning-armschutz-d-flector-polycarbonat-2-strap\\\/\",\"name\":\"BOHNING EINZEL-ARMSCHUTZ D-FLECTOR POLYCARBONAT 2-BAND - Bogensportdiscount \u2013 B\u00f6gen, Pfeile, Targets &amp; Zubeh\u00f6r\",\"isPartOf\":{\"@id\":\"https:\\\/\\\/bogensportdiscount.ch\\\/#website\"},\"primaryImageOfPage\":{\"@id\":\"https:\\\/\\\/bogensportdiscount.ch\\\/produkt\\\/bohning-armschutz-d-flector-polycarbonat-2-strap\\\/#primaryimage\"},\"image\":{\"@id\":\"https:\\\/\\\/bogensportdiscount.ch\\\/produkt\\\/bohning-armschutz-d-flector-polycarbonat-2-strap\\\/#primaryimage\"},\"thumbnailUrl\":\"https:\\\/\\\/bogensportdiscount.ch\\\/wp-content\\\/uploads\\\/bsm-images\\\/A009752_1.jpg\",\"datePublished\":\"2026-04-05T12:35:17+00:00\",\"dateModified\":\"2026-04-22T09:38:52+00:00\",\"description\":\"BOHNING EINZEL-ARMSCHUTZ D-FLECTOR POLYCARBONAT 2-BAND g\u00fcnstig kaufen bei Bogensportdiscount \u2013 Top-Marken, schneller Versand aus der Schweiz.\",\"breadcrumb\":{\"@id\":\"https:\\\/\\\/bogensportdiscount.ch\\\/produkt\\\/bohning-armschutz-d-flector-polycarbonat-2-strap\\\/#breadcrumb\"},\"inLanguage\":\"it-IT\",\"potentialAction\":[{\"@type\":\"ReadAction\",\"target\":[\"https:\\\/\\\/bogensportdiscount.ch\\\/produkt\\\/bohning-armschutz-d-flector-polycarbonat-2-strap\\\/\"]}]},{\"@type\":\"ImageObject\",\"inLanguage\":\"it-IT\",\"@id\":\"https:\\\/\\\/bogensportdiscount.ch\\\/produkt\\\/bohning-armschutz-d-flector-polycarbonat-2-strap\\\/#primaryimage\",\"url\":\"https:\\\/\\\/bogensportdiscount.ch\\\/wp-content\\\/uploads\\\/bsm-images\\\/A009752_1.jpg\",\"contentUrl\":\"https:\\\/\\\/bogensportdiscount.ch\\\/wp-content\\\/uploads\\\/bsm-images\\\/A009752_1.jpg\",\"width\":1200,\"height\":476},{\"@type\":\"BreadcrumbList\",\"@id\":\"https:\\\/\\\/bogensportdiscount.ch\\\/produkt\\\/bohning-armschutz-d-flector-polycarbonat-2-strap\\\/#breadcrumb\",\"itemListElement\":[{\"@type\":\"ListItem\",\"position\":1,\"name\":\"Home\",\"item\":\"https:\\\/\\\/bogensportdiscount.ch\\\/\"},{\"@type\":\"ListItem\",\"position\":2,\"name\":\"Shop\",\"item\":\"https:\\\/\\\/bogensportdiscount.ch\\\/shop\\\/\"},{\"@type\":\"ListItem\",\"position\":3,\"name\":\"BOHNING EINZEL-ARMSCHUTZ D-FLECTOR POLYCARBONAT 2-BAND\"}]},{\"@type\":\"WebSite\",\"@id\":\"https:\\\/\\\/bogensportdiscount.ch\\\/#website\",\"url\":\"https:\\\/\\\/bogensportdiscount.ch\\\/\",\"name\":\"Bogensportdiscount\",\"description\":\"\",\"potentialAction\":[{\"@type\":\"SearchAction\",\"target\":{\"@type\":\"EntryPoint\",\"urlTemplate\":\"https:\\\/\\\/bogensportdiscount.ch\\\/?s={search_term_string}\"},\"query-input\":{\"@type\":\"PropertyValueSpecification\",\"valueRequired\":true,\"valueName\":\"search_term_string\"}}],\"inLanguage\":\"it-IT\"}]}<\/script>\n<!-- \/ Yoast SEO plugin. -->","yoast_head_json":{"title":"PROTEZIONE PER BRACCIO SINGOLA BOHNING D-FLECTOR IN POLICARBONATO A 2 CINGHIE - Bogensportdiscount \u2013 Archi, frecce, bersagli e accessori","description":"Protezione per un braccio BOHNING D-FLECTOR in policarbonato con 2 cinturini: acquista a un prezzo conveniente su Bogensportdiscount \u2013 Le migliori marche, spedizione veloce dalla Svizzera.","robots":{"index":"index","follow":"follow","max-snippet":"max-snippet:-1","max-image-preview":"max-image-preview:large","max-video-preview":"max-video-preview:-1"},"canonical":"https:\/\/bogensportdiscount.ch\/it\/prodotto\/bohning-armschutz-d-flector-polycarbonat-2-strap\/","og_locale":"it_IT","og_type":"article","og_title":"PROTEZIONE PER BRACCIO SINGOLA BOHNING D-FLECTOR IN POLICARBONATO A 2 CINGHIE - Bogensportdiscount \u2013 Archi, frecce, bersagli e accessori","og_description":"Protezione per un braccio BOHNING D-FLECTOR in policarbonato con 2 cinturini: acquista a un prezzo conveniente su Bogensportdiscount \u2013 Le migliori marche, spedizione veloce dalla Svizzera.","og_url":"https:\/\/bogensportdiscount.ch\/it\/prodotto\/bohning-armschutz-d-flector-polycarbonat-2-strap\/","og_site_name":"Bogensportdiscount \u2013 B\u00f6gen, Pfeile, Targets &amp; Zubeh\u00f6r","article_modified_time":"2026-04-22T09:38:52+00:00","og_image":[{"width":1200,"height":476,"url":"https:\/\/bogensportdiscount.ch\/wp-content\/uploads\/bsm-images\/A009752_1.jpg","type":"image\/jpeg"}],"twitter_card":"summary_large_image","schema":{"@context":"https:\/\/schema.org","@graph":[{"@type":"WebPage","@id":"https:\/\/bogensportdiscount.ch\/produkt\/bohning-armschutz-d-flector-polycarbonat-2-strap\/","url":"https:\/\/bogensportdiscount.ch\/produkt\/bohning-armschutz-d-flector-polycarbonat-2-strap\/","name":"PROTEZIONE PER BRACCIO SINGOLA BOHNING D-FLECTOR IN POLICARBONATO A 2 CINGHIE - Bogensportdiscount \u2013 Archi, frecce, bersagli e accessori","isPartOf":{"@id":"https:\/\/bogensportdiscount.ch\/#website"},"primaryImageOfPage":{"@id":"https:\/\/bogensportdiscount.ch\/produkt\/bohning-armschutz-d-flector-polycarbonat-2-strap\/#primaryimage"},"image":{"@id":"https:\/\/bogensportdiscount.ch\/produkt\/bohning-armschutz-d-flector-polycarbonat-2-strap\/#primaryimage"},"thumbnailUrl":"https:\/\/bogensportdiscount.ch\/wp-content\/uploads\/bsm-images\/A009752_1.jpg","datePublished":"2026-04-05T12:35:17+00:00","dateModified":"2026-04-22T09:38:52+00:00","description":"Protezione per un braccio BOHNING D-FLECTOR in policarbonato con 2 cinturini: acquista a un prezzo conveniente su Bogensportdiscount \u2013 Le migliori marche, spedizione veloce dalla Svizzera.","breadcrumb":{"@id":"https:\/\/bogensportdiscount.ch\/produkt\/bohning-armschutz-d-flector-polycarbonat-2-strap\/#breadcrumb"},"inLanguage":"it-IT","potentialAction":[{"@type":"ReadAction","target":["https:\/\/bogensportdiscount.ch\/produkt\/bohning-armschutz-d-flector-polycarbonat-2-strap\/"]}]},{"@type":"ImageObject","inLanguage":"it-IT","@id":"https:\/\/bogensportdiscount.ch\/produkt\/bohning-armschutz-d-flector-polycarbonat-2-strap\/#primaryimage","url":"https:\/\/bogensportdiscount.ch\/wp-content\/uploads\/bsm-images\/A009752_1.jpg","contentUrl":"https:\/\/bogensportdiscount.ch\/wp-content\/uploads\/bsm-images\/A009752_1.jpg","width":1200,"height":476},{"@type":"BreadcrumbList","@id":"https:\/\/bogensportdiscount.ch\/produkt\/bohning-armschutz-d-flector-polycarbonat-2-strap\/#breadcrumb","itemListElement":[{"@type":"ListItem","position":1,"name":"Home","item":"https:\/\/bogensportdiscount.ch\/"},{"@type":"ListItem","position":2,"name":"Shop","item":"https:\/\/bogensportdiscount.ch\/shop\/"},{"@type":"ListItem","position":3,"name":"BOHNING EINZEL-ARMSCHUTZ D-FLECTOR POLYCARBONAT 2-BAND"}]},{"@type":"WebSite","@id":"https:\/\/bogensportdiscount.ch\/#website","url":"https:\/\/bogensportdiscount.ch\/","name":"Bogensportdiscount","description":"","potentialAction":[{"@type":"SearchAction","target":{"@type":"EntryPoint","urlTemplate":"https:\/\/bogensportdiscount.ch\/?s={search_term_string}"},"query-input":{"@type":"PropertyValueSpecification","valueRequired":true,"valueName":"search_term_string"}}],"inLanguage":"it-IT"}]}},"_links":{"self":[{"href":"https:\/\/bogensportdiscount.ch\/it\/wp-json\/wp\/v2\/product\/394976","targetHints":{"allow":["GET"]}}],"collection":[{"href":"https:\/\/bogensportdiscount.ch\/it\/wp-json\/wp\/v2\/product"}],"about":[{"href":"https:\/\/bogensportdiscount.ch\/it\/wp-json\/wp\/v2\/types\/product"}],"replies":[{"embeddable":true,"href":"https:\/\/bogensportdiscount.ch\/it\/wp-json\/wp\/v2\/comments?post=394976"}],"wp:featuredmedia":[{"embeddable":true,"href":"https:\/\/bogensportdiscount.ch\/it\/wp-json\/wp\/v2\/media\/449086"}],"wp:attachment":[{"href":"https:\/\/bogensportdiscount.ch\/it\/wp-json\/wp\/v2\/media?parent=394976"}],"wp:term":[{"taxonomy":"product_brand","embeddable":true,"href":"https:\/\/bogensportdiscount.ch\/it\/wp-json\/wp\/v2\/product_brand?post=394976"},{"taxonomy":"product_cat","embeddable":true,"href":"https:\/\/bogensportdiscount.ch\/it\/wp-json\/wp\/v2\/product_cat?post=394976"},{"taxonomy":"product_tag","embeddable":true,"href":"https:\/\/bogensportdiscount.ch\/it\/wp-json\/wp\/v2\/product_tag?post=394976"}],"curies":[{"name":"wp","href":"https:\/\/api.w.org\/{rel}","templated":true}]}}