{"id":394901,"date":"2026-04-05T14:35:10","date_gmt":"2026-04-05T12:35:10","guid":{"rendered":"https:\/\/bogensportdiscount.ch\/produkt\/single-armguards-smart-rubber-with-magnet-clips-black\/"},"modified":"2026-04-23T15:42:41","modified_gmt":"2026-04-23T13:42:41","slug":"avalon-armschutz-smart-rubber-mit-magnetclips","status":"publish","type":"product","link":"https:\/\/bogensportdiscount.ch\/it\/produkt\/avalon-armschutz-smart-rubber-mit-magnetclips\/","title":{"rendered":"AVALON EINZEL ARMSCHUTZ SMART GUMMI mit MAGNET CLIPS"},"content":{"rendered":"<p>Der AVALON Smart Rubber Armschutz bietet Bogensch\u00fctzinnen und Bogensch\u00fctzen zuverl\u00e4ssigen Schutz vor der Bogensehne. Dank des Gummimaterials passt er sich flexibel an den Unterarm an und sorgt f\u00fcr einen sicheren Sitz beim Schiessen.<\/p>\n<p>Die integrierten Magnetclips erm\u00f6glichen ein besonders schnelles Anlegen und Abnehmen des Armschutzes ohne umst\u00e4ndliche Schnallen oder Klettverschl\u00fcsse. Der Armschutz ist in den Farben Schwarz, Blau und Rot erh\u00e4ltlich.<\/p>\n<ul>\n<li>Einfacher Armschutz aus Gummi<\/li>\n<li>Magnetclips f\u00fcr schnelle Befestigung<\/li>\n<li>Disponibile in nero, blu e rosso<\/li>\n<li>Geeignet f\u00fcr Bogensch\u00fctzinnen und Bogensch\u00fctzen aller Leistungsstufen<\/li>\n<\/ul>","protected":false},"excerpt":{"rendered":"<p>Der AVALON Smart Rubber Armschutz ist ein einfacher Armschutz aus Gummi mit praktischen Magnetclips zur schnellen Befestigung. Erh\u00e4ltlich in den Farben Schwarz, Blau und Rot.<\/p>","protected":false},"featured_media":449068,"comment_status":"open","ping_status":"closed","template":"","meta":[],"product_brand":[449],"product_cat":[4155],"product_tag":[],"class_list":{"0":"post-394901","1":"product","2":"type-product","3":"status-publish","4":"has-post-thumbnail","6":"product_brand-avalon","7":"product_cat-singel-armschutz","8":"product_shipping_class-bsd-standard","10":"first","11":"instock","12":"shipping-taxable","13":"purchasable","14":"product-type-variable"},"yoast_head":"<!-- This site is optimized with the Yoast SEO plugin v27.4 - https:\/\/yoast.com\/product\/yoast-seo-wordpress\/ -->\n<title>AVALON PARAGOMITO MONOPOSTO IN GOMMA SMART CON CLIP MAGNETICHE - Bogensportdiscount \u2013 Archi, frecce, bersagli e accessori<\/title>\n<meta name=\"description\" content=\"Acquista a un prezzo conveniente il PARAGOMITI MONOAVBRACCIO AVALON IN GOMMA SMART con MAGNET CLIPS su Bogensportdiscount \u2013 Le migliori marche, spedizione veloce dalla Svizzera.\" \/>\n<meta name=\"robots\" content=\"index, follow, max-snippet:-1, max-image-preview:large, max-video-preview:-1\" \/>\n<link rel=\"canonical\" href=\"https:\/\/bogensportdiscount.ch\/it\/prodotto\/avalon-armschutz-smart-rubber-mit-magnetclips\/\" \/>\n<meta property=\"og:locale\" content=\"it_IT\" \/>\n<meta property=\"og:type\" content=\"article\" \/>\n<meta property=\"og:title\" content=\"AVALON PARAGOMITO MONOPOSTO IN GOMMA SMART CON CLIP MAGNETICHE - Bogensportdiscount \u2013 Archi, frecce, bersagli e accessori\" \/>\n<meta property=\"og:description\" content=\"Acquista a un prezzo conveniente il PARAGOMITI MONOAVBRACCIO AVALON IN GOMMA SMART con MAGNET CLIPS su Bogensportdiscount \u2013 Le migliori marche, spedizione veloce dalla Svizzera.\" \/>\n<meta property=\"og:url\" content=\"https:\/\/bogensportdiscount.ch\/it\/prodotto\/avalon-armschutz-smart-rubber-mit-magnetclips\/\" \/>\n<meta property=\"og:site_name\" content=\"Bogensportdiscount \u2013 B\u00f6gen, Pfeile, Targets &amp; Zubeh\u00f6r\" \/>\n<meta property=\"article:modified_time\" content=\"2026-04-23T13:42:41+00:00\" \/>\n<meta property=\"og:image\" content=\"https:\/\/bogensportdiscount.ch\/wp-content\/uploads\/bsm-images\/A009670_1.png\" \/>\n\t<meta property=\"og:image:width\" content=\"5428\" \/>\n\t<meta property=\"og:image:height\" content=\"4033\" \/>\n\t<meta property=\"og:image:type\" content=\"image\/png\" \/>\n<meta name=\"twitter:card\" content=\"summary_large_image\" \/>\n<script type=\"application\/ld+json\" class=\"yoast-schema-graph\">{\"@context\":\"https:\\\/\\\/schema.org\",\"@graph\":[{\"@type\":\"WebPage\",\"@id\":\"https:\\\/\\\/bogensportdiscount.ch\\\/produkt\\\/avalon-armschutz-smart-rubber-mit-magnetclips\\\/\",\"url\":\"https:\\\/\\\/bogensportdiscount.ch\\\/produkt\\\/avalon-armschutz-smart-rubber-mit-magnetclips\\\/\",\"name\":\"AVALON EINZEL ARMSCHUTZ SMART GUMMI mit MAGNET CLIPS - Bogensportdiscount \u2013 B\u00f6gen, Pfeile, Targets &amp; Zubeh\u00f6r\",\"isPartOf\":{\"@id\":\"https:\\\/\\\/bogensportdiscount.ch\\\/#website\"},\"primaryImageOfPage\":{\"@id\":\"https:\\\/\\\/bogensportdiscount.ch\\\/produkt\\\/avalon-armschutz-smart-rubber-mit-magnetclips\\\/#primaryimage\"},\"image\":{\"@id\":\"https:\\\/\\\/bogensportdiscount.ch\\\/produkt\\\/avalon-armschutz-smart-rubber-mit-magnetclips\\\/#primaryimage\"},\"thumbnailUrl\":\"https:\\\/\\\/bogensportdiscount.ch\\\/wp-content\\\/uploads\\\/bsm-images\\\/A009670_1.png\",\"datePublished\":\"2026-04-05T12:35:10+00:00\",\"dateModified\":\"2026-04-23T13:42:41+00:00\",\"description\":\"AVALON EINZEL ARMSCHUTZ SMART GUMMI mit MAGNET CLIPS g\u00fcnstig kaufen bei Bogensportdiscount \u2013 Top-Marken, schneller Versand aus der Schweiz.\",\"breadcrumb\":{\"@id\":\"https:\\\/\\\/bogensportdiscount.ch\\\/produkt\\\/avalon-armschutz-smart-rubber-mit-magnetclips\\\/#breadcrumb\"},\"inLanguage\":\"it-IT\",\"potentialAction\":[{\"@type\":\"ReadAction\",\"target\":[\"https:\\\/\\\/bogensportdiscount.ch\\\/produkt\\\/avalon-armschutz-smart-rubber-mit-magnetclips\\\/\"]}]},{\"@type\":\"ImageObject\",\"inLanguage\":\"it-IT\",\"@id\":\"https:\\\/\\\/bogensportdiscount.ch\\\/produkt\\\/avalon-armschutz-smart-rubber-mit-magnetclips\\\/#primaryimage\",\"url\":\"https:\\\/\\\/bogensportdiscount.ch\\\/wp-content\\\/uploads\\\/bsm-images\\\/A009670_1.png\",\"contentUrl\":\"https:\\\/\\\/bogensportdiscount.ch\\\/wp-content\\\/uploads\\\/bsm-images\\\/A009670_1.png\",\"width\":5428,\"height\":4033},{\"@type\":\"BreadcrumbList\",\"@id\":\"https:\\\/\\\/bogensportdiscount.ch\\\/produkt\\\/avalon-armschutz-smart-rubber-mit-magnetclips\\\/#breadcrumb\",\"itemListElement\":[{\"@type\":\"ListItem\",\"position\":1,\"name\":\"Home\",\"item\":\"https:\\\/\\\/bogensportdiscount.ch\\\/\"},{\"@type\":\"ListItem\",\"position\":2,\"name\":\"Shop\",\"item\":\"https:\\\/\\\/bogensportdiscount.ch\\\/shop\\\/\"},{\"@type\":\"ListItem\",\"position\":3,\"name\":\"AVALON EINZEL ARMSCHUTZ SMART GUMMI mit MAGNET CLIPS\"}]},{\"@type\":\"WebSite\",\"@id\":\"https:\\\/\\\/bogensportdiscount.ch\\\/#website\",\"url\":\"https:\\\/\\\/bogensportdiscount.ch\\\/\",\"name\":\"Bogensportdiscount\",\"description\":\"\",\"potentialAction\":[{\"@type\":\"SearchAction\",\"target\":{\"@type\":\"EntryPoint\",\"urlTemplate\":\"https:\\\/\\\/bogensportdiscount.ch\\\/?s={search_term_string}\"},\"query-input\":{\"@type\":\"PropertyValueSpecification\",\"valueRequired\":true,\"valueName\":\"search_term_string\"}}],\"inLanguage\":\"it-IT\"}]}<\/script>\n<!-- \/ Yoast SEO plugin. -->","yoast_head_json":{"title":"AVALON PARAGOMITO MONOPOSTO IN GOMMA SMART CON CLIP MAGNETICHE - Bogensportdiscount \u2013 Archi, frecce, bersagli e accessori","description":"Acquista a un prezzo conveniente il PARAGOMITI MONOAVBRACCIO AVALON IN GOMMA SMART con MAGNET CLIPS su Bogensportdiscount \u2013 Le migliori marche, spedizione veloce dalla Svizzera.","robots":{"index":"index","follow":"follow","max-snippet":"max-snippet:-1","max-image-preview":"max-image-preview:large","max-video-preview":"max-video-preview:-1"},"canonical":"https:\/\/bogensportdiscount.ch\/it\/prodotto\/avalon-armschutz-smart-rubber-mit-magnetclips\/","og_locale":"it_IT","og_type":"article","og_title":"AVALON PARAGOMITO MONOPOSTO IN GOMMA SMART CON CLIP MAGNETICHE - Bogensportdiscount \u2013 Archi, frecce, bersagli e accessori","og_description":"Acquista a un prezzo conveniente il PARAGOMITI MONOAVBRACCIO AVALON IN GOMMA SMART con MAGNET CLIPS su Bogensportdiscount \u2013 Le migliori marche, spedizione veloce dalla Svizzera.","og_url":"https:\/\/bogensportdiscount.ch\/it\/prodotto\/avalon-armschutz-smart-rubber-mit-magnetclips\/","og_site_name":"Bogensportdiscount \u2013 B\u00f6gen, Pfeile, Targets &amp; Zubeh\u00f6r","article_modified_time":"2026-04-23T13:42:41+00:00","og_image":[{"url":"https:\/\/bogensportdiscount.ch\/wp-content\/uploads\/bsm-images\/A009670_1.png","width":5428,"height":4033,"type":"image\/png"}],"twitter_card":"summary_large_image","schema":{"@context":"https:\/\/schema.org","@graph":[{"@type":"WebPage","@id":"https:\/\/bogensportdiscount.ch\/produkt\/avalon-armschutz-smart-rubber-mit-magnetclips\/","url":"https:\/\/bogensportdiscount.ch\/produkt\/avalon-armschutz-smart-rubber-mit-magnetclips\/","name":"AVALON PARAGOMITO MONOPOSTO IN GOMMA SMART CON CLIP MAGNETICHE - Bogensportdiscount \u2013 Archi, frecce, bersagli e accessori","isPartOf":{"@id":"https:\/\/bogensportdiscount.ch\/#website"},"primaryImageOfPage":{"@id":"https:\/\/bogensportdiscount.ch\/produkt\/avalon-armschutz-smart-rubber-mit-magnetclips\/#primaryimage"},"image":{"@id":"https:\/\/bogensportdiscount.ch\/produkt\/avalon-armschutz-smart-rubber-mit-magnetclips\/#primaryimage"},"thumbnailUrl":"https:\/\/bogensportdiscount.ch\/wp-content\/uploads\/bsm-images\/A009670_1.png","datePublished":"2026-04-05T12:35:10+00:00","dateModified":"2026-04-23T13:42:41+00:00","description":"Acquista a un prezzo conveniente il PARAGOMITI MONOAVBRACCIO AVALON IN GOMMA SMART con MAGNET CLIPS su Bogensportdiscount \u2013 Le migliori marche, spedizione veloce dalla Svizzera.","breadcrumb":{"@id":"https:\/\/bogensportdiscount.ch\/produkt\/avalon-armschutz-smart-rubber-mit-magnetclips\/#breadcrumb"},"inLanguage":"it-IT","potentialAction":[{"@type":"ReadAction","target":["https:\/\/bogensportdiscount.ch\/produkt\/avalon-armschutz-smart-rubber-mit-magnetclips\/"]}]},{"@type":"ImageObject","inLanguage":"it-IT","@id":"https:\/\/bogensportdiscount.ch\/produkt\/avalon-armschutz-smart-rubber-mit-magnetclips\/#primaryimage","url":"https:\/\/bogensportdiscount.ch\/wp-content\/uploads\/bsm-images\/A009670_1.png","contentUrl":"https:\/\/bogensportdiscount.ch\/wp-content\/uploads\/bsm-images\/A009670_1.png","width":5428,"height":4033},{"@type":"BreadcrumbList","@id":"https:\/\/bogensportdiscount.ch\/produkt\/avalon-armschutz-smart-rubber-mit-magnetclips\/#breadcrumb","itemListElement":[{"@type":"ListItem","position":1,"name":"Home","item":"https:\/\/bogensportdiscount.ch\/"},{"@type":"ListItem","position":2,"name":"Shop","item":"https:\/\/bogensportdiscount.ch\/shop\/"},{"@type":"ListItem","position":3,"name":"AVALON EINZEL ARMSCHUTZ SMART GUMMI mit MAGNET CLIPS"}]},{"@type":"WebSite","@id":"https:\/\/bogensportdiscount.ch\/#website","url":"https:\/\/bogensportdiscount.ch\/","name":"Bogensportdiscount","description":"","potentialAction":[{"@type":"SearchAction","target":{"@type":"EntryPoint","urlTemplate":"https:\/\/bogensportdiscount.ch\/?s={search_term_string}"},"query-input":{"@type":"PropertyValueSpecification","valueRequired":true,"valueName":"search_term_string"}}],"inLanguage":"it-IT"}]}},"_links":{"self":[{"href":"https:\/\/bogensportdiscount.ch\/it\/wp-json\/wp\/v2\/product\/394901","targetHints":{"allow":["GET"]}}],"collection":[{"href":"https:\/\/bogensportdiscount.ch\/it\/wp-json\/wp\/v2\/product"}],"about":[{"href":"https:\/\/bogensportdiscount.ch\/it\/wp-json\/wp\/v2\/types\/product"}],"replies":[{"embeddable":true,"href":"https:\/\/bogensportdiscount.ch\/it\/wp-json\/wp\/v2\/comments?post=394901"}],"wp:featuredmedia":[{"embeddable":true,"href":"https:\/\/bogensportdiscount.ch\/it\/wp-json\/wp\/v2\/media\/449068"}],"wp:attachment":[{"href":"https:\/\/bogensportdiscount.ch\/it\/wp-json\/wp\/v2\/media?parent=394901"}],"wp:term":[{"taxonomy":"product_brand","embeddable":true,"href":"https:\/\/bogensportdiscount.ch\/it\/wp-json\/wp\/v2\/product_brand?post=394901"},{"taxonomy":"product_cat","embeddable":true,"href":"https:\/\/bogensportdiscount.ch\/it\/wp-json\/wp\/v2\/product_cat?post=394901"},{"taxonomy":"product_tag","embeddable":true,"href":"https:\/\/bogensportdiscount.ch\/it\/wp-json\/wp\/v2\/product_tag?post=394901"}],"curies":[{"name":"wp","href":"https:\/\/api.w.org\/{rel}","templated":true}]}}