{"id":394881,"date":"2026-04-05T14:35:08","date_gmt":"2026-04-05T12:35:08","guid":{"rendered":"https:\/\/bogensportdiscount.ch\/produkt\/single-armguards-polycarbonate-clear-01\/"},"modified":"2026-04-22T11:29:26","modified_gmt":"2026-04-22T09:29:26","slug":"beiter-armschutz-single-polycarbonate","status":"publish","type":"product","link":"https:\/\/bogensportdiscount.ch\/it\/prodotto\/beiter-armschutz-single-polycarbonate\/","title":{"rendered":"BEITER EINZEL-ARMSCHUTZ POLYCARBONAT"},"content":{"rendered":"<p>Der BEITER Single Armschutz aus Polycarbonat ist ein einfacher, leichter Armschutz f\u00fcr Bogensch\u00fctzen. Er sch\u00fctzt den Unterarm vor dem Aufprall der Bogensehne beim Schuss und eignet sich f\u00fcr den regelm\u00e4ssigen Einsatz im Training und Wettkampf.<\/p>\n<p>Das robuste Polycarbonat-Material sorgt f\u00fcr eine hohe Langlebigkeit bei geringem Gewicht. Der Armschutz ist in neun verschiedenen Farben erh\u00e4ltlich, sodass eine individuelle Auswahl m\u00f6glich ist.<\/p>\n<ul>\n<li>Material: Polycarbonat<\/li>\n<li>Einfacher Armschutz (Single)<\/li>\n<li>Prodotto in Germania<\/li>\n<li>Disponibile in 9 colori<\/li>\n<\/ul>","protected":false},"excerpt":{"rendered":"<p>Der BEITER Single Armschutz aus Polycarbonat bietet zuverl\u00e4ssigen Schutz vor der Bogensehne. Erh\u00e4ltlich in neun Farben: Schwarz, Blau, Gr\u00fcn, Orange, Pink, Lila, Rot, Weiss und Gelb. Hergestellt in Deutschland.<\/p>","protected":false},"featured_media":449066,"comment_status":"open","ping_status":"closed","template":"","meta":[],"product_brand":[419],"product_cat":[4155],"product_tag":[],"class_list":{"0":"post-394881","1":"product","2":"type-product","3":"status-publish","4":"has-post-thumbnail","6":"product_brand-beiter","7":"product_cat-singel-armschutz","8":"product_shipping_class-bsd-standard","10":"first","11":"instock","12":"shipping-taxable","13":"purchasable","14":"product-type-variable"},"yoast_head":"<!-- This site is optimized with the Yoast SEO plugin v27.4 - https:\/\/yoast.com\/product\/yoast-seo-wordpress\/ -->\n<title>PROTEZIONE PER BRACCIO SINGOLA BEITER IN POLICARBONATO - Bogensportdiscount \u2013 Archi, frecce, bersagli e accessori<\/title>\n<meta name=\"description\" content=\"Acquista BEITER PROTEZIONI PER BRACCIA SINGOLE IN POLICARBONATO a un prezzo conveniente su Bogensportdiscount \u2013 Le migliori marche, spedizione veloce dalla Svizzera.\" \/>\n<meta name=\"robots\" content=\"index, follow, max-snippet:-1, max-image-preview:large, max-video-preview:-1\" \/>\n<link rel=\"canonical\" href=\"https:\/\/bogensportdiscount.ch\/it\/prodotto\/beiter-armschutz-single-polycarbonate\/\" \/>\n<meta property=\"og:locale\" content=\"it_IT\" \/>\n<meta property=\"og:type\" content=\"article\" \/>\n<meta property=\"og:title\" content=\"PROTEZIONE PER BRACCIO SINGOLA BEITER IN POLICARBONATO - Bogensportdiscount \u2013 Archi, frecce, bersagli e accessori\" \/>\n<meta property=\"og:description\" content=\"Acquista BEITER PROTEZIONI PER BRACCIA SINGOLE IN POLICARBONATO a un prezzo conveniente su Bogensportdiscount \u2013 Le migliori marche, spedizione veloce dalla Svizzera.\" \/>\n<meta property=\"og:url\" content=\"https:\/\/bogensportdiscount.ch\/it\/prodotto\/beiter-armschutz-single-polycarbonate\/\" \/>\n<meta property=\"og:site_name\" content=\"Bogensportdiscount \u2013 B\u00f6gen, Pfeile, Targets &amp; Zubeh\u00f6r\" \/>\n<meta property=\"article:modified_time\" content=\"2026-04-22T09:29:26+00:00\" \/>\n<meta property=\"og:image\" content=\"https:\/\/bogensportdiscount.ch\/wp-content\/uploads\/bsm-images\/A009642_1.jpg\" \/>\n\t<meta property=\"og:image:width\" content=\"1772\" \/>\n\t<meta property=\"og:image:height\" content=\"1181\" \/>\n\t<meta property=\"og:image:type\" content=\"image\/jpeg\" \/>\n<meta name=\"twitter:card\" content=\"summary_large_image\" \/>\n<script type=\"application\/ld+json\" class=\"yoast-schema-graph\">{\"@context\":\"https:\\\/\\\/schema.org\",\"@graph\":[{\"@type\":\"WebPage\",\"@id\":\"https:\\\/\\\/bogensportdiscount.ch\\\/produkt\\\/beiter-armschutz-single-polycarbonate\\\/\",\"url\":\"https:\\\/\\\/bogensportdiscount.ch\\\/produkt\\\/beiter-armschutz-single-polycarbonate\\\/\",\"name\":\"BEITER EINZEL-ARMSCHUTZ POLYCARBONAT - Bogensportdiscount \u2013 B\u00f6gen, Pfeile, Targets &amp; Zubeh\u00f6r\",\"isPartOf\":{\"@id\":\"https:\\\/\\\/bogensportdiscount.ch\\\/#website\"},\"primaryImageOfPage\":{\"@id\":\"https:\\\/\\\/bogensportdiscount.ch\\\/produkt\\\/beiter-armschutz-single-polycarbonate\\\/#primaryimage\"},\"image\":{\"@id\":\"https:\\\/\\\/bogensportdiscount.ch\\\/produkt\\\/beiter-armschutz-single-polycarbonate\\\/#primaryimage\"},\"thumbnailUrl\":\"https:\\\/\\\/bogensportdiscount.ch\\\/wp-content\\\/uploads\\\/bsm-images\\\/A009642_1.jpg\",\"datePublished\":\"2026-04-05T12:35:08+00:00\",\"dateModified\":\"2026-04-22T09:29:26+00:00\",\"description\":\"BEITER EINZEL-ARMSCHUTZ POLYCARBONAT g\u00fcnstig kaufen bei Bogensportdiscount \u2013 Top-Marken, schneller Versand aus der Schweiz.\",\"breadcrumb\":{\"@id\":\"https:\\\/\\\/bogensportdiscount.ch\\\/produkt\\\/beiter-armschutz-single-polycarbonate\\\/#breadcrumb\"},\"inLanguage\":\"it-IT\",\"potentialAction\":[{\"@type\":\"ReadAction\",\"target\":[\"https:\\\/\\\/bogensportdiscount.ch\\\/produkt\\\/beiter-armschutz-single-polycarbonate\\\/\"]}]},{\"@type\":\"ImageObject\",\"inLanguage\":\"it-IT\",\"@id\":\"https:\\\/\\\/bogensportdiscount.ch\\\/produkt\\\/beiter-armschutz-single-polycarbonate\\\/#primaryimage\",\"url\":\"https:\\\/\\\/bogensportdiscount.ch\\\/wp-content\\\/uploads\\\/bsm-images\\\/A009642_1.jpg\",\"contentUrl\":\"https:\\\/\\\/bogensportdiscount.ch\\\/wp-content\\\/uploads\\\/bsm-images\\\/A009642_1.jpg\",\"width\":1772,\"height\":1181},{\"@type\":\"BreadcrumbList\",\"@id\":\"https:\\\/\\\/bogensportdiscount.ch\\\/produkt\\\/beiter-armschutz-single-polycarbonate\\\/#breadcrumb\",\"itemListElement\":[{\"@type\":\"ListItem\",\"position\":1,\"name\":\"Home\",\"item\":\"https:\\\/\\\/bogensportdiscount.ch\\\/\"},{\"@type\":\"ListItem\",\"position\":2,\"name\":\"Shop\",\"item\":\"https:\\\/\\\/bogensportdiscount.ch\\\/shop\\\/\"},{\"@type\":\"ListItem\",\"position\":3,\"name\":\"BEITER EINZEL-ARMSCHUTZ POLYCARBONAT\"}]},{\"@type\":\"WebSite\",\"@id\":\"https:\\\/\\\/bogensportdiscount.ch\\\/#website\",\"url\":\"https:\\\/\\\/bogensportdiscount.ch\\\/\",\"name\":\"Bogensportdiscount\",\"description\":\"\",\"potentialAction\":[{\"@type\":\"SearchAction\",\"target\":{\"@type\":\"EntryPoint\",\"urlTemplate\":\"https:\\\/\\\/bogensportdiscount.ch\\\/?s={search_term_string}\"},\"query-input\":{\"@type\":\"PropertyValueSpecification\",\"valueRequired\":true,\"valueName\":\"search_term_string\"}}],\"inLanguage\":\"it-IT\"}]}<\/script>\n<!-- \/ Yoast SEO plugin. -->","yoast_head_json":{"title":"PROTEZIONE PER BRACCIO SINGOLA BEITER IN POLICARBONATO - Bogensportdiscount \u2013 Archi, frecce, bersagli e accessori","description":"Acquista BEITER PROTEZIONI PER BRACCIA SINGOLE IN POLICARBONATO a un prezzo conveniente su Bogensportdiscount \u2013 Le migliori marche, spedizione veloce dalla Svizzera.","robots":{"index":"index","follow":"follow","max-snippet":"max-snippet:-1","max-image-preview":"max-image-preview:large","max-video-preview":"max-video-preview:-1"},"canonical":"https:\/\/bogensportdiscount.ch\/it\/prodotto\/beiter-armschutz-single-polycarbonate\/","og_locale":"it_IT","og_type":"article","og_title":"PROTEZIONE PER BRACCIO SINGOLA BEITER IN POLICARBONATO - Bogensportdiscount \u2013 Archi, frecce, bersagli e accessori","og_description":"Acquista BEITER PROTEZIONI PER BRACCIA SINGOLE IN POLICARBONATO a un prezzo conveniente su Bogensportdiscount \u2013 Le migliori marche, spedizione veloce dalla Svizzera.","og_url":"https:\/\/bogensportdiscount.ch\/it\/prodotto\/beiter-armschutz-single-polycarbonate\/","og_site_name":"Bogensportdiscount \u2013 B\u00f6gen, Pfeile, Targets &amp; Zubeh\u00f6r","article_modified_time":"2026-04-22T09:29:26+00:00","og_image":[{"width":1772,"height":1181,"url":"https:\/\/bogensportdiscount.ch\/wp-content\/uploads\/bsm-images\/A009642_1.jpg","type":"image\/jpeg"}],"twitter_card":"summary_large_image","schema":{"@context":"https:\/\/schema.org","@graph":[{"@type":"WebPage","@id":"https:\/\/bogensportdiscount.ch\/produkt\/beiter-armschutz-single-polycarbonate\/","url":"https:\/\/bogensportdiscount.ch\/produkt\/beiter-armschutz-single-polycarbonate\/","name":"PROTEZIONE PER BRACCIO SINGOLA BEITER IN POLICARBONATO - Bogensportdiscount \u2013 Archi, frecce, bersagli e accessori","isPartOf":{"@id":"https:\/\/bogensportdiscount.ch\/#website"},"primaryImageOfPage":{"@id":"https:\/\/bogensportdiscount.ch\/produkt\/beiter-armschutz-single-polycarbonate\/#primaryimage"},"image":{"@id":"https:\/\/bogensportdiscount.ch\/produkt\/beiter-armschutz-single-polycarbonate\/#primaryimage"},"thumbnailUrl":"https:\/\/bogensportdiscount.ch\/wp-content\/uploads\/bsm-images\/A009642_1.jpg","datePublished":"2026-04-05T12:35:08+00:00","dateModified":"2026-04-22T09:29:26+00:00","description":"Acquista BEITER PROTEZIONI PER BRACCIA SINGOLE IN POLICARBONATO a un prezzo conveniente su Bogensportdiscount \u2013 Le migliori marche, spedizione veloce dalla Svizzera.","breadcrumb":{"@id":"https:\/\/bogensportdiscount.ch\/produkt\/beiter-armschutz-single-polycarbonate\/#breadcrumb"},"inLanguage":"it-IT","potentialAction":[{"@type":"ReadAction","target":["https:\/\/bogensportdiscount.ch\/produkt\/beiter-armschutz-single-polycarbonate\/"]}]},{"@type":"ImageObject","inLanguage":"it-IT","@id":"https:\/\/bogensportdiscount.ch\/produkt\/beiter-armschutz-single-polycarbonate\/#primaryimage","url":"https:\/\/bogensportdiscount.ch\/wp-content\/uploads\/bsm-images\/A009642_1.jpg","contentUrl":"https:\/\/bogensportdiscount.ch\/wp-content\/uploads\/bsm-images\/A009642_1.jpg","width":1772,"height":1181},{"@type":"BreadcrumbList","@id":"https:\/\/bogensportdiscount.ch\/produkt\/beiter-armschutz-single-polycarbonate\/#breadcrumb","itemListElement":[{"@type":"ListItem","position":1,"name":"Home","item":"https:\/\/bogensportdiscount.ch\/"},{"@type":"ListItem","position":2,"name":"Shop","item":"https:\/\/bogensportdiscount.ch\/shop\/"},{"@type":"ListItem","position":3,"name":"BEITER EINZEL-ARMSCHUTZ POLYCARBONAT"}]},{"@type":"WebSite","@id":"https:\/\/bogensportdiscount.ch\/#website","url":"https:\/\/bogensportdiscount.ch\/","name":"Bogensportdiscount","description":"","potentialAction":[{"@type":"SearchAction","target":{"@type":"EntryPoint","urlTemplate":"https:\/\/bogensportdiscount.ch\/?s={search_term_string}"},"query-input":{"@type":"PropertyValueSpecification","valueRequired":true,"valueName":"search_term_string"}}],"inLanguage":"it-IT"}]}},"_links":{"self":[{"href":"https:\/\/bogensportdiscount.ch\/it\/wp-json\/wp\/v2\/product\/394881","targetHints":{"allow":["GET"]}}],"collection":[{"href":"https:\/\/bogensportdiscount.ch\/it\/wp-json\/wp\/v2\/product"}],"about":[{"href":"https:\/\/bogensportdiscount.ch\/it\/wp-json\/wp\/v2\/types\/product"}],"replies":[{"embeddable":true,"href":"https:\/\/bogensportdiscount.ch\/it\/wp-json\/wp\/v2\/comments?post=394881"}],"wp:featuredmedia":[{"embeddable":true,"href":"https:\/\/bogensportdiscount.ch\/it\/wp-json\/wp\/v2\/media\/449066"}],"wp:attachment":[{"href":"https:\/\/bogensportdiscount.ch\/it\/wp-json\/wp\/v2\/media?parent=394881"}],"wp:term":[{"taxonomy":"product_brand","embeddable":true,"href":"https:\/\/bogensportdiscount.ch\/it\/wp-json\/wp\/v2\/product_brand?post=394881"},{"taxonomy":"product_cat","embeddable":true,"href":"https:\/\/bogensportdiscount.ch\/it\/wp-json\/wp\/v2\/product_cat?post=394881"},{"taxonomy":"product_tag","embeddable":true,"href":"https:\/\/bogensportdiscount.ch\/it\/wp-json\/wp\/v2\/product_tag?post=394881"}],"curies":[{"name":"wp","href":"https:\/\/api.w.org\/{rel}","templated":true}]}}