{"id":394855,"date":"2026-04-05T14:35:05","date_gmt":"2026-04-05T12:35:05","guid":{"rendered":"https:\/\/bogensportdiscount.ch\/produkt\/single-armguards-ab4-ventilated-leather-2-fasteners-white\/"},"modified":"2026-04-20T13:32:05","modified_gmt":"2026-04-20T11:32:05","slug":"gompy-armschutz-ab4-belueftet-leder-2-verschluesse","status":"publish","type":"product","link":"https:\/\/bogensportdiscount.ch\/it\/prodotto\/gompy-armschutz-ab4-belueftet-leder-2-verschluesse\/","title":{"rendered":"GOMPY EINZEL-ARMSCHUTZ AB4 BELUEFTETES LEDER 2 VERSCHLUESSE"},"content":{"rendered":"<p>Der GOMPY AB4 Armschutz sch\u00fctzt den Unterarm zuverl\u00e4ssig vor dem Bogensehnenr\u00fcckschlag. Das bel\u00fcftete Leder sorgt f\u00fcr eine gute Luftzirkulation, was den Tragekomfort bei l\u00e4ngeren Schiesseinheiten verbessert.<\/p>\n<p>Der Armschutz wird mit 2 Befestigungsverschl\u00fcssen sicher am Arm fixiert und l\u00e4sst sich einfach anlegen sowie abnehmen. Er ist in den Farben Schwarz und Weiss erh\u00e4ltlich.<\/p>\n<ul>\n<li>Material: Bel\u00fcftetes Leder<\/li>\n<li>2 Befestigungsverschl\u00fcsse f\u00fcr sicheren Halt<\/li>\n<li>Disponibile in nero e bianco<\/li>\n<li>Prodotto nei Paesi Bassi<\/li>\n<\/ul>","protected":false},"excerpt":{"rendered":"<p>Der GOMPY AB4 ist ein einfacher Armschutz aus bel\u00fcftetem Leder mit 2 Befestigungsverschl\u00fcssen. Erh\u00e4ltlich in Schwarz und Weiss. Geeignet f\u00fcr Bogensch\u00fctzen, die einen leichten und atmungsaktiven Schutz suchen.<\/p>","protected":false},"featured_media":449061,"comment_status":"open","ping_status":"closed","template":"","meta":[],"product_brand":[596],"product_cat":[4155],"product_tag":[],"class_list":{"0":"post-394855","1":"product","2":"type-product","3":"status-publish","4":"has-post-thumbnail","6":"product_brand-gompy","7":"product_cat-singel-armschutz","8":"product_shipping_class-bsd-standard","10":"first","11":"instock","12":"shipping-taxable","13":"purchasable","14":"product-type-variable"},"yoast_head":"<!-- This site is optimized with the Yoast SEO plugin v27.4 - https:\/\/yoast.com\/product\/yoast-seo-wordpress\/ -->\n<title>GOMPY PARAGOMITO SINGOLO AB4 IN PELLE TRASPARENTE CON 2 CHIUSURE - Bogensportdiscount \u2013 Archi, frecce, bersagli e accessori<\/title>\n<meta name=\"description\" content=\"Protezione per un braccio GOMPY AB4 in pelle traspirante con LED e 2 chiusure: acquista a un prezzo conveniente su Bogensportdiscount \u2013 Marchi di punta, spedizione veloce dalla Svizzera.\" \/>\n<meta name=\"robots\" content=\"index, follow, max-snippet:-1, max-image-preview:large, max-video-preview:-1\" \/>\n<link rel=\"canonical\" href=\"https:\/\/bogensportdiscount.ch\/it\/prodotto\/gompy-armschutz-ab4-belueftet-leder-2-verschluesse\/\" \/>\n<meta property=\"og:locale\" content=\"it_IT\" \/>\n<meta property=\"og:type\" content=\"article\" \/>\n<meta property=\"og:title\" content=\"GOMPY PARAGOMITO SINGOLO AB4 IN PELLE TRASPIARENTE CON 2 CHIUSURE - Bogensportdiscount \u2013 Archi, frecce, bersagli e accessori\" \/>\n<meta property=\"og:description\" content=\"Protezione per un braccio GOMPY AB4 in pelle traspirante con LED e 2 chiusure: acquista a un prezzo conveniente su Bogensportdiscount \u2013 Marchi di punta, spedizione veloce dalla Svizzera.\" \/>\n<meta property=\"og:url\" content=\"https:\/\/bogensportdiscount.ch\/it\/prodotto\/gompy-armschutz-ab4-belueftet-leder-2-verschluesse\/\" \/>\n<meta property=\"og:site_name\" content=\"Bogensportdiscount \u2013 B\u00f6gen, Pfeile, Targets &amp; Zubeh\u00f6r\" \/>\n<meta property=\"article:modified_time\" content=\"2026-04-20T11:32:05+00:00\" \/>\n<meta property=\"og:image\" content=\"https:\/\/bogensportdiscount.ch\/wp-content\/uploads\/bsm-images\/A009616_1.png\" \/>\n\t<meta property=\"og:image:width\" content=\"1702\" \/>\n\t<meta property=\"og:image:height\" content=\"1191\" \/>\n\t<meta property=\"og:image:type\" content=\"image\/png\" \/>\n<meta name=\"twitter:card\" content=\"summary_large_image\" \/>\n<script type=\"application\/ld+json\" class=\"yoast-schema-graph\">{\"@context\":\"https:\\\/\\\/schema.org\",\"@graph\":[{\"@type\":\"WebPage\",\"@id\":\"https:\\\/\\\/bogensportdiscount.ch\\\/produkt\\\/gompy-armschutz-ab4-belueftet-leder-2-verschluesse\\\/\",\"url\":\"https:\\\/\\\/bogensportdiscount.ch\\\/produkt\\\/gompy-armschutz-ab4-belueftet-leder-2-verschluesse\\\/\",\"name\":\"GOMPY EINZEL-ARMSCHUTZ AB4 BELUEFTETES LEDER 2 VERSCHLUESSE - Bogensportdiscount \u2013 B\u00f6gen, Pfeile, Targets &amp; Zubeh\u00f6r\",\"isPartOf\":{\"@id\":\"https:\\\/\\\/bogensportdiscount.ch\\\/#website\"},\"primaryImageOfPage\":{\"@id\":\"https:\\\/\\\/bogensportdiscount.ch\\\/produkt\\\/gompy-armschutz-ab4-belueftet-leder-2-verschluesse\\\/#primaryimage\"},\"image\":{\"@id\":\"https:\\\/\\\/bogensportdiscount.ch\\\/produkt\\\/gompy-armschutz-ab4-belueftet-leder-2-verschluesse\\\/#primaryimage\"},\"thumbnailUrl\":\"https:\\\/\\\/bogensportdiscount.ch\\\/wp-content\\\/uploads\\\/bsm-images\\\/A009616_1.png\",\"datePublished\":\"2026-04-05T12:35:05+00:00\",\"dateModified\":\"2026-04-20T11:32:05+00:00\",\"description\":\"GOMPY EINZEL-ARMSCHUTZ AB4 BELUEFTETES LEDER 2 VERSCHLUESSE g\u00fcnstig kaufen bei Bogensportdiscount \u2013 Top-Marken, schneller Versand aus der Schweiz.\",\"breadcrumb\":{\"@id\":\"https:\\\/\\\/bogensportdiscount.ch\\\/produkt\\\/gompy-armschutz-ab4-belueftet-leder-2-verschluesse\\\/#breadcrumb\"},\"inLanguage\":\"it-IT\",\"potentialAction\":[{\"@type\":\"ReadAction\",\"target\":[\"https:\\\/\\\/bogensportdiscount.ch\\\/produkt\\\/gompy-armschutz-ab4-belueftet-leder-2-verschluesse\\\/\"]}]},{\"@type\":\"ImageObject\",\"inLanguage\":\"it-IT\",\"@id\":\"https:\\\/\\\/bogensportdiscount.ch\\\/produkt\\\/gompy-armschutz-ab4-belueftet-leder-2-verschluesse\\\/#primaryimage\",\"url\":\"https:\\\/\\\/bogensportdiscount.ch\\\/wp-content\\\/uploads\\\/bsm-images\\\/A009616_1.png\",\"contentUrl\":\"https:\\\/\\\/bogensportdiscount.ch\\\/wp-content\\\/uploads\\\/bsm-images\\\/A009616_1.png\",\"width\":1702,\"height\":1191},{\"@type\":\"BreadcrumbList\",\"@id\":\"https:\\\/\\\/bogensportdiscount.ch\\\/produkt\\\/gompy-armschutz-ab4-belueftet-leder-2-verschluesse\\\/#breadcrumb\",\"itemListElement\":[{\"@type\":\"ListItem\",\"position\":1,\"name\":\"Home\",\"item\":\"https:\\\/\\\/bogensportdiscount.ch\\\/\"},{\"@type\":\"ListItem\",\"position\":2,\"name\":\"Shop\",\"item\":\"https:\\\/\\\/bogensportdiscount.ch\\\/shop\\\/\"},{\"@type\":\"ListItem\",\"position\":3,\"name\":\"GOMPY EINZEL-ARMSCHUTZ AB4 BELUEFTETES LEDER 2 VERSCHLUESSE\"}]},{\"@type\":\"WebSite\",\"@id\":\"https:\\\/\\\/bogensportdiscount.ch\\\/#website\",\"url\":\"https:\\\/\\\/bogensportdiscount.ch\\\/\",\"name\":\"Bogensportdiscount\",\"description\":\"\",\"potentialAction\":[{\"@type\":\"SearchAction\",\"target\":{\"@type\":\"EntryPoint\",\"urlTemplate\":\"https:\\\/\\\/bogensportdiscount.ch\\\/?s={search_term_string}\"},\"query-input\":{\"@type\":\"PropertyValueSpecification\",\"valueRequired\":true,\"valueName\":\"search_term_string\"}}],\"inLanguage\":\"it-IT\"}]}<\/script>\n<!-- \/ Yoast SEO plugin. -->","yoast_head_json":{"title":"GOMPY PARAGOMITO SINGOLO AB4 IN PELLE TRASPARENTE CON 2 CHIUSURE - Bogensportdiscount \u2013 Archi, frecce, bersagli e accessori","description":"Protezione per un braccio GOMPY AB4 in pelle traspirante con LED e 2 chiusure: acquista a un prezzo conveniente su Bogensportdiscount \u2013 Marchi di punta, spedizione veloce dalla Svizzera.","robots":{"index":"index","follow":"follow","max-snippet":"max-snippet:-1","max-image-preview":"max-image-preview:large","max-video-preview":"max-video-preview:-1"},"canonical":"https:\/\/bogensportdiscount.ch\/it\/prodotto\/gompy-armschutz-ab4-belueftet-leder-2-verschluesse\/","og_locale":"it_IT","og_type":"article","og_title":"GOMPY PARAGOMITO SINGOLO AB4 IN PELLE TRASPIARENTE CON 2 CHIUSURE - Bogensportdiscount \u2013 Archi, frecce, bersagli e accessori","og_description":"Protezione per un braccio GOMPY AB4 in pelle traspirante con LED e 2 chiusure: acquista a un prezzo conveniente su Bogensportdiscount \u2013 Marchi di punta, spedizione veloce dalla Svizzera.","og_url":"https:\/\/bogensportdiscount.ch\/it\/prodotto\/gompy-armschutz-ab4-belueftet-leder-2-verschluesse\/","og_site_name":"Bogensportdiscount \u2013 B\u00f6gen, Pfeile, Targets &amp; Zubeh\u00f6r","article_modified_time":"2026-04-20T11:32:05+00:00","og_image":[{"width":1702,"height":1191,"url":"https:\/\/bogensportdiscount.ch\/wp-content\/uploads\/bsm-images\/A009616_1.png","type":"image\/png"}],"twitter_card":"summary_large_image","schema":{"@context":"https:\/\/schema.org","@graph":[{"@type":"WebPage","@id":"https:\/\/bogensportdiscount.ch\/produkt\/gompy-armschutz-ab4-belueftet-leder-2-verschluesse\/","url":"https:\/\/bogensportdiscount.ch\/produkt\/gompy-armschutz-ab4-belueftet-leder-2-verschluesse\/","name":"GOMPY PARAGOMITO SINGOLO AB4 IN PELLE TRASPIARENTE CON 2 CHIUSURE - Bogensportdiscount \u2013 Archi, frecce, bersagli e accessori","isPartOf":{"@id":"https:\/\/bogensportdiscount.ch\/#website"},"primaryImageOfPage":{"@id":"https:\/\/bogensportdiscount.ch\/produkt\/gompy-armschutz-ab4-belueftet-leder-2-verschluesse\/#primaryimage"},"image":{"@id":"https:\/\/bogensportdiscount.ch\/produkt\/gompy-armschutz-ab4-belueftet-leder-2-verschluesse\/#primaryimage"},"thumbnailUrl":"https:\/\/bogensportdiscount.ch\/wp-content\/uploads\/bsm-images\/A009616_1.png","datePublished":"2026-04-05T12:35:05+00:00","dateModified":"2026-04-20T11:32:05+00:00","description":"Protezione per un braccio GOMPY AB4 in pelle traspirante con LED e 2 chiusure: acquista a un prezzo conveniente su Bogensportdiscount \u2013 Marchi di punta, spedizione veloce dalla Svizzera.","breadcrumb":{"@id":"https:\/\/bogensportdiscount.ch\/produkt\/gompy-armschutz-ab4-belueftet-leder-2-verschluesse\/#breadcrumb"},"inLanguage":"it-IT","potentialAction":[{"@type":"ReadAction","target":["https:\/\/bogensportdiscount.ch\/produkt\/gompy-armschutz-ab4-belueftet-leder-2-verschluesse\/"]}]},{"@type":"ImageObject","inLanguage":"it-IT","@id":"https:\/\/bogensportdiscount.ch\/produkt\/gompy-armschutz-ab4-belueftet-leder-2-verschluesse\/#primaryimage","url":"https:\/\/bogensportdiscount.ch\/wp-content\/uploads\/bsm-images\/A009616_1.png","contentUrl":"https:\/\/bogensportdiscount.ch\/wp-content\/uploads\/bsm-images\/A009616_1.png","width":1702,"height":1191},{"@type":"BreadcrumbList","@id":"https:\/\/bogensportdiscount.ch\/produkt\/gompy-armschutz-ab4-belueftet-leder-2-verschluesse\/#breadcrumb","itemListElement":[{"@type":"ListItem","position":1,"name":"Home","item":"https:\/\/bogensportdiscount.ch\/"},{"@type":"ListItem","position":2,"name":"Shop","item":"https:\/\/bogensportdiscount.ch\/shop\/"},{"@type":"ListItem","position":3,"name":"GOMPY EINZEL-ARMSCHUTZ AB4 BELUEFTETES LEDER 2 VERSCHLUESSE"}]},{"@type":"WebSite","@id":"https:\/\/bogensportdiscount.ch\/#website","url":"https:\/\/bogensportdiscount.ch\/","name":"Bogensportdiscount","description":"","potentialAction":[{"@type":"SearchAction","target":{"@type":"EntryPoint","urlTemplate":"https:\/\/bogensportdiscount.ch\/?s={search_term_string}"},"query-input":{"@type":"PropertyValueSpecification","valueRequired":true,"valueName":"search_term_string"}}],"inLanguage":"it-IT"}]}},"_links":{"self":[{"href":"https:\/\/bogensportdiscount.ch\/it\/wp-json\/wp\/v2\/product\/394855","targetHints":{"allow":["GET"]}}],"collection":[{"href":"https:\/\/bogensportdiscount.ch\/it\/wp-json\/wp\/v2\/product"}],"about":[{"href":"https:\/\/bogensportdiscount.ch\/it\/wp-json\/wp\/v2\/types\/product"}],"replies":[{"embeddable":true,"href":"https:\/\/bogensportdiscount.ch\/it\/wp-json\/wp\/v2\/comments?post=394855"}],"wp:featuredmedia":[{"embeddable":true,"href":"https:\/\/bogensportdiscount.ch\/it\/wp-json\/wp\/v2\/media\/449061"}],"wp:attachment":[{"href":"https:\/\/bogensportdiscount.ch\/it\/wp-json\/wp\/v2\/media?parent=394855"}],"wp:term":[{"taxonomy":"product_brand","embeddable":true,"href":"https:\/\/bogensportdiscount.ch\/it\/wp-json\/wp\/v2\/product_brand?post=394855"},{"taxonomy":"product_cat","embeddable":true,"href":"https:\/\/bogensportdiscount.ch\/it\/wp-json\/wp\/v2\/product_cat?post=394855"},{"taxonomy":"product_tag","embeddable":true,"href":"https:\/\/bogensportdiscount.ch\/it\/wp-json\/wp\/v2\/product_tag?post=394855"}],"curies":[{"name":"wp","href":"https:\/\/api.w.org\/{rel}","templated":true}]}}