{"id":394849,"date":"2026-04-05T14:35:05","date_gmt":"2026-04-05T12:35:05","guid":{"rendered":"https:\/\/bogensportdiscount.ch\/produkt\/compound-package-m1-beginner-rotating-mod-20-70lbs-19-30-rh-black\/"},"modified":"2026-05-14T15:25:27","modified_gmt":"2026-05-14T13:25:27","slug":"topoint-compound-set-m1-deluxe-rotating-mod-20-70lbs-rh-camo","status":"publish","type":"product","link":"https:\/\/bogensportdiscount.ch\/it\/prodotto\/topoint-compound-set-m1-deluxe-rotating-mod-20-70lbs-rh-camo\/","title":{"rendered":"TOPOINT ARCO COMPOUND KIT M1 PRINCIPIANTE \/ ROTATING MOD 20-70LBS \/ 19&#8243;-30&#8243; \/ RH \/"},"content":{"rendered":"<p>Il TOPOINT M1 Deluxe \u00e8 un kit compound completo per principianti e arcieri avanzati. Grazie al sistema Rotating Mod, l'allungo pu\u00f2 essere regolato in continuo tra 19 e 30 Zoll senza bisogno di una pressa per archi. Il libbraggio \u00e8 regolabile tra 20 e 70 lbs, il che rende l'arco adatto a diversi tiratori e ambiti di utilizzo.<\/p>\n<p>L'arco ha un interasse di 28 Zoll e una brace height di 7 Zoll. La costruzione in lega di alluminio garantisce un'immagine di tiro stabile con un peso contenuto. Con un let-off dell'80%, l'M1 Deluxe consente una tenuta comoda al pieno allungo.<\/p>\n<ul>\n<li>Rotating Mod: regolazione dell'allungo senza pressa per archi<\/li>\n<li>Libbraggio 20\u201370 lbs: ampiamente regolabile per principianti e arcieri esperti<\/li>\n<li>80% let-off per una mira rilassata<\/li>\n<li>Costruzione in alluminio per stabilit\u00e0 e leggerezza<\/li>\n<\/ul>","protected":false},"excerpt":{"rendered":"<table>\n<tr>\n<th>Propriet\u00e0<\/th>\n<th>Valore<\/th>\n<\/tr>\n<tr>\n<td>Apertura assiale<\/td>\n<td>28 pollici<\/td>\n<\/tr>\n<tr>\n<td>Brace Height<\/td>\n<td>7 pollici<\/td>\n<\/tr>\n<tr>\n<td>Modulo<\/td>\n<td>Rotating Mod<\/td>\n<\/tr>\n<tr>\n<td>Let-Off<\/td>\n<td>80 %<\/td>\n<\/tr>\n<tr>\n<td>Peso del treno<\/td>\n<td>20\u201370 lbs<\/td>\n<\/tr>\n<tr>\n<td>Lunghezza di trazione<\/td>\n<td>19&#8243;\u201330&#8243;<\/td>\n<\/tr>\n<tr>\n<td>Materiale<\/td>\n<td>Alluminio<\/td>\n<\/tr>\n<tr>\n<td>Mano<\/td>\n<td>Mano destra (RH)<\/td>\n<\/tr>\n<\/table>","protected":false},"featured_media":449060,"comment_status":"open","ping_status":"closed","template":"","meta":[],"product_brand":[436],"product_cat":[4525],"product_tag":[],"class_list":{"0":"post-394849","1":"product","2":"type-product","3":"status-publish","4":"has-post-thumbnail","6":"product_brand-topoint","7":"product_cat-compound-boegen-sets","8":"product_shipping_class-bsd-standard","10":"first","11":"instock","12":"shipping-taxable","13":"purchasable","14":"product-type-variable"},"yoast_head":"<!-- This site is optimized with the Yoast SEO plugin v27.6 - https:\/\/yoast.com\/product\/yoast-seo-wordpress\/ -->\n<title>TOPOINT COMPOUNDBOGEN PAKET M1 ANF\u00c4NGER \/ ROTATING MOD 20-70LBS \/ 19&quot;-30&quot; \/ RH \/ - Bogensportdiscount \u2013 B\u00f6gen, Pfeile, Targets &amp; Zubeh\u00f6r<\/title>\n<meta name=\"description\" content=\"TOPOINT COMPOUNDBOGEN PAKET M1 ANF\u00c4NGER \/ ROTATING MOD 20-70LBS \/ 19&quot;-30&quot; \/ RH \/ g\u00fcnstig kaufen bei Bogensportdiscount \u2013 Top-Marken, schneller Versand aus der Schweiz.\" \/>\n<meta name=\"robots\" content=\"index, follow, max-snippet:-1, max-image-preview:large, max-video-preview:-1\" \/>\n<link rel=\"canonical\" href=\"https:\/\/bogensportdiscount.ch\/it\/prodotto\/topoint-compound-set-m1-deluxe-rotating-mod-20-70lbs-rh-camo\/\" \/>\n<meta property=\"og:locale\" content=\"it_IT\" \/>\n<meta property=\"og:type\" content=\"article\" \/>\n<meta property=\"og:title\" content=\"TOPOINT COMPOUNDBOGEN PAKET M1 ANF\u00c4NGER \/ ROTATING MOD 20-70LBS \/ 19&quot;-30&quot; \/ RH \/ - Bogensportdiscount \u2013 B\u00f6gen, Pfeile, Targets &amp; Zubeh\u00f6r\" \/>\n<meta property=\"og:description\" content=\"TOPOINT COMPOUNDBOGEN PAKET M1 ANF\u00c4NGER \/ ROTATING MOD 20-70LBS \/ 19&quot;-30&quot; \/ RH \/ g\u00fcnstig kaufen bei Bogensportdiscount \u2013 Top-Marken, schneller Versand aus der Schweiz.\" \/>\n<meta property=\"og:url\" content=\"https:\/\/bogensportdiscount.ch\/it\/prodotto\/topoint-compound-set-m1-deluxe-rotating-mod-20-70lbs-rh-camo\/\" \/>\n<meta property=\"og:site_name\" content=\"Bogensportdiscount \u2013 B\u00f6gen, Pfeile, Targets &amp; Zubeh\u00f6r\" \/>\n<meta property=\"article:modified_time\" content=\"2026-05-14T13:25:27+00:00\" \/>\n<meta property=\"og:image\" content=\"https:\/\/bogensportdiscount.ch\/wp-content\/uploads\/bsm-images\/A004299_1.png\" \/>\n\t<meta property=\"og:image:width\" content=\"470\" \/>\n\t<meta property=\"og:image:height\" content=\"1181\" \/>\n\t<meta property=\"og:image:type\" content=\"image\/png\" \/>\n<meta name=\"twitter:card\" content=\"summary_large_image\" \/>\n<meta name=\"twitter:label1\" content=\"Tempo di lettura stimato\" \/>\n\t<meta name=\"twitter:data1\" content=\"1 minuto\" \/>\n<script type=\"application\/ld+json\" class=\"yoast-schema-graph\">{\"@context\":\"https:\\\/\\\/schema.org\",\"@graph\":[{\"@type\":\"WebPage\",\"@id\":\"https:\\\/\\\/bogensportdiscount.ch\\\/produkt\\\/topoint-compound-set-m1-deluxe-rotating-mod-20-70lbs-rh-camo\\\/\",\"url\":\"https:\\\/\\\/bogensportdiscount.ch\\\/produkt\\\/topoint-compound-set-m1-deluxe-rotating-mod-20-70lbs-rh-camo\\\/\",\"name\":\"TOPOINT COMPOUNDBOGEN PAKET M1 ANF\u00c4NGER \\\/ ROTATING MOD 20-70LBS \\\/ 19\\\"-30\\\" \\\/ RH \\\/ - Bogensportdiscount \u2013 B\u00f6gen, Pfeile, Targets &amp; Zubeh\u00f6r\",\"isPartOf\":{\"@id\":\"https:\\\/\\\/bogensportdiscount.ch\\\/#website\"},\"primaryImageOfPage\":{\"@id\":\"https:\\\/\\\/bogensportdiscount.ch\\\/produkt\\\/topoint-compound-set-m1-deluxe-rotating-mod-20-70lbs-rh-camo\\\/#primaryimage\"},\"image\":{\"@id\":\"https:\\\/\\\/bogensportdiscount.ch\\\/produkt\\\/topoint-compound-set-m1-deluxe-rotating-mod-20-70lbs-rh-camo\\\/#primaryimage\"},\"thumbnailUrl\":\"https:\\\/\\\/bogensportdiscount.ch\\\/wp-content\\\/uploads\\\/bsm-images\\\/A004299_1.png\",\"datePublished\":\"2026-04-05T12:35:05+00:00\",\"dateModified\":\"2026-05-14T13:25:27+00:00\",\"description\":\"TOPOINT COMPOUNDBOGEN PAKET M1 ANF\u00c4NGER \\\/ ROTATING MOD 20-70LBS \\\/ 19\\\"-30\\\" \\\/ RH \\\/ g\u00fcnstig kaufen bei Bogensportdiscount \u2013 Top-Marken, schneller Versand aus der Schweiz.\",\"breadcrumb\":{\"@id\":\"https:\\\/\\\/bogensportdiscount.ch\\\/produkt\\\/topoint-compound-set-m1-deluxe-rotating-mod-20-70lbs-rh-camo\\\/#breadcrumb\"},\"inLanguage\":\"it-IT\",\"potentialAction\":[{\"@type\":\"ReadAction\",\"target\":[\"https:\\\/\\\/bogensportdiscount.ch\\\/produkt\\\/topoint-compound-set-m1-deluxe-rotating-mod-20-70lbs-rh-camo\\\/\"]}]},{\"@type\":\"ImageObject\",\"inLanguage\":\"it-IT\",\"@id\":\"https:\\\/\\\/bogensportdiscount.ch\\\/produkt\\\/topoint-compound-set-m1-deluxe-rotating-mod-20-70lbs-rh-camo\\\/#primaryimage\",\"url\":\"https:\\\/\\\/bogensportdiscount.ch\\\/wp-content\\\/uploads\\\/bsm-images\\\/A004299_1.png\",\"contentUrl\":\"https:\\\/\\\/bogensportdiscount.ch\\\/wp-content\\\/uploads\\\/bsm-images\\\/A004299_1.png\",\"width\":470,\"height\":1181},{\"@type\":\"BreadcrumbList\",\"@id\":\"https:\\\/\\\/bogensportdiscount.ch\\\/produkt\\\/topoint-compound-set-m1-deluxe-rotating-mod-20-70lbs-rh-camo\\\/#breadcrumb\",\"itemListElement\":[{\"@type\":\"ListItem\",\"position\":1,\"name\":\"Home\",\"item\":\"https:\\\/\\\/bogensportdiscount.ch\\\/\"},{\"@type\":\"ListItem\",\"position\":2,\"name\":\"Shop\",\"item\":\"https:\\\/\\\/bogensportdiscount.ch\\\/shop\\\/\"},{\"@type\":\"ListItem\",\"position\":3,\"name\":\"TOPOINT COMPOUND PACKAGE M1 BEGINNER \\\/ ROTATING MOD 20-70LBS \\\/ 19&#8243;-30&#8243; \\\/ RH \\\/\"}]},{\"@type\":\"WebSite\",\"@id\":\"https:\\\/\\\/bogensportdiscount.ch\\\/#website\",\"url\":\"https:\\\/\\\/bogensportdiscount.ch\\\/\",\"name\":\"Bogensportdiscount\",\"description\":\"\",\"potentialAction\":[{\"@type\":\"SearchAction\",\"target\":{\"@type\":\"EntryPoint\",\"urlTemplate\":\"https:\\\/\\\/bogensportdiscount.ch\\\/?s={search_term_string}\"},\"query-input\":{\"@type\":\"PropertyValueSpecification\",\"valueRequired\":true,\"valueName\":\"search_term_string\"}}],\"inLanguage\":\"it-IT\"}]}<\/script>\n<!-- \/ Yoast SEO plugin. -->","yoast_head_json":{"title":"TOPOINT COMPOUNDBOGEN PAKET M1 ANF\u00c4NGER \/ ROTATING MOD 20-70LBS \/ 19\"-30\" \/ RH \/ - Bogensportdiscount \u2013 B\u00f6gen, Pfeile, Targets &amp; Zubeh\u00f6r","description":"TOPOINT COMPOUNDBOGEN PAKET M1 ANF\u00c4NGER \/ ROTATING MOD 20-70LBS \/ 19\"-30\" \/ RH \/ g\u00fcnstig kaufen bei Bogensportdiscount \u2013 Top-Marken, schneller Versand aus der Schweiz.","robots":{"index":"index","follow":"follow","max-snippet":"max-snippet:-1","max-image-preview":"max-image-preview:large","max-video-preview":"max-video-preview:-1"},"canonical":"https:\/\/bogensportdiscount.ch\/it\/prodotto\/topoint-compound-set-m1-deluxe-rotating-mod-20-70lbs-rh-camo\/","og_locale":"it_IT","og_type":"article","og_title":"TOPOINT COMPOUNDBOGEN PAKET M1 ANF\u00c4NGER \/ ROTATING MOD 20-70LBS \/ 19\"-30\" \/ RH \/ - Bogensportdiscount \u2013 B\u00f6gen, Pfeile, Targets &amp; Zubeh\u00f6r","og_description":"TOPOINT COMPOUNDBOGEN PAKET M1 ANF\u00c4NGER \/ ROTATING MOD 20-70LBS \/ 19\"-30\" \/ RH \/ g\u00fcnstig kaufen bei Bogensportdiscount \u2013 Top-Marken, schneller Versand aus der Schweiz.","og_url":"https:\/\/bogensportdiscount.ch\/it\/prodotto\/topoint-compound-set-m1-deluxe-rotating-mod-20-70lbs-rh-camo\/","og_site_name":"Bogensportdiscount \u2013 B\u00f6gen, Pfeile, Targets &amp; Zubeh\u00f6r","article_modified_time":"2026-05-14T13:25:27+00:00","og_image":[{"width":470,"height":1181,"url":"https:\/\/bogensportdiscount.ch\/wp-content\/uploads\/bsm-images\/A004299_1.png","type":"image\/png"}],"twitter_card":"summary_large_image","twitter_misc":{"Tempo di lettura stimato":"1 minuto"},"schema":{"@context":"https:\/\/schema.org","@graph":[{"@type":"WebPage","@id":"https:\/\/bogensportdiscount.ch\/produkt\/topoint-compound-set-m1-deluxe-rotating-mod-20-70lbs-rh-camo\/","url":"https:\/\/bogensportdiscount.ch\/produkt\/topoint-compound-set-m1-deluxe-rotating-mod-20-70lbs-rh-camo\/","name":"TOPOINT COMPOUNDBOGEN PAKET M1 ANF\u00c4NGER \/ ROTATING MOD 20-70LBS \/ 19\"-30\" \/ RH \/ - Bogensportdiscount \u2013 B\u00f6gen, Pfeile, Targets &amp; Zubeh\u00f6r","isPartOf":{"@id":"https:\/\/bogensportdiscount.ch\/#website"},"primaryImageOfPage":{"@id":"https:\/\/bogensportdiscount.ch\/produkt\/topoint-compound-set-m1-deluxe-rotating-mod-20-70lbs-rh-camo\/#primaryimage"},"image":{"@id":"https:\/\/bogensportdiscount.ch\/produkt\/topoint-compound-set-m1-deluxe-rotating-mod-20-70lbs-rh-camo\/#primaryimage"},"thumbnailUrl":"https:\/\/bogensportdiscount.ch\/wp-content\/uploads\/bsm-images\/A004299_1.png","datePublished":"2026-04-05T12:35:05+00:00","dateModified":"2026-05-14T13:25:27+00:00","description":"TOPOINT COMPOUNDBOGEN PAKET M1 ANF\u00c4NGER \/ ROTATING MOD 20-70LBS \/ 19\"-30\" \/ RH \/ g\u00fcnstig kaufen bei Bogensportdiscount \u2013 Top-Marken, schneller Versand aus der Schweiz.","breadcrumb":{"@id":"https:\/\/bogensportdiscount.ch\/produkt\/topoint-compound-set-m1-deluxe-rotating-mod-20-70lbs-rh-camo\/#breadcrumb"},"inLanguage":"it-IT","potentialAction":[{"@type":"ReadAction","target":["https:\/\/bogensportdiscount.ch\/produkt\/topoint-compound-set-m1-deluxe-rotating-mod-20-70lbs-rh-camo\/"]}]},{"@type":"ImageObject","inLanguage":"it-IT","@id":"https:\/\/bogensportdiscount.ch\/produkt\/topoint-compound-set-m1-deluxe-rotating-mod-20-70lbs-rh-camo\/#primaryimage","url":"https:\/\/bogensportdiscount.ch\/wp-content\/uploads\/bsm-images\/A004299_1.png","contentUrl":"https:\/\/bogensportdiscount.ch\/wp-content\/uploads\/bsm-images\/A004299_1.png","width":470,"height":1181},{"@type":"BreadcrumbList","@id":"https:\/\/bogensportdiscount.ch\/produkt\/topoint-compound-set-m1-deluxe-rotating-mod-20-70lbs-rh-camo\/#breadcrumb","itemListElement":[{"@type":"ListItem","position":1,"name":"Home","item":"https:\/\/bogensportdiscount.ch\/"},{"@type":"ListItem","position":2,"name":"Shop","item":"https:\/\/bogensportdiscount.ch\/shop\/"},{"@type":"ListItem","position":3,"name":"TOPOINT COMPOUND PACKAGE M1 BEGINNER \/ ROTATING MOD 20-70LBS \/ 19&#8243;-30&#8243; \/ RH \/"}]},{"@type":"WebSite","@id":"https:\/\/bogensportdiscount.ch\/#website","url":"https:\/\/bogensportdiscount.ch\/","name":"Bogensportdiscount","description":"","potentialAction":[{"@type":"SearchAction","target":{"@type":"EntryPoint","urlTemplate":"https:\/\/bogensportdiscount.ch\/?s={search_term_string}"},"query-input":{"@type":"PropertyValueSpecification","valueRequired":true,"valueName":"search_term_string"}}],"inLanguage":"it-IT"}]}},"_links":{"self":[{"href":"https:\/\/bogensportdiscount.ch\/it\/wp-json\/wp\/v2\/product\/394849","targetHints":{"allow":["GET"]}}],"collection":[{"href":"https:\/\/bogensportdiscount.ch\/it\/wp-json\/wp\/v2\/product"}],"about":[{"href":"https:\/\/bogensportdiscount.ch\/it\/wp-json\/wp\/v2\/types\/product"}],"replies":[{"embeddable":true,"href":"https:\/\/bogensportdiscount.ch\/it\/wp-json\/wp\/v2\/comments?post=394849"}],"wp:featuredmedia":[{"embeddable":true,"href":"https:\/\/bogensportdiscount.ch\/it\/wp-json\/wp\/v2\/media\/449060"}],"wp:attachment":[{"href":"https:\/\/bogensportdiscount.ch\/it\/wp-json\/wp\/v2\/media?parent=394849"}],"wp:term":[{"taxonomy":"product_brand","embeddable":true,"href":"https:\/\/bogensportdiscount.ch\/it\/wp-json\/wp\/v2\/product_brand?post=394849"},{"taxonomy":"product_cat","embeddable":true,"href":"https:\/\/bogensportdiscount.ch\/it\/wp-json\/wp\/v2\/product_cat?post=394849"},{"taxonomy":"product_tag","embeddable":true,"href":"https:\/\/bogensportdiscount.ch\/it\/wp-json\/wp\/v2\/product_tag?post=394849"}],"curies":[{"name":"wp","href":"https:\/\/api.w.org\/{rel}","templated":true}]}}