{"id":394839,"date":"2026-04-05T14:35:03","date_gmt":"2026-04-05T12:35:03","guid":{"rendered":"https:\/\/bogensportdiscount.ch\/produkt\/3d-target-fox-red-standing-dim43x65x19cm-group-4\/"},"modified":"2026-04-17T13:33:09","modified_gmt":"2026-04-17T11:33:09","slug":"wildlife-3d-ziel-fuchs-rot-stehend-43x65x19cm-gruppe-4","status":"publish","type":"product","link":"https:\/\/bogensportdiscount.ch\/it\/prodotto\/wildlife-3d-ziel-fuchs-rot-stehend-43x65x19cm-gruppe-4\/","title":{"rendered":"WILDLIFE 3D TARGET FOX - DIM:43x65x19CM GRUPPO 4"},"content":{"rendered":"<p>Das Wildlife 3D-Ziel Fuchs Rot Stehend ist eine lebensnahe Tierdarstellung f\u00fcr den Bogensport-Einsatz auf 3D-Parcours und im Trainingsbereich. Die Figur zeigt einen stehenden Fuchs und ist in den Farben Rot und Weiss gehalten.<\/p>\n<p>Mit den Abmessungen 43 x 65 x 19 cm geh\u00f6rt das Ziel zur Gruppe 4 und entspricht damit den g\u00e4ngigen Klassifizierungen f\u00fcr 3D-Bogensport-Wettk\u00e4mpfe und \u00dcbungseinheiten.<\/p>\n<ul>\n<li>Abmessungen: 43 x 65 x 19 cm<\/li>\n<li>Gruppe 4 gem\u00e4ss 3D-Bogensport-Klassifizierung<\/li>\n<li>Motiv: stehender Fuchs<\/li>\n<li>Farbe: Rot \/ Weiss<\/li>\n<\/ul>","protected":false},"excerpt":{"rendered":"<p><strong>Marchio:<\/strong> Wild Life<\/p>","protected":false},"featured_media":449052,"comment_status":"open","ping_status":"closed","template":"","meta":[],"product_brand":[778],"product_cat":[4314],"product_tag":[],"class_list":{"0":"post-394839","1":"product","2":"type-product","3":"status-publish","4":"has-post-thumbnail","6":"product_brand-wildlife","7":"product_cat-kleine-raubtiere","9":"first","10":"instock","11":"shipping-taxable","12":"purchasable","13":"product-type-variable"},"_links":{"self":[{"href":"https:\/\/bogensportdiscount.ch\/it\/wp-json\/wp\/v2\/product\/394839","targetHints":{"allow":["GET"]}}],"collection":[{"href":"https:\/\/bogensportdiscount.ch\/it\/wp-json\/wp\/v2\/product"}],"about":[{"href":"https:\/\/bogensportdiscount.ch\/it\/wp-json\/wp\/v2\/types\/product"}],"replies":[{"embeddable":true,"href":"https:\/\/bogensportdiscount.ch\/it\/wp-json\/wp\/v2\/comments?post=394839"}],"wp:featuredmedia":[{"embeddable":true,"href":"https:\/\/bogensportdiscount.ch\/it\/wp-json\/wp\/v2\/media\/449052"}],"wp:attachment":[{"href":"https:\/\/bogensportdiscount.ch\/it\/wp-json\/wp\/v2\/media?parent=394839"}],"wp:term":[{"taxonomy":"product_brand","embeddable":true,"href":"https:\/\/bogensportdiscount.ch\/it\/wp-json\/wp\/v2\/product_brand?post=394839"},{"taxonomy":"product_cat","embeddable":true,"href":"https:\/\/bogensportdiscount.ch\/it\/wp-json\/wp\/v2\/product_cat?post=394839"},{"taxonomy":"product_tag","embeddable":true,"href":"https:\/\/bogensportdiscount.ch\/it\/wp-json\/wp\/v2\/product_tag?post=394839"}],"curies":[{"name":"wp","href":"https:\/\/api.w.org\/{rel}","templated":true}]}}