{"id":394810,"date":"2026-04-05T14:34:58","date_gmt":"2026-04-05T12:34:58","guid":{"rendered":"https:\/\/bogensportdiscount.ch\/produkt\/3d-target-3di-familypack-mink-muskusrat-prairie-dog\/"},"modified":"2026-05-14T15:25:27","modified_gmt":"2026-05-14T13:25:27","slug":"3dinternational-3d-ziel-familypack-mink-muskusrat-prairie-dog","status":"publish","type":"product","link":"https:\/\/bogensportdiscount.ch\/it\/prodotto\/3dinternational-3d-ziel-familypack-mink-muskusrat-prairie-dog\/","title":{"rendered":"SRT BERSAGLIO 3D LEPRE BIANCA &#8211; GRUPPO 4 &#8211; L30cm H77cm"},"content":{"rendered":"<p>Il 3DINTERNATIONAL Familypack Mink-Muskusrat-Prairie Dog comprende tre bersagli 3D realistici in un unico set. Le figure raffigurano un visone, un topo muschiato e un cane della prateria, offrendo cos\u00ec bersagli variegati per il tiro con l'arco 3D.<\/p>\n<p>I bersagli di 3D International sono prodotti in Italia e sono orientati alla rappresentazione realistica della fauna selvatica. Il Familypack \u00e8 particolarmente adatto per allenarsi in diverse situazioni di tiro su bersagli di piccole dimensioni.<\/p>\n<ul>\n<li>Set con tre diversi bersagli 3D<\/li>\n<li>Rappresentazioni realistiche di animali: visone, topo muschiato, cane della prateria<\/li>\n<li>Adatto per allenamento e gara nel tiro con l'arco 3D<\/li>\n<li>Prodotto in Italia<\/li>\n<\/ul>","protected":false},"excerpt":{"rendered":"<table>\n<tr>\n<th>Propriet\u00e0<\/th>\n<th>Valore<\/th>\n<\/tr>\n<tr>\n<td>Marca<\/td>\n<td>3D International<\/td>\n<\/tr>\n<tr>\n<td>Paese di origine<\/td>\n<td>Italia<\/td>\n<\/tr>\n<\/table>","protected":false},"featured_media":523818,"comment_status":"open","ping_status":"closed","template":"","meta":[],"product_brand":[411],"product_cat":[4433],"product_tag":[],"class_list":{"0":"post-394810","1":"product","2":"type-product","3":"status-publish","4":"has-post-thumbnail","6":"product_brand-3dinternational","7":"product_cat-nagetiere-beuteltiere","8":"product_shipping_class-bsd-standard","10":"first","11":"instock","12":"shipping-taxable","13":"purchasable","14":"product-type-variable"},"yoast_head":"<!-- This site is optimized with the Yoast SEO plugin v27.6 - https:\/\/yoast.com\/product\/yoast-seo-wordpress\/ -->\n<title>3DINTERNATIONAL 3D-ZIEL FAMILYPACK MINK-MUSKUSRAT-PRAIRIE DOG - Bogensportdiscount \u2013 B\u00f6gen, Pfeile, Targets &amp; Zubeh\u00f6r<\/title>\n<meta name=\"description\" content=\"3DINTERNATIONAL 3D-ZIEL FAMILYPACK MINK-MUSKUSRAT-PRAIRIE DOG g\u00fcnstig kaufen bei Bogensportdiscount \u2013 Top-Marken, schneller Versand aus der Schweiz.\" \/>\n<meta name=\"robots\" content=\"index, follow, max-snippet:-1, max-image-preview:large, max-video-preview:-1\" \/>\n<link rel=\"canonical\" href=\"https:\/\/bogensportdiscount.ch\/it\/prodotto\/3dinternational-3d-ziel-familypack-mink-muskusrat-prairie-dog\/\" \/>\n<meta property=\"og:locale\" content=\"it_IT\" \/>\n<meta property=\"og:type\" content=\"article\" \/>\n<meta property=\"og:title\" content=\"3DINTERNATIONAL 3D-ZIEL FAMILYPACK MINK-MUSKUSRAT-PRAIRIE DOG - Bogensportdiscount \u2013 B\u00f6gen, Pfeile, Targets &amp; Zubeh\u00f6r\" \/>\n<meta property=\"og:description\" content=\"3DINTERNATIONAL 3D-ZIEL FAMILYPACK MINK-MUSKUSRAT-PRAIRIE DOG g\u00fcnstig kaufen bei Bogensportdiscount \u2013 Top-Marken, schneller Versand aus der Schweiz.\" \/>\n<meta property=\"og:url\" content=\"https:\/\/bogensportdiscount.ch\/it\/prodotto\/3dinternational-3d-ziel-familypack-mink-muskusrat-prairie-dog\/\" \/>\n<meta property=\"og:site_name\" content=\"Bogensportdiscount \u2013 B\u00f6gen, Pfeile, Targets &amp; Zubeh\u00f6r\" \/>\n<meta property=\"article:modified_time\" content=\"2026-05-14T13:25:27+00:00\" \/>\n<meta property=\"og:image\" content=\"https:\/\/bogensportdiscount.ch\/wp-content\/uploads\/bsm-images\/A046847_1.jpg\" \/>\n\t<meta property=\"og:image:width\" content=\"1200\" \/>\n\t<meta property=\"og:image:height\" content=\"800\" \/>\n\t<meta property=\"og:image:type\" content=\"image\/jpeg\" \/>\n<meta name=\"twitter:card\" content=\"summary_large_image\" \/>\n<script type=\"application\/ld+json\" class=\"yoast-schema-graph\">{\"@context\":\"https:\\\/\\\/schema.org\",\"@graph\":[{\"@type\":\"WebPage\",\"@id\":\"https:\\\/\\\/bogensportdiscount.ch\\\/produkt\\\/3dinternational-3d-ziel-familypack-mink-muskusrat-prairie-dog\\\/\",\"url\":\"https:\\\/\\\/bogensportdiscount.ch\\\/produkt\\\/3dinternational-3d-ziel-familypack-mink-muskusrat-prairie-dog\\\/\",\"name\":\"3DINTERNATIONAL 3D-ZIEL FAMILYPACK MINK-MUSKUSRAT-PRAIRIE DOG - Bogensportdiscount \u2013 B\u00f6gen, Pfeile, Targets &amp; Zubeh\u00f6r\",\"isPartOf\":{\"@id\":\"https:\\\/\\\/bogensportdiscount.ch\\\/#website\"},\"primaryImageOfPage\":{\"@id\":\"https:\\\/\\\/bogensportdiscount.ch\\\/produkt\\\/3dinternational-3d-ziel-familypack-mink-muskusrat-prairie-dog\\\/#primaryimage\"},\"image\":{\"@id\":\"https:\\\/\\\/bogensportdiscount.ch\\\/produkt\\\/3dinternational-3d-ziel-familypack-mink-muskusrat-prairie-dog\\\/#primaryimage\"},\"thumbnailUrl\":\"https:\\\/\\\/bogensportdiscount.ch\\\/wp-content\\\/uploads\\\/bsm-images\\\/A046847_1.jpg\",\"datePublished\":\"2026-04-05T12:34:58+00:00\",\"dateModified\":\"2026-05-14T13:25:27+00:00\",\"description\":\"3DINTERNATIONAL 3D-ZIEL FAMILYPACK MINK-MUSKUSRAT-PRAIRIE DOG g\u00fcnstig kaufen bei Bogensportdiscount \u2013 Top-Marken, schneller Versand aus der Schweiz.\",\"breadcrumb\":{\"@id\":\"https:\\\/\\\/bogensportdiscount.ch\\\/produkt\\\/3dinternational-3d-ziel-familypack-mink-muskusrat-prairie-dog\\\/#breadcrumb\"},\"inLanguage\":\"it-IT\",\"potentialAction\":[{\"@type\":\"ReadAction\",\"target\":[\"https:\\\/\\\/bogensportdiscount.ch\\\/produkt\\\/3dinternational-3d-ziel-familypack-mink-muskusrat-prairie-dog\\\/\"]}]},{\"@type\":\"ImageObject\",\"inLanguage\":\"it-IT\",\"@id\":\"https:\\\/\\\/bogensportdiscount.ch\\\/produkt\\\/3dinternational-3d-ziel-familypack-mink-muskusrat-prairie-dog\\\/#primaryimage\",\"url\":\"https:\\\/\\\/bogensportdiscount.ch\\\/wp-content\\\/uploads\\\/bsm-images\\\/A046847_1.jpg\",\"contentUrl\":\"https:\\\/\\\/bogensportdiscount.ch\\\/wp-content\\\/uploads\\\/bsm-images\\\/A046847_1.jpg\",\"width\":1200,\"height\":800},{\"@type\":\"BreadcrumbList\",\"@id\":\"https:\\\/\\\/bogensportdiscount.ch\\\/produkt\\\/3dinternational-3d-ziel-familypack-mink-muskusrat-prairie-dog\\\/#breadcrumb\",\"itemListElement\":[{\"@type\":\"ListItem\",\"position\":1,\"name\":\"Home\",\"item\":\"https:\\\/\\\/bogensportdiscount.ch\\\/\"},{\"@type\":\"ListItem\",\"position\":2,\"name\":\"Shop\",\"item\":\"https:\\\/\\\/bogensportdiscount.ch\\\/shop\\\/\"},{\"@type\":\"ListItem\",\"position\":3,\"name\":\"3DINTERNATIONAL 3D TARGET FAMILYPACK MINK-MUSKUSRAT-PRAIRIE DOG\"}]},{\"@type\":\"WebSite\",\"@id\":\"https:\\\/\\\/bogensportdiscount.ch\\\/#website\",\"url\":\"https:\\\/\\\/bogensportdiscount.ch\\\/\",\"name\":\"Bogensportdiscount\",\"description\":\"\",\"potentialAction\":[{\"@type\":\"SearchAction\",\"target\":{\"@type\":\"EntryPoint\",\"urlTemplate\":\"https:\\\/\\\/bogensportdiscount.ch\\\/?s={search_term_string}\"},\"query-input\":{\"@type\":\"PropertyValueSpecification\",\"valueRequired\":true,\"valueName\":\"search_term_string\"}}],\"inLanguage\":\"it-IT\"}]}<\/script>\n<!-- \/ Yoast SEO plugin. -->","yoast_head_json":{"title":"3DINTERNATIONAL 3D-ZIEL FAMILYPACK MINK-MUSKUSRAT-PRAIRIE DOG - Bogensportdiscount \u2013 B\u00f6gen, Pfeile, Targets &amp; Zubeh\u00f6r","description":"3DINTERNATIONAL 3D-ZIEL FAMILYPACK MINK-MUSKUSRAT-PRAIRIE DOG g\u00fcnstig kaufen bei Bogensportdiscount \u2013 Top-Marken, schneller Versand aus der Schweiz.","robots":{"index":"index","follow":"follow","max-snippet":"max-snippet:-1","max-image-preview":"max-image-preview:large","max-video-preview":"max-video-preview:-1"},"canonical":"https:\/\/bogensportdiscount.ch\/it\/prodotto\/3dinternational-3d-ziel-familypack-mink-muskusrat-prairie-dog\/","og_locale":"it_IT","og_type":"article","og_title":"3DINTERNATIONAL 3D-ZIEL FAMILYPACK MINK-MUSKUSRAT-PRAIRIE DOG - Bogensportdiscount \u2013 B\u00f6gen, Pfeile, Targets &amp; Zubeh\u00f6r","og_description":"3DINTERNATIONAL 3D-ZIEL FAMILYPACK MINK-MUSKUSRAT-PRAIRIE DOG g\u00fcnstig kaufen bei Bogensportdiscount \u2013 Top-Marken, schneller Versand aus der Schweiz.","og_url":"https:\/\/bogensportdiscount.ch\/it\/prodotto\/3dinternational-3d-ziel-familypack-mink-muskusrat-prairie-dog\/","og_site_name":"Bogensportdiscount \u2013 B\u00f6gen, Pfeile, Targets &amp; Zubeh\u00f6r","article_modified_time":"2026-05-14T13:25:27+00:00","og_image":[{"width":1200,"height":800,"url":"https:\/\/bogensportdiscount.ch\/wp-content\/uploads\/bsm-images\/A046847_1.jpg","type":"image\/jpeg"}],"twitter_card":"summary_large_image","schema":{"@context":"https:\/\/schema.org","@graph":[{"@type":"WebPage","@id":"https:\/\/bogensportdiscount.ch\/produkt\/3dinternational-3d-ziel-familypack-mink-muskusrat-prairie-dog\/","url":"https:\/\/bogensportdiscount.ch\/produkt\/3dinternational-3d-ziel-familypack-mink-muskusrat-prairie-dog\/","name":"3DINTERNATIONAL 3D-ZIEL FAMILYPACK MINK-MUSKUSRAT-PRAIRIE DOG - Bogensportdiscount \u2013 B\u00f6gen, Pfeile, Targets &amp; Zubeh\u00f6r","isPartOf":{"@id":"https:\/\/bogensportdiscount.ch\/#website"},"primaryImageOfPage":{"@id":"https:\/\/bogensportdiscount.ch\/produkt\/3dinternational-3d-ziel-familypack-mink-muskusrat-prairie-dog\/#primaryimage"},"image":{"@id":"https:\/\/bogensportdiscount.ch\/produkt\/3dinternational-3d-ziel-familypack-mink-muskusrat-prairie-dog\/#primaryimage"},"thumbnailUrl":"https:\/\/bogensportdiscount.ch\/wp-content\/uploads\/bsm-images\/A046847_1.jpg","datePublished":"2026-04-05T12:34:58+00:00","dateModified":"2026-05-14T13:25:27+00:00","description":"3DINTERNATIONAL 3D-ZIEL FAMILYPACK MINK-MUSKUSRAT-PRAIRIE DOG g\u00fcnstig kaufen bei Bogensportdiscount \u2013 Top-Marken, schneller Versand aus der Schweiz.","breadcrumb":{"@id":"https:\/\/bogensportdiscount.ch\/produkt\/3dinternational-3d-ziel-familypack-mink-muskusrat-prairie-dog\/#breadcrumb"},"inLanguage":"it-IT","potentialAction":[{"@type":"ReadAction","target":["https:\/\/bogensportdiscount.ch\/produkt\/3dinternational-3d-ziel-familypack-mink-muskusrat-prairie-dog\/"]}]},{"@type":"ImageObject","inLanguage":"it-IT","@id":"https:\/\/bogensportdiscount.ch\/produkt\/3dinternational-3d-ziel-familypack-mink-muskusrat-prairie-dog\/#primaryimage","url":"https:\/\/bogensportdiscount.ch\/wp-content\/uploads\/bsm-images\/A046847_1.jpg","contentUrl":"https:\/\/bogensportdiscount.ch\/wp-content\/uploads\/bsm-images\/A046847_1.jpg","width":1200,"height":800},{"@type":"BreadcrumbList","@id":"https:\/\/bogensportdiscount.ch\/produkt\/3dinternational-3d-ziel-familypack-mink-muskusrat-prairie-dog\/#breadcrumb","itemListElement":[{"@type":"ListItem","position":1,"name":"Home","item":"https:\/\/bogensportdiscount.ch\/"},{"@type":"ListItem","position":2,"name":"Shop","item":"https:\/\/bogensportdiscount.ch\/shop\/"},{"@type":"ListItem","position":3,"name":"3DINTERNATIONAL 3D TARGET FAMILYPACK MINK-MUSKUSRAT-PRAIRIE DOG"}]},{"@type":"WebSite","@id":"https:\/\/bogensportdiscount.ch\/#website","url":"https:\/\/bogensportdiscount.ch\/","name":"Bogensportdiscount","description":"","potentialAction":[{"@type":"SearchAction","target":{"@type":"EntryPoint","urlTemplate":"https:\/\/bogensportdiscount.ch\/?s={search_term_string}"},"query-input":{"@type":"PropertyValueSpecification","valueRequired":true,"valueName":"search_term_string"}}],"inLanguage":"it-IT"}]}},"_links":{"self":[{"href":"https:\/\/bogensportdiscount.ch\/it\/wp-json\/wp\/v2\/product\/394810","targetHints":{"allow":["GET"]}}],"collection":[{"href":"https:\/\/bogensportdiscount.ch\/it\/wp-json\/wp\/v2\/product"}],"about":[{"href":"https:\/\/bogensportdiscount.ch\/it\/wp-json\/wp\/v2\/types\/product"}],"replies":[{"embeddable":true,"href":"https:\/\/bogensportdiscount.ch\/it\/wp-json\/wp\/v2\/comments?post=394810"}],"wp:featuredmedia":[{"embeddable":true,"href":"https:\/\/bogensportdiscount.ch\/it\/wp-json\/wp\/v2\/media\/523818"}],"wp:attachment":[{"href":"https:\/\/bogensportdiscount.ch\/it\/wp-json\/wp\/v2\/media?parent=394810"}],"wp:term":[{"taxonomy":"product_brand","embeddable":true,"href":"https:\/\/bogensportdiscount.ch\/it\/wp-json\/wp\/v2\/product_brand?post=394810"},{"taxonomy":"product_cat","embeddable":true,"href":"https:\/\/bogensportdiscount.ch\/it\/wp-json\/wp\/v2\/product_cat?post=394810"},{"taxonomy":"product_tag","embeddable":true,"href":"https:\/\/bogensportdiscount.ch\/it\/wp-json\/wp\/v2\/product_tag?post=394810"}],"curies":[{"name":"wp","href":"https:\/\/api.w.org\/{rel}","templated":true}]}}