{"id":394775,"date":"2026-04-05T14:34:53","date_gmt":"2026-04-05T12:34:53","guid":{"rendered":"https:\/\/bogensportdiscount.ch\/produkt\/b3archery-back-tension-releases-tanjent-brass-back-tension-3-finger\/"},"modified":"2026-04-12T20:20:29","modified_gmt":"2026-04-12T18:20:29","slug":"b3archery-back-tension-release-tanjent-brass-3-finger","status":"publish","type":"product","link":"https:\/\/bogensportdiscount.ch\/it\/prodotto\/b3archery-back-tension-release-tanjent-brass-3-finger\/","title":{"rendered":"B3ARCHERY RILASCI A TENSIONE DORSALE IN OTTONE TANJENT - TENSIONE DORSALE A 3 DITA"},"content":{"rendered":"<p>Der B3ARCHERY Tanjent Brass ist ein Back Tension Release in der 3-Finger-Ausf\u00fchrung. Back Tension Releases l\u00f6sen ohne direkten Fingerdruck auf einen Abzug aus \u2013 der Schuss wird durch aufgebaute R\u00fcckenspannung ausgel\u00f6st, was einen ruhigeren und wiederholbareren Schussablauf f\u00f6rdert.<\/p>\n<p>Die Messing-Ausf\u00fchrung (Brass) sorgt f\u00fcr ein angenehmes Gewicht in der Hand und eine robuste Verarbeitung. Dieser Release-Typ wird von Bogensch\u00fctzen eingesetzt, die gezielt an ihrer Schussform und der Trennung von Ankerpunkt und Ausl\u00f6semoment arbeiten.<\/p>\n<ul>\n<li>Back Tension Ausl\u00f6semechanismus \u2013 kein Abzugsfinger n\u00f6tig<\/li>\n<li>3-Finger-Design f\u00fcr sicheren Griff<\/li>\n<li>Ausf\u00fchrung in Messing (Brass)<\/li>\n<li>F\u00f6rdert gleichm\u00e4ssigen, wiederholbaren Schussablauf<\/li>\n<\/ul>","protected":false},"excerpt":{"rendered":"<p><strong>Marchio:<\/strong> B3 Archery<br \/><strong>Farbe:<\/strong> Bronzo<br \/><strong>Tipo:<\/strong> 3-finger<br \/><strong>Materiale:<\/strong> Messing<br \/><strong>GTIN:<\/strong> 850001576796<\/p>","protected":false},"featured_media":440447,"comment_status":"open","ping_status":"closed","template":"","meta":[],"product_brand":[629],"product_cat":[4348],"product_tag":[3546],"class_list":{"0":"post-394775","1":"product","2":"type-product","3":"status-publish","4":"has-post-thumbnail","6":"product_brand-b3archery","7":"product_cat-back-tension-releases","8":"product_tag-neuheit","10":"first","11":"instock","12":"shipping-taxable","13":"purchasable","14":"product-type-simple"},"_links":{"self":[{"href":"https:\/\/bogensportdiscount.ch\/it\/wp-json\/wp\/v2\/product\/394775","targetHints":{"allow":["GET"]}}],"collection":[{"href":"https:\/\/bogensportdiscount.ch\/it\/wp-json\/wp\/v2\/product"}],"about":[{"href":"https:\/\/bogensportdiscount.ch\/it\/wp-json\/wp\/v2\/types\/product"}],"replies":[{"embeddable":true,"href":"https:\/\/bogensportdiscount.ch\/it\/wp-json\/wp\/v2\/comments?post=394775"}],"wp:featuredmedia":[{"embeddable":true,"href":"https:\/\/bogensportdiscount.ch\/it\/wp-json\/wp\/v2\/media\/440447"}],"wp:attachment":[{"href":"https:\/\/bogensportdiscount.ch\/it\/wp-json\/wp\/v2\/media?parent=394775"}],"wp:term":[{"taxonomy":"product_brand","embeddable":true,"href":"https:\/\/bogensportdiscount.ch\/it\/wp-json\/wp\/v2\/product_brand?post=394775"},{"taxonomy":"product_cat","embeddable":true,"href":"https:\/\/bogensportdiscount.ch\/it\/wp-json\/wp\/v2\/product_cat?post=394775"},{"taxonomy":"product_tag","embeddable":true,"href":"https:\/\/bogensportdiscount.ch\/it\/wp-json\/wp\/v2\/product_tag?post=394775"}],"curies":[{"name":"wp","href":"https:\/\/api.w.org\/{rel}","templated":true}]}}