{"id":394773,"date":"2026-04-05T14:34:53","date_gmt":"2026-04-05T12:34:53","guid":{"rendered":"https:\/\/bogensportdiscount.ch\/produkt\/bearpaw-glue-on-point-parallel-5-16-125gr-50-pk\/"},"modified":"2026-04-17T09:36:36","modified_gmt":"2026-04-17T07:36:36","slug":"bearpaw-aufkleb-spitze-parallel-5-16-125gr-50er-pack","status":"publish","type":"product","link":"https:\/\/bogensportdiscount.ch\/it\/prodotto\/bearpaw-aufkleb-spitze-parallel-5-16-125gr-50er-pack\/","title":{"rendered":"BEARPAW PUNTO DI INCOLLAGGIO PARALLELO 5\/16 125GR 50\/PZ."},"content":{"rendered":"<p>Die BEARPAW Aufkleb-Spitzen im Parallel-Design sind f\u00fcr Holzsch\u00e4fte im Format 5\/16 konzipiert. Das Gewicht von 125 Grain sorgt f\u00fcr eine gute Balance zwischen Vorw\u00e4rtslastigkeit und Flugstabilit\u00e4t des fertigen Pfeils.<\/p>\n<p>Dank der parallelen Form lassen sich die Spitzen einfach mit geeignetem Heisskleber aufsetzen und bieten nach dem Aush\u00e4rten einen sicheren Halt. Das Vorteilspack mit 50 St\u00fcck eignet sich besonders f\u00fcr Bogensch\u00fctzen, die regelm\u00e4ssig eigene Pfeile bauen oder aufbereiten.<\/p>\n<ul>\n<li>Kaliber: 5\/16 \u2013 passend f\u00fcr Holzsch\u00e4fte<\/li>\n<li>Gewicht: 125 Grain pro Spitze<\/li>\n<li>Montage: Aufkleben (Glue-On)<\/li>\n<li>Lieferumfang: 50 St\u00fcck<\/li>\n<\/ul>","protected":false},"excerpt":{"rendered":"<p><strong>Marchio:<\/strong> Zampa d'orso<br \/><strong>Gr\u00f6\u00dfen:<\/strong> 5\/16<br \/><strong>Gewicht:<\/strong> 125<br \/><strong>GTIN:<\/strong> 4251973202311<\/p>","protected":false},"featured_media":453631,"comment_status":"open","ping_status":"closed","template":"","meta":[],"product_brand":[442],"product_cat":[4549],"product_tag":[3546],"class_list":{"0":"post-394773","1":"product","2":"type-product","3":"status-publish","4":"has-post-thumbnail","6":"product_brand-bearpaw","7":"product_cat-spitzen-holz-schaefte-pfeil-komponenten","8":"product_tag-neuheit","10":"first","11":"instock","12":"shipping-taxable","13":"purchasable","14":"product-type-simple"},"_links":{"self":[{"href":"https:\/\/bogensportdiscount.ch\/it\/wp-json\/wp\/v2\/product\/394773","targetHints":{"allow":["GET"]}}],"collection":[{"href":"https:\/\/bogensportdiscount.ch\/it\/wp-json\/wp\/v2\/product"}],"about":[{"href":"https:\/\/bogensportdiscount.ch\/it\/wp-json\/wp\/v2\/types\/product"}],"replies":[{"embeddable":true,"href":"https:\/\/bogensportdiscount.ch\/it\/wp-json\/wp\/v2\/comments?post=394773"}],"wp:featuredmedia":[{"embeddable":true,"href":"https:\/\/bogensportdiscount.ch\/it\/wp-json\/wp\/v2\/media\/453631"}],"wp:attachment":[{"href":"https:\/\/bogensportdiscount.ch\/it\/wp-json\/wp\/v2\/media?parent=394773"}],"wp:term":[{"taxonomy":"product_brand","embeddable":true,"href":"https:\/\/bogensportdiscount.ch\/it\/wp-json\/wp\/v2\/product_brand?post=394773"},{"taxonomy":"product_cat","embeddable":true,"href":"https:\/\/bogensportdiscount.ch\/it\/wp-json\/wp\/v2\/product_cat?post=394773"},{"taxonomy":"product_tag","embeddable":true,"href":"https:\/\/bogensportdiscount.ch\/it\/wp-json\/wp\/v2\/product_tag?post=394773"}],"curies":[{"name":"wp","href":"https:\/\/api.w.org\/{rel}","templated":true}]}}