{"id":394769,"date":"2026-04-05T14:34:52","date_gmt":"2026-04-05T12:34:52","guid":{"rendered":"https:\/\/bogensportdiscount.ch\/produkt\/bowtech-bowsight-centermass-v2-pro-hunter-rh-black\/"},"modified":"2026-04-22T11:47:03","modified_gmt":"2026-04-22T09:47:03","slug":"bowtech-bogenvisier-centermass-v2-pro-hunter-rh-schwarz","status":"publish","type":"product","link":"https:\/\/bogensportdiscount.ch\/it\/prodotto\/bowtech-bogenvisier-centermass-v2-pro-hunter-rh-schwarz\/","title":{"rendered":"BOWTECH BOGENVISIER CENTERMASS V2 PRO HUNTER RH SCHWARZ"},"content":{"rendered":"<p>Das BOWTECH CenterMass V2 Pro Hunter ist ein 5-Pin-Jagdvisier aus hochpr\u00e4zisem 6061-Aluminium, konzipiert f\u00fcr Rechtshandbogensch\u00fctzen. Es ist ausschliesslich mit CenterMass V2 Risern kompatibel und nicht abw\u00e4rtskompatibel mit der V1-Generation.<\/p>\n<p>Die dritte Achse ist mikrojustierbar f\u00fcr pr\u00e4zise Einstellungen, w\u00e4hrend die erste und zweite Achse per Standardverstellung reguliert werden. Das Visier unterst\u00fctzt optionale Linsen (Linsensatz separat erh\u00e4ltlich) sowie eine externe Visierbeleuchtung.<\/p>\n<ul>\n<li>5 Pins \u00e0 .019&#8243; f\u00fcr hohe Erkennbarkeit bei wenig Licht<\/li>\n<li>Leichtbau aus 6061-Aluminium, Gewicht 9 oz<\/li>\n<li>Mikrojustierbare 3. Achse f\u00fcr pr\u00e4zise Ausrichtung<\/li>\n<li>Kompatibel mit Linsen und Visierbeleuchtung<\/li>\n<\/ul>","protected":false},"excerpt":{"rendered":"<table>\n<tr>\n<th>Propriet\u00e0<\/th>\n<th>Valore<\/th>\n<\/tr>\n<tr>\n<td>Materiale<\/td>\n<td>Aluminium 6061 (hochpr\u00e4zise)<\/td>\n<\/tr>\n<tr>\n<td>Peso<\/td>\n<td>9 oz<\/td>\n<\/tr>\n<tr>\n<td>Montaggio<\/td>\n<td>CenterMass V2 (nicht kompatibel mit CenterMass V1 Riser)<\/td>\n<\/tr>\n<tr>\n<td>Numero di pin<\/td>\n<td>5<\/td>\n<\/tr>\n<tr>\n<td>Dimensione pin<\/td>\n<td>.019&#8243;<\/td>\n<\/tr>\n<tr>\n<td>Achsenverstellung<\/td>\n<td>3. Achse mikrojustierbar, 1. und 2. Achse standard<\/td>\n<\/tr>\n<tr>\n<td>Linsenkompatibilit\u00e4t<\/td>\n<td>Ja (Linsensatz erforderlich)<\/td>\n<\/tr>\n<tr>\n<td>Visierbeleuchtung<\/td>\n<td>Kompatibel<\/td>\n<\/tr>\n<tr>\n<td>Mano dominante<\/td>\n<td>Destrimani (RH)<\/td>\n<\/tr>\n<\/table>","protected":false},"featured_media":523823,"comment_status":"open","ping_status":"closed","template":"","meta":[],"product_brand":[451],"product_cat":[4263],"product_tag":[3546],"class_list":{"0":"post-394769","1":"product","2":"type-product","3":"status-publish","4":"has-post-thumbnail","6":"product_brand-bowtech","7":"product_cat-jagd-und-3d-visiere","8":"product_tag-neuheit","9":"product_shipping_class-bsd-standard","11":"first","12":"instock","13":"shipping-taxable","14":"purchasable","15":"product-type-simple"},"yoast_head":"<!-- This site is optimized with the Yoast SEO plugin v27.4 - https:\/\/yoast.com\/product\/yoast-seo-wordpress\/ -->\n<title>BOWTECH CENTERMASS V2 PRO HUNTER RH NERO - Bogensportdiscount \u2013 Archi, frecce, bersagli e accessori<\/title>\n<meta name=\"description\" content=\"Acquista l&#x27;oculare per arco BOWTECH CENTERMASS V2 PRO HUNTER RH NERO a un prezzo conveniente su Bogensportdiscount \u2013 Le migliori marche, spedizione veloce dalla Svizzera.\" \/>\n<meta name=\"robots\" content=\"index, follow, max-snippet:-1, max-image-preview:large, max-video-preview:-1\" \/>\n<link rel=\"canonical\" href=\"https:\/\/bogensportdiscount.ch\/it\/prodotto\/bowtech-bogenvisier-centermass-v2-pro-hunter-rh-schwarz\/\" \/>\n<meta property=\"og:locale\" content=\"it_IT\" \/>\n<meta property=\"og:type\" content=\"article\" \/>\n<meta property=\"og:title\" content=\"BOWTECH CENTERMASS V2 PRO HUNTER RH NERO - Bogensportdiscount \u2013 Archi, frecce, bersagli e accessori\" \/>\n<meta property=\"og:description\" content=\"Acquista l&#x27;oculare per arco BOWTECH CENTERMASS V2 PRO HUNTER RH NERO a un prezzo conveniente su Bogensportdiscount \u2013 Le migliori marche, spedizione veloce dalla Svizzera.\" \/>\n<meta property=\"og:url\" content=\"https:\/\/bogensportdiscount.ch\/it\/prodotto\/bowtech-bogenvisier-centermass-v2-pro-hunter-rh-schwarz\/\" \/>\n<meta property=\"og:site_name\" content=\"Bogensportdiscount \u2013 B\u00f6gen, Pfeile, Targets &amp; Zubeh\u00f6r\" \/>\n<meta property=\"article:modified_time\" content=\"2026-04-22T09:47:03+00:00\" \/>\n<meta property=\"og:image\" content=\"https:\/\/bogensportdiscount.ch\/wp-content\/uploads\/bsm-images\/A088512_1.jpg\" \/>\n\t<meta property=\"og:image:width\" content=\"1500\" \/>\n\t<meta property=\"og:image:height\" content=\"1500\" \/>\n\t<meta property=\"og:image:type\" content=\"image\/jpeg\" \/>\n<meta name=\"twitter:card\" content=\"summary_large_image\" \/>\n<script type=\"application\/ld+json\" class=\"yoast-schema-graph\">{\"@context\":\"https:\\\/\\\/schema.org\",\"@graph\":[{\"@type\":\"WebPage\",\"@id\":\"https:\\\/\\\/bogensportdiscount.ch\\\/produkt\\\/bowtech-bogenvisier-centermass-v2-pro-hunter-rh-schwarz\\\/\",\"url\":\"https:\\\/\\\/bogensportdiscount.ch\\\/produkt\\\/bowtech-bogenvisier-centermass-v2-pro-hunter-rh-schwarz\\\/\",\"name\":\"BOWTECH BOGENVISIER CENTERMASS V2 PRO HUNTER RH SCHWARZ - Bogensportdiscount \u2013 B\u00f6gen, Pfeile, Targets &amp; Zubeh\u00f6r\",\"isPartOf\":{\"@id\":\"https:\\\/\\\/bogensportdiscount.ch\\\/#website\"},\"primaryImageOfPage\":{\"@id\":\"https:\\\/\\\/bogensportdiscount.ch\\\/produkt\\\/bowtech-bogenvisier-centermass-v2-pro-hunter-rh-schwarz\\\/#primaryimage\"},\"image\":{\"@id\":\"https:\\\/\\\/bogensportdiscount.ch\\\/produkt\\\/bowtech-bogenvisier-centermass-v2-pro-hunter-rh-schwarz\\\/#primaryimage\"},\"thumbnailUrl\":\"https:\\\/\\\/bogensportdiscount.ch\\\/wp-content\\\/uploads\\\/bsm-images\\\/A088512_1.jpg\",\"datePublished\":\"2026-04-05T12:34:52+00:00\",\"dateModified\":\"2026-04-22T09:47:03+00:00\",\"description\":\"BOWTECH BOGENVISIER CENTERMASS V2 PRO HUNTER RH SCHWARZ g\u00fcnstig kaufen bei Bogensportdiscount \u2013 Top-Marken, schneller Versand aus der Schweiz.\",\"breadcrumb\":{\"@id\":\"https:\\\/\\\/bogensportdiscount.ch\\\/produkt\\\/bowtech-bogenvisier-centermass-v2-pro-hunter-rh-schwarz\\\/#breadcrumb\"},\"inLanguage\":\"it-IT\",\"potentialAction\":[{\"@type\":\"ReadAction\",\"target\":[\"https:\\\/\\\/bogensportdiscount.ch\\\/produkt\\\/bowtech-bogenvisier-centermass-v2-pro-hunter-rh-schwarz\\\/\"]}]},{\"@type\":\"ImageObject\",\"inLanguage\":\"it-IT\",\"@id\":\"https:\\\/\\\/bogensportdiscount.ch\\\/produkt\\\/bowtech-bogenvisier-centermass-v2-pro-hunter-rh-schwarz\\\/#primaryimage\",\"url\":\"https:\\\/\\\/bogensportdiscount.ch\\\/wp-content\\\/uploads\\\/bsm-images\\\/A088512_1.jpg\",\"contentUrl\":\"https:\\\/\\\/bogensportdiscount.ch\\\/wp-content\\\/uploads\\\/bsm-images\\\/A088512_1.jpg\",\"width\":1500,\"height\":1500},{\"@type\":\"BreadcrumbList\",\"@id\":\"https:\\\/\\\/bogensportdiscount.ch\\\/produkt\\\/bowtech-bogenvisier-centermass-v2-pro-hunter-rh-schwarz\\\/#breadcrumb\",\"itemListElement\":[{\"@type\":\"ListItem\",\"position\":1,\"name\":\"Home\",\"item\":\"https:\\\/\\\/bogensportdiscount.ch\\\/\"},{\"@type\":\"ListItem\",\"position\":2,\"name\":\"Shop\",\"item\":\"https:\\\/\\\/bogensportdiscount.ch\\\/shop\\\/\"},{\"@type\":\"ListItem\",\"position\":3,\"name\":\"BOWTECH BOGENVISIER CENTERMASS V2 PRO HUNTER RH SCHWARZ\"}]},{\"@type\":\"WebSite\",\"@id\":\"https:\\\/\\\/bogensportdiscount.ch\\\/#website\",\"url\":\"https:\\\/\\\/bogensportdiscount.ch\\\/\",\"name\":\"Bogensportdiscount\",\"description\":\"\",\"potentialAction\":[{\"@type\":\"SearchAction\",\"target\":{\"@type\":\"EntryPoint\",\"urlTemplate\":\"https:\\\/\\\/bogensportdiscount.ch\\\/?s={search_term_string}\"},\"query-input\":{\"@type\":\"PropertyValueSpecification\",\"valueRequired\":true,\"valueName\":\"search_term_string\"}}],\"inLanguage\":\"it-IT\"}]}<\/script>\n<!-- \/ Yoast SEO plugin. -->","yoast_head_json":{"title":"BOWTECH CENTERMASS V2 PRO HUNTER RH NERO - Bogensportdiscount \u2013 Archi, frecce, bersagli e accessori","description":"Acquista l&#x27;oculare per arco BOWTECH CENTERMASS V2 PRO HUNTER RH NERO a un prezzo conveniente su Bogensportdiscount \u2013 Le migliori marche, spedizione veloce dalla Svizzera.","robots":{"index":"index","follow":"follow","max-snippet":"max-snippet:-1","max-image-preview":"max-image-preview:large","max-video-preview":"max-video-preview:-1"},"canonical":"https:\/\/bogensportdiscount.ch\/it\/prodotto\/bowtech-bogenvisier-centermass-v2-pro-hunter-rh-schwarz\/","og_locale":"it_IT","og_type":"article","og_title":"BOWTECH CENTERMASS V2 PRO HUNTER RH NERO - Bogensportdiscount \u2013 Archi, frecce, bersagli e accessori","og_description":"Acquista l&#x27;oculare per arco BOWTECH CENTERMASS V2 PRO HUNTER RH NERO a un prezzo conveniente su Bogensportdiscount \u2013 Le migliori marche, spedizione veloce dalla Svizzera.","og_url":"https:\/\/bogensportdiscount.ch\/it\/prodotto\/bowtech-bogenvisier-centermass-v2-pro-hunter-rh-schwarz\/","og_site_name":"Bogensportdiscount \u2013 B\u00f6gen, Pfeile, Targets &amp; Zubeh\u00f6r","article_modified_time":"2026-04-22T09:47:03+00:00","og_image":[{"width":1500,"height":1500,"url":"https:\/\/bogensportdiscount.ch\/wp-content\/uploads\/bsm-images\/A088512_1.jpg","type":"image\/jpeg"}],"twitter_card":"summary_large_image","schema":{"@context":"https:\/\/schema.org","@graph":[{"@type":"WebPage","@id":"https:\/\/bogensportdiscount.ch\/produkt\/bowtech-bogenvisier-centermass-v2-pro-hunter-rh-schwarz\/","url":"https:\/\/bogensportdiscount.ch\/produkt\/bowtech-bogenvisier-centermass-v2-pro-hunter-rh-schwarz\/","name":"BOWTECH CENTERMASS V2 PRO HUNTER RH NERO - Bogensportdiscount \u2013 Archi, frecce, bersagli e accessori","isPartOf":{"@id":"https:\/\/bogensportdiscount.ch\/#website"},"primaryImageOfPage":{"@id":"https:\/\/bogensportdiscount.ch\/produkt\/bowtech-bogenvisier-centermass-v2-pro-hunter-rh-schwarz\/#primaryimage"},"image":{"@id":"https:\/\/bogensportdiscount.ch\/produkt\/bowtech-bogenvisier-centermass-v2-pro-hunter-rh-schwarz\/#primaryimage"},"thumbnailUrl":"https:\/\/bogensportdiscount.ch\/wp-content\/uploads\/bsm-images\/A088512_1.jpg","datePublished":"2026-04-05T12:34:52+00:00","dateModified":"2026-04-22T09:47:03+00:00","description":"Acquista l&#x27;oculare per arco BOWTECH CENTERMASS V2 PRO HUNTER RH NERO a un prezzo conveniente su Bogensportdiscount \u2013 Le migliori marche, spedizione veloce dalla Svizzera.","breadcrumb":{"@id":"https:\/\/bogensportdiscount.ch\/produkt\/bowtech-bogenvisier-centermass-v2-pro-hunter-rh-schwarz\/#breadcrumb"},"inLanguage":"it-IT","potentialAction":[{"@type":"ReadAction","target":["https:\/\/bogensportdiscount.ch\/produkt\/bowtech-bogenvisier-centermass-v2-pro-hunter-rh-schwarz\/"]}]},{"@type":"ImageObject","inLanguage":"it-IT","@id":"https:\/\/bogensportdiscount.ch\/produkt\/bowtech-bogenvisier-centermass-v2-pro-hunter-rh-schwarz\/#primaryimage","url":"https:\/\/bogensportdiscount.ch\/wp-content\/uploads\/bsm-images\/A088512_1.jpg","contentUrl":"https:\/\/bogensportdiscount.ch\/wp-content\/uploads\/bsm-images\/A088512_1.jpg","width":1500,"height":1500},{"@type":"BreadcrumbList","@id":"https:\/\/bogensportdiscount.ch\/produkt\/bowtech-bogenvisier-centermass-v2-pro-hunter-rh-schwarz\/#breadcrumb","itemListElement":[{"@type":"ListItem","position":1,"name":"Home","item":"https:\/\/bogensportdiscount.ch\/"},{"@type":"ListItem","position":2,"name":"Shop","item":"https:\/\/bogensportdiscount.ch\/shop\/"},{"@type":"ListItem","position":3,"name":"BOWTECH BOGENVISIER CENTERMASS V2 PRO HUNTER RH SCHWARZ"}]},{"@type":"WebSite","@id":"https:\/\/bogensportdiscount.ch\/#website","url":"https:\/\/bogensportdiscount.ch\/","name":"Bogensportdiscount","description":"","potentialAction":[{"@type":"SearchAction","target":{"@type":"EntryPoint","urlTemplate":"https:\/\/bogensportdiscount.ch\/?s={search_term_string}"},"query-input":{"@type":"PropertyValueSpecification","valueRequired":true,"valueName":"search_term_string"}}],"inLanguage":"it-IT"}]}},"_links":{"self":[{"href":"https:\/\/bogensportdiscount.ch\/it\/wp-json\/wp\/v2\/product\/394769","targetHints":{"allow":["GET"]}}],"collection":[{"href":"https:\/\/bogensportdiscount.ch\/it\/wp-json\/wp\/v2\/product"}],"about":[{"href":"https:\/\/bogensportdiscount.ch\/it\/wp-json\/wp\/v2\/types\/product"}],"replies":[{"embeddable":true,"href":"https:\/\/bogensportdiscount.ch\/it\/wp-json\/wp\/v2\/comments?post=394769"}],"wp:featuredmedia":[{"embeddable":true,"href":"https:\/\/bogensportdiscount.ch\/it\/wp-json\/wp\/v2\/media\/523823"}],"wp:attachment":[{"href":"https:\/\/bogensportdiscount.ch\/it\/wp-json\/wp\/v2\/media?parent=394769"}],"wp:term":[{"taxonomy":"product_brand","embeddable":true,"href":"https:\/\/bogensportdiscount.ch\/it\/wp-json\/wp\/v2\/product_brand?post=394769"},{"taxonomy":"product_cat","embeddable":true,"href":"https:\/\/bogensportdiscount.ch\/it\/wp-json\/wp\/v2\/product_cat?post=394769"},{"taxonomy":"product_tag","embeddable":true,"href":"https:\/\/bogensportdiscount.ch\/it\/wp-json\/wp\/v2\/product_tag?post=394769"}],"curies":[{"name":"wp","href":"https:\/\/api.w.org\/{rel}","templated":true}]}}