{"id":394764,"date":"2026-04-05T14:34:51","date_gmt":"2026-04-05T12:34:51","guid":{"rendered":"https:\/\/bogensportdiscount.ch\/produkt\/mybo-risers-talis-ilf-25-rh-patriot-blue\/"},"modified":"2026-04-15T13:44:44","modified_gmt":"2026-04-15T11:44:44","slug":"mybo-mittelstuck-talis-ilf-25-rh-patriot-blue","status":"publish","type":"product","link":"https:\/\/bogensportdiscount.ch\/it\/prodotto\/mybo-mittelstuck-talis-ilf-25-rh-patriot-blue\/","title":{"rendered":"RISERS MYBO TALIS ILF 25\u2033 RH BLU PATRIOTA"},"content":{"rendered":"<p>Das MYBO Talis ILF Mittelst\u00fcck ist ein vollst\u00e4ndig CNC-gefr\u00e4stes Recurvebogen-Mittelst\u00fcck aus Aluminium in einer L\u00e4nge von 25 Zoll. Es verf\u00fcgt \u00fcber eine ILF-Aufnahme (International Limb Fitting) und ist damit mit einer Vielzahl von Wurfarmpaaren kompatibel.<\/p>\n<p>Das Modell ist f\u00fcr Rechtschuetzen ausgelegt und laut Hersteller f\u00fcr alle Zuggewichte geeignet. Die Ausf\u00fchrung in Patriot Blue verleiht dem Mittelst\u00fcck ein markantes Erscheinungsbild.<\/p>\n<ul>\n<li>Full-CNC-Fertigung aus Aluminium f\u00fcr hohe Massgenauigkeit<\/li>\n<li>ILF-Aufnahme f\u00fcr breite Wurfarom-Kompatibilit\u00e4t<\/li>\n<li>Geeignet f\u00fcr alle Zuggewichte<\/li>\n<li>L\u00e4nge: 25 Zoll<\/li>\n<\/ul>","protected":false},"excerpt":{"rendered":"<table>\n<tr>\n<th>Propriet\u00e0<\/th>\n<th>Valore<\/th>\n<\/tr>\n<tr>\n<td>Mano<\/td>\n<td>Destrimani (RH)<\/td>\n<\/tr>\n<tr>\n<td>Colore<\/td>\n<td>Patriot Blue<\/td>\n<\/tr>\n<tr>\n<td>Tipo<\/td>\n<td>Full CNC<\/td>\n<\/tr>\n<tr>\n<td>Raccomandazione<\/td>\n<td>Alle Zuggewichte<\/td>\n<\/tr>\n<tr>\n<td>Materiale<\/td>\n<td>Aluminium<\/td>\n<\/tr>\n<tr>\n<td>Lunghezza<\/td>\n<td>25 Zoll<\/td>\n<\/tr>\n<tr>\n<td>Pfeilauflage-Passung<\/td>\n<td>ILF<\/td>\n<\/tr>\n<tr>\n<td>Herkunftsland<\/td>\n<td>Grossbritannien<\/td>\n<\/tr>\n<\/table>","protected":false},"featured_media":453325,"comment_status":"open","ping_status":"closed","template":"","meta":[],"product_brand":[430],"product_cat":[4519],"product_tag":[3546],"class_list":{"0":"post-394764","1":"product","2":"type-product","3":"status-publish","4":"has-post-thumbnail","6":"product_brand-mybo","7":"product_cat-recurve-mittelteile-recurve-boegen","8":"product_tag-neuheit","10":"first","11":"instock","12":"shipping-taxable","13":"purchasable","14":"product-type-simple"},"_links":{"self":[{"href":"https:\/\/bogensportdiscount.ch\/it\/wp-json\/wp\/v2\/product\/394764","targetHints":{"allow":["GET"]}}],"collection":[{"href":"https:\/\/bogensportdiscount.ch\/it\/wp-json\/wp\/v2\/product"}],"about":[{"href":"https:\/\/bogensportdiscount.ch\/it\/wp-json\/wp\/v2\/types\/product"}],"replies":[{"embeddable":true,"href":"https:\/\/bogensportdiscount.ch\/it\/wp-json\/wp\/v2\/comments?post=394764"}],"wp:featuredmedia":[{"embeddable":true,"href":"https:\/\/bogensportdiscount.ch\/it\/wp-json\/wp\/v2\/media\/453325"}],"wp:attachment":[{"href":"https:\/\/bogensportdiscount.ch\/it\/wp-json\/wp\/v2\/media?parent=394764"}],"wp:term":[{"taxonomy":"product_brand","embeddable":true,"href":"https:\/\/bogensportdiscount.ch\/it\/wp-json\/wp\/v2\/product_brand?post=394764"},{"taxonomy":"product_cat","embeddable":true,"href":"https:\/\/bogensportdiscount.ch\/it\/wp-json\/wp\/v2\/product_cat?post=394764"},{"taxonomy":"product_tag","embeddable":true,"href":"https:\/\/bogensportdiscount.ch\/it\/wp-json\/wp\/v2\/product_tag?post=394764"}],"curies":[{"name":"wp","href":"https:\/\/api.w.org\/{rel}","templated":true}]}}