{"id":394762,"date":"2026-04-05T14:34:50","date_gmt":"2026-04-05T12:34:50","guid":{"rendered":"https:\/\/bogensportdiscount.ch\/produkt\/spothogg-fast-eddie-pm-mrt-3-pin-019-rh-black\/"},"modified":"2026-04-15T13:42:56","modified_gmt":"2026-04-15T11:42:56","slug":"spothogg-compound-visier-fast-eddie-pm-mrt-3-pin-019-rh-schwarz","status":"publish","type":"product","link":"https:\/\/bogensportdiscount.ch\/it\/prodotto\/spothogg-compound-visier-fast-eddie-pm-mrt-3-pin-019-rh-schwarz\/","title":{"rendered":"SPOTHOGG FAST EDDIE PM MRT \/ 3 PIN .019\u2033 RH NERO"},"content":{"rendered":"<p>Das SPOTHOGG Fast Eddie PM MRT ist ein Compound-Visier f\u00fcr Jagd und 3D-Bogenschiessen. Es ist f\u00fcr Rechtsh\u00e4nder ausgelegt und in Schwarz gehalten. Die MRT-Technologie (Multi-Ring Technology) erm\u00f6glicht eine schnelle und pr\u00e4zise Einstellung des Visiers.<\/p>\n<p>Das Visier ist mit 3 Pins in der Gr\u00f6sse .019&#8243; ausgestattet, die f\u00fcr pr\u00e4zises Zielen auf verschiedene Distanzen ausgelegt sind. Die Kombination aus robuster Bauweise und praktischer Einstellbarkeit macht das Fast Eddie PM MRT zu einem zuverl\u00e4ssigen Begleiter f\u00fcr Jagd- und 3D-Eins\u00e4tze.<\/p>\n<ul>\n<li>3 Pins in Gr\u00f6sse .019&#8243; f\u00fcr mehrere Zieldistanzen<\/li>\n<li>MRT-Einstellsystem f\u00fcr schnelle Anpassungen<\/li>\n<li>Ausf\u00fchrung f\u00fcr Rechtsh\u00e4nder<\/li>\n<li>Herstellung in den USA<\/li>\n<\/ul>","protected":false},"excerpt":{"rendered":"<table>\n<tr>\n<th>Propriet\u00e0<\/th>\n<th>Valore<\/th>\n<\/tr>\n<tr>\n<td>Marchio<\/td>\n<td>Spot-Hogg<\/td>\n<\/tr>\n<tr>\n<td>Mano<\/td>\n<td>Rechtsh\u00e4nder (RH)<\/td>\n<\/tr>\n<tr>\n<td>Colore<\/td>\n<td>Schwarz<\/td>\n<\/tr>\n<tr>\n<td>Anzahl Pins<\/td>\n<td>3<\/td>\n<\/tr>\n<tr>\n<td>Pin-Gr\u00f6sse<\/td>\n<td>.019&#8243;<\/td>\n<\/tr>\n<tr>\n<td>Origine<\/td>\n<td>USA<\/td>\n<\/tr>\n<\/table>","protected":false},"featured_media":453306,"comment_status":"open","ping_status":"closed","template":"","meta":[],"product_brand":[538],"product_cat":[4263],"product_tag":[3546],"class_list":{"0":"post-394762","1":"product","2":"type-product","3":"status-publish","4":"has-post-thumbnail","6":"product_brand-spothogg","7":"product_cat-jagd-und-3d-visiere","8":"product_tag-neuheit","10":"first","11":"instock","12":"shipping-taxable","13":"purchasable","14":"product-type-simple"},"_links":{"self":[{"href":"https:\/\/bogensportdiscount.ch\/it\/wp-json\/wp\/v2\/product\/394762","targetHints":{"allow":["GET"]}}],"collection":[{"href":"https:\/\/bogensportdiscount.ch\/it\/wp-json\/wp\/v2\/product"}],"about":[{"href":"https:\/\/bogensportdiscount.ch\/it\/wp-json\/wp\/v2\/types\/product"}],"replies":[{"embeddable":true,"href":"https:\/\/bogensportdiscount.ch\/it\/wp-json\/wp\/v2\/comments?post=394762"}],"wp:featuredmedia":[{"embeddable":true,"href":"https:\/\/bogensportdiscount.ch\/it\/wp-json\/wp\/v2\/media\/453306"}],"wp:attachment":[{"href":"https:\/\/bogensportdiscount.ch\/it\/wp-json\/wp\/v2\/media?parent=394762"}],"wp:term":[{"taxonomy":"product_brand","embeddable":true,"href":"https:\/\/bogensportdiscount.ch\/it\/wp-json\/wp\/v2\/product_brand?post=394762"},{"taxonomy":"product_cat","embeddable":true,"href":"https:\/\/bogensportdiscount.ch\/it\/wp-json\/wp\/v2\/product_cat?post=394762"},{"taxonomy":"product_tag","embeddable":true,"href":"https:\/\/bogensportdiscount.ch\/it\/wp-json\/wp\/v2\/product_tag?post=394762"}],"curies":[{"name":"wp","href":"https:\/\/api.w.org\/{rel}","templated":true}]}}