{"id":394749,"date":"2026-04-05T14:34:47","date_gmt":"2026-04-05T12:34:47","guid":{"rendered":"https:\/\/bogensportdiscount.ch\/produkt\/hha-compound-sights-picatinny-mount-tetra-max-ryz-x3-3-pin-019-rh\/"},"modified":"2026-04-15T13:38:28","modified_gmt":"2026-04-15T11:38:28","slug":"hha-compound-visier-picatinny-mount-tetra-max-ryz-x3-3-pin-019-rh","status":"publish","type":"product","link":"https:\/\/bogensportdiscount.ch\/it\/prodotto\/hha-compound-visier-picatinny-mount-tetra-max-ryz-x3-3-pin-019-rh\/","title":{"rendered":"MIRE COMPOSTE HHA MONTAGGIO PICATINNY TETRA MAX RYZ X3 3 PIN .019\u2033 RH"},"content":{"rendered":"<p>Das HHA Compound-Visier Tetra Max Ryz X3 in der 3-Pin-Ausf\u00fchrung (.019&#8243;) ist f\u00fcr den Einsatz an Compound-B\u00f6gen ausgelegt und richtet sich an Rechtsh\u00e4nder. Die Picatinny-Montage erm\u00f6glicht eine stabile und pr\u00e4zise Befestigung am Bogen.<\/p>\n<p>Mit drei Visier-Pins bietet das Ryz X3 eine praxisnahe Distanzabdeckung f\u00fcr Jagd- und 3D-Anwendungen. Die Pindicke von .019&#8243; ist f\u00fcr viele Schiesssituationen gut geeignet und erlaubt eine klare Zielerfassung auch bei wechselnden Lichtverh\u00e4ltnissen.<\/p>\n<ul>\n<li>Picatinny-Montage f\u00fcr sichere Befestigung<\/li>\n<li>3-Pin-Konfiguration f\u00fcr verschiedene Distanzen<\/li>\n<li>Pingr\u00f6sse .019&#8243; f\u00fcr pr\u00e4zise Zielaufnahme<\/li>\n<li>Ausf\u00fchrung f\u00fcr Rechtsh\u00e4nder (RH)<\/li>\n<\/ul>","protected":false},"excerpt":{"rendered":"<p><strong>Marchio:<\/strong> HHA<br \/><strong>LH\/RH:<\/strong> RH<br \/><strong>Farbe:<\/strong> Schwarz<br \/><strong>Tipo:<\/strong> Picatinny mount<br \/><strong>Pin count:<\/strong> 3<br \/><strong>Pin size:<\/strong> 019<br \/><strong>GTIN:<\/strong> 716415230948<\/p>","protected":false},"featured_media":453221,"comment_status":"open","ping_status":"closed","template":"","meta":[],"product_brand":[528],"product_cat":[4263],"product_tag":[3546],"class_list":{"0":"post-394749","1":"product","2":"type-product","3":"status-publish","4":"has-post-thumbnail","6":"product_brand-hha","7":"product_cat-jagd-und-3d-visiere","8":"product_tag-neuheit","10":"first","11":"instock","12":"shipping-taxable","13":"purchasable","14":"product-type-simple"},"_links":{"self":[{"href":"https:\/\/bogensportdiscount.ch\/it\/wp-json\/wp\/v2\/product\/394749","targetHints":{"allow":["GET"]}}],"collection":[{"href":"https:\/\/bogensportdiscount.ch\/it\/wp-json\/wp\/v2\/product"}],"about":[{"href":"https:\/\/bogensportdiscount.ch\/it\/wp-json\/wp\/v2\/types\/product"}],"replies":[{"embeddable":true,"href":"https:\/\/bogensportdiscount.ch\/it\/wp-json\/wp\/v2\/comments?post=394749"}],"wp:featuredmedia":[{"embeddable":true,"href":"https:\/\/bogensportdiscount.ch\/it\/wp-json\/wp\/v2\/media\/453221"}],"wp:attachment":[{"href":"https:\/\/bogensportdiscount.ch\/it\/wp-json\/wp\/v2\/media?parent=394749"}],"wp:term":[{"taxonomy":"product_brand","embeddable":true,"href":"https:\/\/bogensportdiscount.ch\/it\/wp-json\/wp\/v2\/product_brand?post=394749"},{"taxonomy":"product_cat","embeddable":true,"href":"https:\/\/bogensportdiscount.ch\/it\/wp-json\/wp\/v2\/product_cat?post=394749"},{"taxonomy":"product_tag","embeddable":true,"href":"https:\/\/bogensportdiscount.ch\/it\/wp-json\/wp\/v2\/product_tag?post=394749"}],"curies":[{"name":"wp","href":"https:\/\/api.w.org\/{rel}","templated":true}]}}