{"id":394730,"date":"2026-04-05T14:34:43","date_gmt":"2026-04-05T12:34:43","guid":{"rendered":"https:\/\/bogensportdiscount.ch\/produkt\/viper-hunting-3d-sights-sidewinder-xl-2pin-019-black\/"},"modified":"2026-04-23T19:28:29","modified_gmt":"2026-04-23T17:28:29","slug":"viper-compound-jagd-3d-visier-sidewinder-xl-2-pin-019-schwarz","status":"publish","type":"product","link":"https:\/\/bogensportdiscount.ch\/it\/prodotto\/viper-compound-jagd-3d-visier-sidewinder-xl-2-pin-019-schwarz\/","title":{"rendered":"VIPER JAGD &#038; 3D VISIERE SIDEWINDER \/ XL 2PIN .019 \/ SCHWARZ"},"content":{"rendered":"<p>Das VIPER Sidewinder XL 2-Pin Visier wurde f\u00fcr den Einsatz bei der Jagd sowie im 3D-Bogensport entwickelt. Mit zwei Pins und einer Fadenst\u00e4rke von .019 Zoll bietet es eine klare Zieloptik f\u00fcr mittlere bis weitere Distanzen.<\/p>\n<p>Die schwarze Ausf\u00fchrung sorgt f\u00fcr eine unauff\u00e4llige Optik, die besonders beim Jagdeinsatz von Vorteil ist. Das Sidewinder XL geh\u00f6rt zur Jagd- und 3D-Visierlinie von VIPER und ist auf die Anforderungen von Bogenj\u00e4gern und 3D-Sch\u00fctzen ausgerichtet.<\/p>\n<ul>\n<li>Configurazione a 2 pin per due distanze regolabili<\/li>\n<li>Fadenst\u00e4rke .019 Zoll f\u00fcr pr\u00e4zise Zielerfassung<\/li>\n<li>Adatto per caccia e tiro con l'arco 3D<\/li>\n<li>Versione in nero<\/li>\n<\/ul>","protected":false},"excerpt":{"rendered":"<p><strong>Marchio:<\/strong> Viper<br \/><strong>LH\/RH:<\/strong> Ambidestro<br \/><strong>Colore:<\/strong> Nero<br \/><strong>Numero di pin:<\/strong> 2<br \/><strong>Dimensione pin:<\/strong> 019<br \/><strong>GTIN:<\/strong> 813062015833<\/p>","protected":false},"featured_media":452978,"comment_status":"open","ping_status":"closed","template":"","meta":[],"product_brand":[566],"product_cat":[4263],"product_tag":[3546],"class_list":{"0":"post-394730","1":"product","2":"type-product","3":"status-publish","4":"has-post-thumbnail","6":"product_brand-viper","7":"product_cat-jagd-und-3d-visiere","8":"product_tag-neuheit","9":"product_shipping_class-bsd-standard","11":"first","12":"onbackorder","13":"shipping-taxable","14":"purchasable","15":"product-type-simple"},"yoast_head":"<!-- This site is optimized with the Yoast SEO plugin v27.4 - https:\/\/yoast.com\/product\/yoast-seo-wordpress\/ -->\n<title>VIPER CACCIA E MIRINI 3D SIDEWINDER \/ XL 2PIN .019 \/ NERO - Bogensportdiscount \u2013 Archi, frecce, bersagli e accessori<\/title>\n<meta name=\"description\" content=\"VIPER JAGD &amp; MIRINI 3D SIDEWINDER \/ XL 2PIN .019 \/ NERO: acquista a prezzi convenienti su Bogensportdiscount \u2013 Le migliori marche, spedizione veloce dalla Svizzera.\" \/>\n<meta name=\"robots\" content=\"index, follow, max-snippet:-1, max-image-preview:large, max-video-preview:-1\" \/>\n<link rel=\"canonical\" href=\"https:\/\/bogensportdiscount.ch\/it\/prodotto\/viper-compound-jagd-3d-visier-sidewinder-xl-2-pin-019-schwarz\/\" \/>\n<meta property=\"og:locale\" content=\"it_IT\" \/>\n<meta property=\"og:type\" content=\"article\" \/>\n<meta property=\"og:title\" content=\"VIPER CACCIA E MIRINI 3D SIDEWINDER \/ XL 2PIN .019 \/ NERO - Bogensportdiscount \u2013 Archi, frecce, bersagli e accessori\" \/>\n<meta property=\"og:description\" content=\"VIPER JAGD &amp; MIRINI 3D SIDEWINDER \/ XL 2PIN .019 \/ NERO: acquista a prezzi convenienti su Bogensportdiscount \u2013 Le migliori marche, spedizione veloce dalla Svizzera.\" \/>\n<meta property=\"og:url\" content=\"https:\/\/bogensportdiscount.ch\/it\/prodotto\/viper-compound-jagd-3d-visier-sidewinder-xl-2-pin-019-schwarz\/\" \/>\n<meta property=\"og:site_name\" content=\"Bogensportdiscount \u2013 B\u00f6gen, Pfeile, Targets &amp; Zubeh\u00f6r\" \/>\n<meta property=\"article:modified_time\" content=\"2026-04-23T17:28:29+00:00\" \/>\n<meta property=\"og:image\" content=\"https:\/\/bogensportdiscount.ch\/wp-content\/uploads\/bsm-images\/a069066_1.jpg\" \/>\n\t<meta property=\"og:image:width\" content=\"400\" \/>\n\t<meta property=\"og:image:height\" content=\"266\" \/>\n\t<meta property=\"og:image:type\" content=\"image\/jpeg\" \/>\n<meta name=\"twitter:card\" content=\"summary_large_image\" \/>\n<meta name=\"twitter:label1\" content=\"Tempo di lettura stimato\" \/>\n\t<meta name=\"twitter:data1\" content=\"1 minuto\" \/>\n<script type=\"application\/ld+json\" class=\"yoast-schema-graph\">{\"@context\":\"https:\\\/\\\/schema.org\",\"@graph\":[{\"@type\":\"WebPage\",\"@id\":\"https:\\\/\\\/bogensportdiscount.ch\\\/produkt\\\/viper-compound-jagd-3d-visier-sidewinder-xl-2-pin-019-schwarz\\\/\",\"url\":\"https:\\\/\\\/bogensportdiscount.ch\\\/produkt\\\/viper-compound-jagd-3d-visier-sidewinder-xl-2-pin-019-schwarz\\\/\",\"name\":\"VIPER JAGD & 3D VISIERE SIDEWINDER \\\/ XL 2PIN .019 \\\/ SCHWARZ - Bogensportdiscount \u2013 B\u00f6gen, Pfeile, Targets &amp; Zubeh\u00f6r\",\"isPartOf\":{\"@id\":\"https:\\\/\\\/bogensportdiscount.ch\\\/#website\"},\"primaryImageOfPage\":{\"@id\":\"https:\\\/\\\/bogensportdiscount.ch\\\/produkt\\\/viper-compound-jagd-3d-visier-sidewinder-xl-2-pin-019-schwarz\\\/#primaryimage\"},\"image\":{\"@id\":\"https:\\\/\\\/bogensportdiscount.ch\\\/produkt\\\/viper-compound-jagd-3d-visier-sidewinder-xl-2-pin-019-schwarz\\\/#primaryimage\"},\"thumbnailUrl\":\"https:\\\/\\\/bogensportdiscount.ch\\\/wp-content\\\/uploads\\\/bsm-images\\\/a069066_1.jpg\",\"datePublished\":\"2026-04-05T12:34:43+00:00\",\"dateModified\":\"2026-04-23T17:28:29+00:00\",\"description\":\"VIPER JAGD & 3D VISIERE SIDEWINDER \\\/ XL 2PIN .019 \\\/ SCHWARZ g\u00fcnstig kaufen bei Bogensportdiscount \u2013 Top-Marken, schneller Versand aus der Schweiz.\",\"breadcrumb\":{\"@id\":\"https:\\\/\\\/bogensportdiscount.ch\\\/produkt\\\/viper-compound-jagd-3d-visier-sidewinder-xl-2-pin-019-schwarz\\\/#breadcrumb\"},\"inLanguage\":\"it-IT\",\"potentialAction\":[{\"@type\":\"ReadAction\",\"target\":[\"https:\\\/\\\/bogensportdiscount.ch\\\/produkt\\\/viper-compound-jagd-3d-visier-sidewinder-xl-2-pin-019-schwarz\\\/\"]}]},{\"@type\":\"ImageObject\",\"inLanguage\":\"it-IT\",\"@id\":\"https:\\\/\\\/bogensportdiscount.ch\\\/produkt\\\/viper-compound-jagd-3d-visier-sidewinder-xl-2-pin-019-schwarz\\\/#primaryimage\",\"url\":\"https:\\\/\\\/bogensportdiscount.ch\\\/wp-content\\\/uploads\\\/bsm-images\\\/a069066_1.jpg\",\"contentUrl\":\"https:\\\/\\\/bogensportdiscount.ch\\\/wp-content\\\/uploads\\\/bsm-images\\\/a069066_1.jpg\",\"width\":400,\"height\":266},{\"@type\":\"BreadcrumbList\",\"@id\":\"https:\\\/\\\/bogensportdiscount.ch\\\/produkt\\\/viper-compound-jagd-3d-visier-sidewinder-xl-2-pin-019-schwarz\\\/#breadcrumb\",\"itemListElement\":[{\"@type\":\"ListItem\",\"position\":1,\"name\":\"Home\",\"item\":\"https:\\\/\\\/bogensportdiscount.ch\\\/\"},{\"@type\":\"ListItem\",\"position\":2,\"name\":\"Shop\",\"item\":\"https:\\\/\\\/bogensportdiscount.ch\\\/shop\\\/\"},{\"@type\":\"ListItem\",\"position\":3,\"name\":\"VIPER JAGD &#038; 3D VISIERE SIDEWINDER \\\/ XL 2PIN .019 \\\/ SCHWARZ\"}]},{\"@type\":\"WebSite\",\"@id\":\"https:\\\/\\\/bogensportdiscount.ch\\\/#website\",\"url\":\"https:\\\/\\\/bogensportdiscount.ch\\\/\",\"name\":\"Bogensportdiscount\",\"description\":\"\",\"potentialAction\":[{\"@type\":\"SearchAction\",\"target\":{\"@type\":\"EntryPoint\",\"urlTemplate\":\"https:\\\/\\\/bogensportdiscount.ch\\\/?s={search_term_string}\"},\"query-input\":{\"@type\":\"PropertyValueSpecification\",\"valueRequired\":true,\"valueName\":\"search_term_string\"}}],\"inLanguage\":\"it-IT\"}]}<\/script>\n<!-- \/ Yoast SEO plugin. -->","yoast_head_json":{"title":"VIPER CACCIA E MIRINI 3D SIDEWINDER \/ XL 2PIN .019 \/ NERO - Bogensportdiscount \u2013 Archi, frecce, bersagli e accessori","description":"VIPER JAGD &amp; MIRINI 3D SIDEWINDER \/ XL 2PIN .019 \/ NERO: acquista a prezzi convenienti su Bogensportdiscount \u2013 Le migliori marche, spedizione veloce dalla Svizzera.","robots":{"index":"index","follow":"follow","max-snippet":"max-snippet:-1","max-image-preview":"max-image-preview:large","max-video-preview":"max-video-preview:-1"},"canonical":"https:\/\/bogensportdiscount.ch\/it\/prodotto\/viper-compound-jagd-3d-visier-sidewinder-xl-2-pin-019-schwarz\/","og_locale":"it_IT","og_type":"article","og_title":"VIPER CACCIA E MIRINI 3D SIDEWINDER \/ XL 2PIN .019 \/ NERO - Bogensportdiscount \u2013 Archi, frecce, bersagli e accessori","og_description":"VIPER JAGD &amp; MIRINI 3D SIDEWINDER \/ XL 2PIN .019 \/ NERO: acquista a prezzi convenienti su Bogensportdiscount \u2013 Le migliori marche, spedizione veloce dalla Svizzera.","og_url":"https:\/\/bogensportdiscount.ch\/it\/prodotto\/viper-compound-jagd-3d-visier-sidewinder-xl-2-pin-019-schwarz\/","og_site_name":"Bogensportdiscount \u2013 B\u00f6gen, Pfeile, Targets &amp; Zubeh\u00f6r","article_modified_time":"2026-04-23T17:28:29+00:00","og_image":[{"width":400,"height":266,"url":"https:\/\/bogensportdiscount.ch\/wp-content\/uploads\/bsm-images\/a069066_1.jpg","type":"image\/jpeg"}],"twitter_card":"summary_large_image","twitter_misc":{"Tempo di lettura stimato":"1 minuto"},"schema":{"@context":"https:\/\/schema.org","@graph":[{"@type":"WebPage","@id":"https:\/\/bogensportdiscount.ch\/produkt\/viper-compound-jagd-3d-visier-sidewinder-xl-2-pin-019-schwarz\/","url":"https:\/\/bogensportdiscount.ch\/produkt\/viper-compound-jagd-3d-visier-sidewinder-xl-2-pin-019-schwarz\/","name":"VIPER CACCIA E MIRINI 3D SIDEWINDER \/ XL 2PIN .019 \/ NERO - Bogensportdiscount \u2013 Archi, frecce, bersagli e accessori","isPartOf":{"@id":"https:\/\/bogensportdiscount.ch\/#website"},"primaryImageOfPage":{"@id":"https:\/\/bogensportdiscount.ch\/produkt\/viper-compound-jagd-3d-visier-sidewinder-xl-2-pin-019-schwarz\/#primaryimage"},"image":{"@id":"https:\/\/bogensportdiscount.ch\/produkt\/viper-compound-jagd-3d-visier-sidewinder-xl-2-pin-019-schwarz\/#primaryimage"},"thumbnailUrl":"https:\/\/bogensportdiscount.ch\/wp-content\/uploads\/bsm-images\/a069066_1.jpg","datePublished":"2026-04-05T12:34:43+00:00","dateModified":"2026-04-23T17:28:29+00:00","description":"VIPER JAGD &amp; MIRINI 3D SIDEWINDER \/ XL 2PIN .019 \/ NERO: acquista a prezzi convenienti su Bogensportdiscount \u2013 Le migliori marche, spedizione veloce dalla Svizzera.","breadcrumb":{"@id":"https:\/\/bogensportdiscount.ch\/produkt\/viper-compound-jagd-3d-visier-sidewinder-xl-2-pin-019-schwarz\/#breadcrumb"},"inLanguage":"it-IT","potentialAction":[{"@type":"ReadAction","target":["https:\/\/bogensportdiscount.ch\/produkt\/viper-compound-jagd-3d-visier-sidewinder-xl-2-pin-019-schwarz\/"]}]},{"@type":"ImageObject","inLanguage":"it-IT","@id":"https:\/\/bogensportdiscount.ch\/produkt\/viper-compound-jagd-3d-visier-sidewinder-xl-2-pin-019-schwarz\/#primaryimage","url":"https:\/\/bogensportdiscount.ch\/wp-content\/uploads\/bsm-images\/a069066_1.jpg","contentUrl":"https:\/\/bogensportdiscount.ch\/wp-content\/uploads\/bsm-images\/a069066_1.jpg","width":400,"height":266},{"@type":"BreadcrumbList","@id":"https:\/\/bogensportdiscount.ch\/produkt\/viper-compound-jagd-3d-visier-sidewinder-xl-2-pin-019-schwarz\/#breadcrumb","itemListElement":[{"@type":"ListItem","position":1,"name":"Home","item":"https:\/\/bogensportdiscount.ch\/"},{"@type":"ListItem","position":2,"name":"Shop","item":"https:\/\/bogensportdiscount.ch\/shop\/"},{"@type":"ListItem","position":3,"name":"VIPER JAGD &#038; 3D VISIERE SIDEWINDER \/ XL 2PIN .019 \/ SCHWARZ"}]},{"@type":"WebSite","@id":"https:\/\/bogensportdiscount.ch\/#website","url":"https:\/\/bogensportdiscount.ch\/","name":"Bogensportdiscount","description":"","potentialAction":[{"@type":"SearchAction","target":{"@type":"EntryPoint","urlTemplate":"https:\/\/bogensportdiscount.ch\/?s={search_term_string}"},"query-input":{"@type":"PropertyValueSpecification","valueRequired":true,"valueName":"search_term_string"}}],"inLanguage":"it-IT"}]}},"_links":{"self":[{"href":"https:\/\/bogensportdiscount.ch\/it\/wp-json\/wp\/v2\/product\/394730","targetHints":{"allow":["GET"]}}],"collection":[{"href":"https:\/\/bogensportdiscount.ch\/it\/wp-json\/wp\/v2\/product"}],"about":[{"href":"https:\/\/bogensportdiscount.ch\/it\/wp-json\/wp\/v2\/types\/product"}],"replies":[{"embeddable":true,"href":"https:\/\/bogensportdiscount.ch\/it\/wp-json\/wp\/v2\/comments?post=394730"}],"wp:featuredmedia":[{"embeddable":true,"href":"https:\/\/bogensportdiscount.ch\/it\/wp-json\/wp\/v2\/media\/452978"}],"wp:attachment":[{"href":"https:\/\/bogensportdiscount.ch\/it\/wp-json\/wp\/v2\/media?parent=394730"}],"wp:term":[{"taxonomy":"product_brand","embeddable":true,"href":"https:\/\/bogensportdiscount.ch\/it\/wp-json\/wp\/v2\/product_brand?post=394730"},{"taxonomy":"product_cat","embeddable":true,"href":"https:\/\/bogensportdiscount.ch\/it\/wp-json\/wp\/v2\/product_cat?post=394730"},{"taxonomy":"product_tag","embeddable":true,"href":"https:\/\/bogensportdiscount.ch\/it\/wp-json\/wp\/v2\/product_tag?post=394730"}],"curies":[{"name":"wp","href":"https:\/\/api.w.org\/{rel}","templated":true}]}}