{"id":394697,"date":"2026-04-05T14:34:35","date_gmt":"2026-04-05T12:34:35","guid":{"rendered":"https:\/\/bogensportdiscount.ch\/produkt\/blackgold-hunting-3d-sight-pro-dual-trac-2-pin-vertical-pro-x-base-019-rh-black\/"},"modified":"2026-04-19T11:43:08","modified_gmt":"2026-04-19T09:43:08","slug":"blackgold-jagd-3d-visier-pro-dual-trac-2-pin-vertikal-pro-x-base-019-rh-schwarz","status":"publish","type":"product","link":"https:\/\/bogensportdiscount.ch\/it\/prodotto\/blackgold-jagd-3d-visier-pro-dual-trac-2-pin-vertikal-pro-x-base-019-rh-schwarz\/","title":{"rendered":"BLACKGOLD JAGD &#038; 3D VISIER PRO DUAL TRAC \/ 2 PIN VERTICAL PRO X BASE .019 RH SCHWARZ"},"content":{"rendered":"<p>Das BLACKGOLD Pro Dual Trac ist ein Compound-Visier, das f\u00fcr den Einsatz bei der Jagd und im 3D-Bogenschiessen entwickelt wurde. Das Dual-Trac-System erlaubt eine unabh\u00e4ngige Einstellung beider Pins, wodurch verschiedene Distanzen pr\u00e4zise eingestellt werden k\u00f6nnen.<\/p>\n<p>Das Visier ist in einer Rechtsh\u00e4nder-Ausf\u00fchrung (RH) erh\u00e4ltlich und verf\u00fcgt \u00fcber eine Pro X Base-Montage f\u00fcr eine stabile und zuverl\u00e4ssige Befestigung am Bogen. Die Pinbreite von .019 sorgt f\u00fcr ein klares Zielbild unter unterschiedlichen Lichtverh\u00e4ltnissen.<\/p>\n<ul>\n<li>2-Pin-Vertikalkonfiguration f\u00fcr zwei einstellbare Distanzen<\/li>\n<li>Dual-Trac-System f\u00fcr unabh\u00e4ngige Pin-Einstellung<\/li>\n<li>Pro X Base-Montage f\u00fcr stabile Befestigung<\/li>\n<li>Pinbreite .019 f\u00fcr pr\u00e4zises Zielbild<\/li>\n<\/ul>","protected":false},"excerpt":{"rendered":"<p><strong>Marchio:<\/strong> BLACK GOLD<br \/><strong>LH\/RH:<\/strong> RH<br \/><strong>Colore:<\/strong> Nero<br \/><strong>Numero di pin:<\/strong> 2<br \/><strong>Dimensione pin:<\/strong> 019<br \/><strong>GTIN:<\/strong> 760823008941<\/p>","protected":false},"featured_media":485092,"comment_status":"open","ping_status":"closed","template":"","meta":[],"product_brand":[513],"product_cat":[4263],"product_tag":[3546],"class_list":{"0":"post-394697","1":"product","2":"type-product","3":"status-publish","4":"has-post-thumbnail","6":"product_brand-blackgold","7":"product_cat-jagd-und-3d-visiere","8":"product_tag-neuheit","10":"first","11":"instock","12":"shipping-taxable","13":"purchasable","14":"product-type-simple"},"_links":{"self":[{"href":"https:\/\/bogensportdiscount.ch\/it\/wp-json\/wp\/v2\/product\/394697","targetHints":{"allow":["GET"]}}],"collection":[{"href":"https:\/\/bogensportdiscount.ch\/it\/wp-json\/wp\/v2\/product"}],"about":[{"href":"https:\/\/bogensportdiscount.ch\/it\/wp-json\/wp\/v2\/types\/product"}],"replies":[{"embeddable":true,"href":"https:\/\/bogensportdiscount.ch\/it\/wp-json\/wp\/v2\/comments?post=394697"}],"wp:featuredmedia":[{"embeddable":true,"href":"https:\/\/bogensportdiscount.ch\/it\/wp-json\/wp\/v2\/media\/485092"}],"wp:attachment":[{"href":"https:\/\/bogensportdiscount.ch\/it\/wp-json\/wp\/v2\/media?parent=394697"}],"wp:term":[{"taxonomy":"product_brand","embeddable":true,"href":"https:\/\/bogensportdiscount.ch\/it\/wp-json\/wp\/v2\/product_brand?post=394697"},{"taxonomy":"product_cat","embeddable":true,"href":"https:\/\/bogensportdiscount.ch\/it\/wp-json\/wp\/v2\/product_cat?post=394697"},{"taxonomy":"product_tag","embeddable":true,"href":"https:\/\/bogensportdiscount.ch\/it\/wp-json\/wp\/v2\/product_tag?post=394697"}],"curies":[{"name":"wp","href":"https:\/\/api.w.org\/{rel}","templated":true}]}}