{"id":394690,"date":"2026-04-05T14:34:34","date_gmt":"2026-04-05T12:34:34","guid":{"rendered":"https:\/\/bogensportdiscount.ch\/produkt\/nap-apache-drop-away-lh-apg-camo-compound-drop-away-rest\/"},"modified":"2026-04-15T13:04:53","modified_gmt":"2026-04-15T11:04:53","slug":"nap-compound-fallaway-auflage-apache-drop-away-lh-apg-camo","status":"publish","type":"product","link":"https:\/\/bogensportdiscount.ch\/it\/prodotto\/nap-compound-fallaway-auflage-apache-drop-away-lh-apg-camo\/","title":{"rendered":"NAP APACHE DROP-AWAY LH APG CAMO COMPOUND DROP AWAY REST"},"content":{"rendered":"<p>Die NAP Apache Drop-Away ist eine Fallaway-Pfeilauflage f\u00fcr Compound-B\u00f6gen. Sie wurde f\u00fcr Linksh\u00e4nder (LH) konzipiert und ist im APG Camo-Muster erh\u00e4ltlich. Fallaway-Auflagen dieser Bauart halten den Pfeil w\u00e4hrend des Einzugs sicher in Position und fallen beim Abschuss vollst\u00e4ndig ab, um jeglichen Kontakt mit dem Pfeil zu vermeiden.<\/p>\n<p>Durch das vollst\u00e4ndige Abfallen der Auflage beim Schuss wird die Pfeilf\u00fchrung optimiert und eine gleichm\u00e4ssige, reproduzierbare Schussleistung unterst\u00fctzt. Das APG Camo-Finish macht die Auflage zudem geeignet f\u00fcr den Jagdeinsatz.<\/p>\n<ul>\n<li>Fallaway-Mechanismus f\u00fcr maximale Pfeilfreiheit beim Abschuss<\/li>\n<li>Ausf\u00fchrung f\u00fcr Linksh\u00e4nder (LH)<\/li>\n<li>APG Camo-Finish<\/li>\n<li>Geeignet f\u00fcr Compound-B\u00f6gen<\/li>\n<\/ul>","protected":false},"excerpt":{"rendered":"<p><strong>Marchio:<\/strong> PAN<br \/><strong>LH\/RH:<\/strong> LH<br \/><strong>Farbe:<\/strong> Camo<\/p>","protected":false},"featured_media":440582,"comment_status":"open","ping_status":"closed","template":"","meta":[],"product_brand":[557],"product_cat":[4233],"product_tag":[3546],"class_list":{"0":"post-394690","1":"product","2":"type-product","3":"status-publish","4":"has-post-thumbnail","6":"product_brand-nap","7":"product_cat-compound-drop-away-pfeilauflage","8":"product_tag-neuheit","10":"first","11":"instock","12":"shipping-taxable","13":"purchasable","14":"product-type-simple"},"_links":{"self":[{"href":"https:\/\/bogensportdiscount.ch\/it\/wp-json\/wp\/v2\/product\/394690","targetHints":{"allow":["GET"]}}],"collection":[{"href":"https:\/\/bogensportdiscount.ch\/it\/wp-json\/wp\/v2\/product"}],"about":[{"href":"https:\/\/bogensportdiscount.ch\/it\/wp-json\/wp\/v2\/types\/product"}],"replies":[{"embeddable":true,"href":"https:\/\/bogensportdiscount.ch\/it\/wp-json\/wp\/v2\/comments?post=394690"}],"wp:featuredmedia":[{"embeddable":true,"href":"https:\/\/bogensportdiscount.ch\/it\/wp-json\/wp\/v2\/media\/440582"}],"wp:attachment":[{"href":"https:\/\/bogensportdiscount.ch\/it\/wp-json\/wp\/v2\/media?parent=394690"}],"wp:term":[{"taxonomy":"product_brand","embeddable":true,"href":"https:\/\/bogensportdiscount.ch\/it\/wp-json\/wp\/v2\/product_brand?post=394690"},{"taxonomy":"product_cat","embeddable":true,"href":"https:\/\/bogensportdiscount.ch\/it\/wp-json\/wp\/v2\/product_cat?post=394690"},{"taxonomy":"product_tag","embeddable":true,"href":"https:\/\/bogensportdiscount.ch\/it\/wp-json\/wp\/v2\/product_tag?post=394690"}],"curies":[{"name":"wp","href":"https:\/\/api.w.org\/{rel}","templated":true}]}}