{"id":394678,"date":"2026-04-05T14:34:31","date_gmt":"2026-04-05T12:34:31","guid":{"rendered":"https:\/\/bogensportdiscount.ch\/produkt\/bcy-powergrip-018-1lbs-royal-blue-serving-material\/"},"modified":"2026-04-16T12:59:33","modified_gmt":"2026-04-16T10:59:33","slug":"bcy-mittenwicklungsmaterial-powergrip-018-1lbs-royal-blue","status":"publish","type":"product","link":"https:\/\/bogensportdiscount.ch\/it\/prodotto\/bcy-mittenwicklungsmaterial-powergrip-018-1lbs-royal-blue\/","title":{"rendered":"BCY POWERGRIP 018 - MATERIALE DA PORTATA BLU REALE DA 1 LIBBRA"},"content":{"rendered":"<p>Das BCY Powergrip 018 ist ein Mittenwicklungsmaterial f\u00fcr den Sehnenbau im Bogensport. Es wird verwendet, um die Mitte der Bogensehne zu umwickeln und so einen stabilen Auflage- und Nockpunkt zu schaffen.<\/p>\n<p>Das Material ist in der Farbe Royal Blue erh\u00e4ltlich und wird auf einer 1-Lbs-Spule geliefert, was es besonders f\u00fcr den regelm\u00e4ssigen Einsatz oder die Werkstattnutzung geeignet macht.<\/p>\n<ul>\n<li>St\u00e4rke: .018<\/li>\n<li>Farbe: Royal Blue<\/li>\n<li>Menge: 1 Lbs Spule<\/li>\n<li>Verwendung: Mittenwicklung von Bogensehnen<\/li>\n<\/ul>","protected":false},"excerpt":{"rendered":"<p><strong>Marchio:<\/strong> BCY<br \/><strong>Farbe:<\/strong> Blau<br \/><strong>Diameter (inch):<\/strong> ,018<br \/><strong>Spool size:<\/strong> 1lbs<\/p>","protected":false},"featured_media":452776,"comment_status":"open","ping_status":"closed","template":"","meta":[],"product_brand":[425],"product_cat":[4167],"product_tag":[3546],"class_list":{"0":"post-394678","1":"product","2":"type-product","3":"status-publish","4":"has-post-thumbnail","6":"product_brand-bcy","7":"product_cat-serving-material-sehnen-herstellung","8":"product_tag-neuheit","10":"first","11":"instock","12":"shipping-taxable","13":"purchasable","14":"product-type-simple"},"_links":{"self":[{"href":"https:\/\/bogensportdiscount.ch\/it\/wp-json\/wp\/v2\/product\/394678","targetHints":{"allow":["GET"]}}],"collection":[{"href":"https:\/\/bogensportdiscount.ch\/it\/wp-json\/wp\/v2\/product"}],"about":[{"href":"https:\/\/bogensportdiscount.ch\/it\/wp-json\/wp\/v2\/types\/product"}],"replies":[{"embeddable":true,"href":"https:\/\/bogensportdiscount.ch\/it\/wp-json\/wp\/v2\/comments?post=394678"}],"wp:featuredmedia":[{"embeddable":true,"href":"https:\/\/bogensportdiscount.ch\/it\/wp-json\/wp\/v2\/media\/452776"}],"wp:attachment":[{"href":"https:\/\/bogensportdiscount.ch\/it\/wp-json\/wp\/v2\/media?parent=394678"}],"wp:term":[{"taxonomy":"product_brand","embeddable":true,"href":"https:\/\/bogensportdiscount.ch\/it\/wp-json\/wp\/v2\/product_brand?post=394678"},{"taxonomy":"product_cat","embeddable":true,"href":"https:\/\/bogensportdiscount.ch\/it\/wp-json\/wp\/v2\/product_cat?post=394678"},{"taxonomy":"product_tag","embeddable":true,"href":"https:\/\/bogensportdiscount.ch\/it\/wp-json\/wp\/v2\/product_tag?post=394678"}],"curies":[{"name":"wp","href":"https:\/\/api.w.org\/{rel}","templated":true}]}}