{"id":394672,"date":"2026-04-05T14:34:30","date_gmt":"2026-04-05T12:34:30","guid":{"rendered":"https:\/\/bogensportdiscount.ch\/produkt\/hha-hunting-3d-sights-tetra-5519-4-pin-019-1-3-4-w-rheostat-rh\/"},"modified":"2026-04-15T12:57:00","modified_gmt":"2026-04-15T10:57:00","slug":"hha-compound-jagd-3d-visier-tetra-5519-4-pin-019-rheostat-rh","status":"publish","type":"product","link":"https:\/\/bogensportdiscount.ch\/it\/prodotto\/hha-compound-jagd-3d-visier-tetra-5519-4-pin-019-rheostat-rh\/","title":{"rendered":"MIRINO HHA HUNTING &amp; 3D TETRA 5519 \/ 4 PIN .019\u2033 \/ 1\u2033 3\/4 C\/REOSTATO RH"},"content":{"rendered":"<p>Das HHA Tetra 5519 richtet sich an Bogensch\u00fctzen, die ein zuverl\u00e4ssiges Visier f\u00fcr die Jagd oder den 3D-Bogensport suchen. Die 4-Pin-Konfiguration mit .019&#8243; Faseroptik erm\u00f6glicht eine klare Zielerfassung auf verschiedenen Distanzen.<\/p>\n<p>Der integrierte Rheostat erlaubt es, die Helligkeit der Leuchtpins stufenlos an unterschiedliche Lichtverh\u00e4ltnisse anzupassen \u2014 ein praktisches Merkmal f\u00fcr die Jagd in der D\u00e4mmerung oder in dichten W\u00e4ldern. Das Geh\u00e4use misst 1&#8243; 3\/4 und bietet damit ein grosses Sichtfeld. Die Ausf\u00fchrung ist f\u00fcr Rechtsh\u00e4nder konzipiert.<\/p>\n<ul>\n<li>4 Pins in der St\u00e4rke .019&#8243; f\u00fcr pr\u00e4zise Zielerfassung<\/li>\n<li>Integrierter Rheostat zur Helligkeitsregelung<\/li>\n<li>Geh\u00e4usedurchmesser 1&#8243; 3\/4<\/li>\n<li>Ausf\u00fchrung f\u00fcr Rechtsh\u00e4nder (RH)<\/li>\n<\/ul>","protected":false},"excerpt":{"rendered":"<p><strong>Marchio:<\/strong> HHA<br \/><strong>LH\/RH:<\/strong> RH<br \/><strong>Farbe:<\/strong> Schwarz<br \/><strong>Tipo:<\/strong> Direct mount<br \/><strong>Pin count:<\/strong> 4<br \/><strong>Pin size:<\/strong> 019<\/p>","protected":false},"featured_media":444880,"comment_status":"open","ping_status":"closed","template":"","meta":[],"product_brand":[528],"product_cat":[4263],"product_tag":[3546],"class_list":{"0":"post-394672","1":"product","2":"type-product","3":"status-publish","4":"has-post-thumbnail","6":"product_brand-hha","7":"product_cat-jagd-und-3d-visiere","8":"product_tag-neuheit","10":"first","11":"instock","12":"shipping-taxable","13":"purchasable","14":"product-type-simple"},"_links":{"self":[{"href":"https:\/\/bogensportdiscount.ch\/it\/wp-json\/wp\/v2\/product\/394672","targetHints":{"allow":["GET"]}}],"collection":[{"href":"https:\/\/bogensportdiscount.ch\/it\/wp-json\/wp\/v2\/product"}],"about":[{"href":"https:\/\/bogensportdiscount.ch\/it\/wp-json\/wp\/v2\/types\/product"}],"replies":[{"embeddable":true,"href":"https:\/\/bogensportdiscount.ch\/it\/wp-json\/wp\/v2\/comments?post=394672"}],"wp:featuredmedia":[{"embeddable":true,"href":"https:\/\/bogensportdiscount.ch\/it\/wp-json\/wp\/v2\/media\/444880"}],"wp:attachment":[{"href":"https:\/\/bogensportdiscount.ch\/it\/wp-json\/wp\/v2\/media?parent=394672"}],"wp:term":[{"taxonomy":"product_brand","embeddable":true,"href":"https:\/\/bogensportdiscount.ch\/it\/wp-json\/wp\/v2\/product_brand?post=394672"},{"taxonomy":"product_cat","embeddable":true,"href":"https:\/\/bogensportdiscount.ch\/it\/wp-json\/wp\/v2\/product_cat?post=394672"},{"taxonomy":"product_tag","embeddable":true,"href":"https:\/\/bogensportdiscount.ch\/it\/wp-json\/wp\/v2\/product_tag?post=394672"}],"curies":[{"name":"wp","href":"https:\/\/api.w.org\/{rel}","templated":true}]}}