{"id":394670,"date":"2026-04-05T14:34:29","date_gmt":"2026-04-05T12:34:29","guid":{"rendered":"https:\/\/bogensportdiscount.ch\/produkt\/oakridge-recurve-strings-dacron-with-fingerprotection-68-16-black\/"},"modified":"2026-04-20T12:50:30","modified_gmt":"2026-04-20T10:50:30","slug":"oakridge-recurve-sehne-dacron-mit-fingerschutz-68-16-schwarz","status":"publish","type":"product","link":"https:\/\/bogensportdiscount.ch\/it\/prodotto\/oakridge-recurve-sehne-dacron-mit-fingerschutz-68-16-schwarz\/","title":{"rendered":"OAKRIDGE RECURVE SEHNEN DACRON MIT FINGERSCHUTZ 68\/16 SCHWARZ"},"content":{"rendered":"<p>Die OAKRIDGE Recurve-Sehne aus Dacron ist eine einfache und zuverl\u00e4ssige Sehne f\u00fcr traditionelle Recurveb\u00f6gen. Dacron ist ein bew\u00e4hrtes Material f\u00fcr Einsteiger und B\u00f6gen mit empfindlichen Sehnenkerben, da es etwas elastischer ist als modernere Fasern und die Bogenarme schonend belastet.<\/p>\n<p>Die Sehne in der L\u00e4nge 68&#8243; ist mit einem integrierten Fingerschutz ausgestattet, der den Bereich um die Nockenauflage verst\u00e4rkt und den Zugfingern zus\u00e4tzlichen Schutz bietet. Die schwarze Ausf\u00fchrung passt zu einer Vielzahl von B\u00f6gen.<\/p>\n<ul>\n<li>Materiale: Dacron<\/li>\n<li>L\u00e4nge: 68&#8243; \/ 16 Strang<\/li>\n<li>Integrierter Fingerschutz<\/li>\n<li>Colore: Nero<\/li>\n<\/ul>","protected":false},"excerpt":{"rendered":"<p>Recurve-Sehne von OAKRIDGE aus Dacron-Material in der Gr\u00f6sse 68&#8243; mit integriertem Fingerschutz, erh\u00e4ltlich in Schwarz. Geeignet f\u00fcr traditionelle Recurveb\u00f6gen.<\/p>","protected":false},"featured_media":519409,"comment_status":"open","ping_status":"closed","template":"","meta":[],"product_brand":[569],"product_cat":[4279],"product_tag":[3546],"class_list":{"0":"post-394670","1":"product","2":"type-product","3":"status-publish","4":"has-post-thumbnail","6":"product_brand-oakridge","7":"product_cat-traditional-strings","8":"product_tag-neuheit","10":"first","11":"instock","12":"shipping-taxable","13":"purchasable","14":"product-type-simple"},"yoast_head":"<!-- This site is optimized with the Yoast SEO plugin v27.4 - https:\/\/yoast.com\/product\/yoast-seo-wordpress\/ -->\n<title>OAKRIDGE RECURVE SEHNEN DACRON MIT FINGERSCHUTZ 68\/16 SCHWARZ - Bogensportdiscount \u2013 B\u00f6gen, Pfeile, Targets &amp; Zubeh\u00f6r<\/title>\n<meta name=\"robots\" content=\"noindex, follow, max-snippet:-1, max-image-preview:large, max-video-preview:-1\" \/>\n<meta property=\"og:locale\" content=\"it_IT\" \/>\n<meta property=\"og:type\" content=\"article\" \/>\n<meta property=\"og:title\" content=\"OAKRIDGE RECURVE SEHNEN DACRON MIT FINGERSCHUTZ 68\/16 SCHWARZ - Bogensportdiscount \u2013 B\u00f6gen, Pfeile, Targets &amp; Zubeh\u00f6r\" \/>\n<meta property=\"og:description\" content=\"Recurve-Sehne von OAKRIDGE aus Dacron-Material in der Gr\u00f6sse 68&quot; mit integriertem Fingerschutz, erh\u00e4ltlich in Schwarz. Geeignet f\u00fcr traditionelle Recurveb\u00f6gen.\" \/>\n<meta property=\"og:url\" content=\"https:\/\/bogensportdiscount.ch\/it\/produit\/oakridge-recurve-sehne-dacron-mit-fingerschutz-68-16-schwarz\/\" \/>\n<meta property=\"og:site_name\" content=\"Bogensportdiscount \u2013 B\u00f6gen, Pfeile, Targets &amp; Zubeh\u00f6r\" \/>\n<meta property=\"article:modified_time\" content=\"2026-04-20T10:50:30+00:00\" \/>\n<meta property=\"og:image\" content=\"https:\/\/bogensportdiscount.ch\/wp-content\/uploads\/bsm-images\/A048398_1.png\" \/>\n\t<meta property=\"og:image:width\" content=\"3447\" \/>\n\t<meta property=\"og:image:height\" content=\"607\" \/>\n\t<meta property=\"og:image:type\" content=\"image\/png\" \/>\n<meta name=\"twitter:card\" content=\"summary_large_image\" \/>\n<script type=\"application\/ld+json\" class=\"yoast-schema-graph\">{\"@context\":\"https:\\\/\\\/schema.org\",\"@graph\":[{\"@type\":\"WebPage\",\"@id\":\"https:\\\/\\\/bogensportdiscount.ch\\\/fr\\\/produit\\\/oakridge-recurve-sehne-dacron-mit-fingerschutz-68-16-schwarz\\\/\",\"url\":\"https:\\\/\\\/bogensportdiscount.ch\\\/fr\\\/produit\\\/oakridge-recurve-sehne-dacron-mit-fingerschutz-68-16-schwarz\\\/\",\"name\":\"OAKRIDGE RECURVE SEHNEN DACRON MIT FINGERSCHUTZ 68\\\/16 SCHWARZ - Bogensportdiscount \u2013 B\u00f6gen, Pfeile, Targets &amp; Zubeh\u00f6r\",\"isPartOf\":{\"@id\":\"https:\\\/\\\/bogensportdiscount.ch\\\/#website\"},\"primaryImageOfPage\":{\"@id\":\"https:\\\/\\\/bogensportdiscount.ch\\\/fr\\\/produit\\\/oakridge-recurve-sehne-dacron-mit-fingerschutz-68-16-schwarz\\\/#primaryimage\"},\"image\":{\"@id\":\"https:\\\/\\\/bogensportdiscount.ch\\\/fr\\\/produit\\\/oakridge-recurve-sehne-dacron-mit-fingerschutz-68-16-schwarz\\\/#primaryimage\"},\"thumbnailUrl\":\"https:\\\/\\\/bogensportdiscount.ch\\\/wp-content\\\/uploads\\\/bsm-images\\\/A048398_1.png\",\"datePublished\":\"2026-04-05T12:34:29+00:00\",\"dateModified\":\"2026-04-20T10:50:30+00:00\",\"breadcrumb\":{\"@id\":\"https:\\\/\\\/bogensportdiscount.ch\\\/fr\\\/produit\\\/oakridge-recurve-sehne-dacron-mit-fingerschutz-68-16-schwarz\\\/#breadcrumb\"},\"inLanguage\":\"it-IT\",\"potentialAction\":[{\"@type\":\"ReadAction\",\"target\":[\"https:\\\/\\\/bogensportdiscount.ch\\\/fr\\\/produit\\\/oakridge-recurve-sehne-dacron-mit-fingerschutz-68-16-schwarz\\\/\"]}]},{\"@type\":\"ImageObject\",\"inLanguage\":\"it-IT\",\"@id\":\"https:\\\/\\\/bogensportdiscount.ch\\\/fr\\\/produit\\\/oakridge-recurve-sehne-dacron-mit-fingerschutz-68-16-schwarz\\\/#primaryimage\",\"url\":\"https:\\\/\\\/bogensportdiscount.ch\\\/wp-content\\\/uploads\\\/bsm-images\\\/A048398_1.png\",\"contentUrl\":\"https:\\\/\\\/bogensportdiscount.ch\\\/wp-content\\\/uploads\\\/bsm-images\\\/A048398_1.png\",\"width\":3447,\"height\":607},{\"@type\":\"BreadcrumbList\",\"@id\":\"https:\\\/\\\/bogensportdiscount.ch\\\/fr\\\/produit\\\/oakridge-recurve-sehne-dacron-mit-fingerschutz-68-16-schwarz\\\/#breadcrumb\",\"itemListElement\":[{\"@type\":\"ListItem\",\"position\":1,\"name\":\"Home\",\"item\":\"https:\\\/\\\/bogensportdiscount.ch\\\/\"},{\"@type\":\"ListItem\",\"position\":2,\"name\":\"Shop\",\"item\":\"https:\\\/\\\/bogensportdiscount.ch\\\/shop\\\/\"},{\"@type\":\"ListItem\",\"position\":3,\"name\":\"OAKRIDGE RECURVE SEHNEN DACRON MIT FINGERSCHUTZ 68\\\/16 SCHWARZ\"}]},{\"@type\":\"WebSite\",\"@id\":\"https:\\\/\\\/bogensportdiscount.ch\\\/#website\",\"url\":\"https:\\\/\\\/bogensportdiscount.ch\\\/\",\"name\":\"Bogensportdiscount\",\"description\":\"\",\"potentialAction\":[{\"@type\":\"SearchAction\",\"target\":{\"@type\":\"EntryPoint\",\"urlTemplate\":\"https:\\\/\\\/bogensportdiscount.ch\\\/?s={search_term_string}\"},\"query-input\":{\"@type\":\"PropertyValueSpecification\",\"valueRequired\":true,\"valueName\":\"search_term_string\"}}],\"inLanguage\":\"it-IT\"}]}<\/script>\n<!-- \/ Yoast SEO plugin. -->","yoast_head_json":{"title":"OAKRIDGE RECURVE SEHNEN DACRON MIT FINGERSCHUTZ 68\/16 SCHWARZ - Bogensportdiscount \u2013 B\u00f6gen, Pfeile, Targets &amp; Zubeh\u00f6r","robots":{"index":"noindex","follow":"follow","max-snippet":"max-snippet:-1","max-image-preview":"max-image-preview:large","max-video-preview":"max-video-preview:-1"},"og_locale":"it_IT","og_type":"article","og_title":"OAKRIDGE RECURVE SEHNEN DACRON MIT FINGERSCHUTZ 68\/16 SCHWARZ - Bogensportdiscount \u2013 B\u00f6gen, Pfeile, Targets &amp; Zubeh\u00f6r","og_description":"Recurve-Sehne von OAKRIDGE aus Dacron-Material in der Gr\u00f6sse 68\" mit integriertem Fingerschutz, erh\u00e4ltlich in Schwarz. Geeignet f\u00fcr traditionelle Recurveb\u00f6gen.","og_url":"https:\/\/bogensportdiscount.ch\/it\/produit\/oakridge-recurve-sehne-dacron-mit-fingerschutz-68-16-schwarz\/","og_site_name":"Bogensportdiscount \u2013 B\u00f6gen, Pfeile, Targets &amp; Zubeh\u00f6r","article_modified_time":"2026-04-20T10:50:30+00:00","og_image":[{"width":3447,"height":607,"url":"https:\/\/bogensportdiscount.ch\/wp-content\/uploads\/bsm-images\/A048398_1.png","type":"image\/png"}],"twitter_card":"summary_large_image","schema":{"@context":"https:\/\/schema.org","@graph":[{"@type":"WebPage","@id":"https:\/\/bogensportdiscount.ch\/fr\/produit\/oakridge-recurve-sehne-dacron-mit-fingerschutz-68-16-schwarz\/","url":"https:\/\/bogensportdiscount.ch\/fr\/produit\/oakridge-recurve-sehne-dacron-mit-fingerschutz-68-16-schwarz\/","name":"OAKRIDGE RECURVE SEHNEN DACRON MIT FINGERSCHUTZ 68\/16 SCHWARZ - Bogensportdiscount \u2013 B\u00f6gen, Pfeile, Targets &amp; Zubeh\u00f6r","isPartOf":{"@id":"https:\/\/bogensportdiscount.ch\/#website"},"primaryImageOfPage":{"@id":"https:\/\/bogensportdiscount.ch\/fr\/produit\/oakridge-recurve-sehne-dacron-mit-fingerschutz-68-16-schwarz\/#primaryimage"},"image":{"@id":"https:\/\/bogensportdiscount.ch\/fr\/produit\/oakridge-recurve-sehne-dacron-mit-fingerschutz-68-16-schwarz\/#primaryimage"},"thumbnailUrl":"https:\/\/bogensportdiscount.ch\/wp-content\/uploads\/bsm-images\/A048398_1.png","datePublished":"2026-04-05T12:34:29+00:00","dateModified":"2026-04-20T10:50:30+00:00","breadcrumb":{"@id":"https:\/\/bogensportdiscount.ch\/fr\/produit\/oakridge-recurve-sehne-dacron-mit-fingerschutz-68-16-schwarz\/#breadcrumb"},"inLanguage":"it-IT","potentialAction":[{"@type":"ReadAction","target":["https:\/\/bogensportdiscount.ch\/fr\/produit\/oakridge-recurve-sehne-dacron-mit-fingerschutz-68-16-schwarz\/"]}]},{"@type":"ImageObject","inLanguage":"it-IT","@id":"https:\/\/bogensportdiscount.ch\/fr\/produit\/oakridge-recurve-sehne-dacron-mit-fingerschutz-68-16-schwarz\/#primaryimage","url":"https:\/\/bogensportdiscount.ch\/wp-content\/uploads\/bsm-images\/A048398_1.png","contentUrl":"https:\/\/bogensportdiscount.ch\/wp-content\/uploads\/bsm-images\/A048398_1.png","width":3447,"height":607},{"@type":"BreadcrumbList","@id":"https:\/\/bogensportdiscount.ch\/fr\/produit\/oakridge-recurve-sehne-dacron-mit-fingerschutz-68-16-schwarz\/#breadcrumb","itemListElement":[{"@type":"ListItem","position":1,"name":"Home","item":"https:\/\/bogensportdiscount.ch\/"},{"@type":"ListItem","position":2,"name":"Shop","item":"https:\/\/bogensportdiscount.ch\/shop\/"},{"@type":"ListItem","position":3,"name":"OAKRIDGE RECURVE SEHNEN DACRON MIT FINGERSCHUTZ 68\/16 SCHWARZ"}]},{"@type":"WebSite","@id":"https:\/\/bogensportdiscount.ch\/#website","url":"https:\/\/bogensportdiscount.ch\/","name":"Bogensportdiscount","description":"","potentialAction":[{"@type":"SearchAction","target":{"@type":"EntryPoint","urlTemplate":"https:\/\/bogensportdiscount.ch\/?s={search_term_string}"},"query-input":{"@type":"PropertyValueSpecification","valueRequired":true,"valueName":"search_term_string"}}],"inLanguage":"it-IT"}]}},"_links":{"self":[{"href":"https:\/\/bogensportdiscount.ch\/it\/wp-json\/wp\/v2\/product\/394670","targetHints":{"allow":["GET"]}}],"collection":[{"href":"https:\/\/bogensportdiscount.ch\/it\/wp-json\/wp\/v2\/product"}],"about":[{"href":"https:\/\/bogensportdiscount.ch\/it\/wp-json\/wp\/v2\/types\/product"}],"replies":[{"embeddable":true,"href":"https:\/\/bogensportdiscount.ch\/it\/wp-json\/wp\/v2\/comments?post=394670"}],"wp:featuredmedia":[{"embeddable":true,"href":"https:\/\/bogensportdiscount.ch\/it\/wp-json\/wp\/v2\/media\/519409"}],"wp:attachment":[{"href":"https:\/\/bogensportdiscount.ch\/it\/wp-json\/wp\/v2\/media?parent=394670"}],"wp:term":[{"taxonomy":"product_brand","embeddable":true,"href":"https:\/\/bogensportdiscount.ch\/it\/wp-json\/wp\/v2\/product_brand?post=394670"},{"taxonomy":"product_cat","embeddable":true,"href":"https:\/\/bogensportdiscount.ch\/it\/wp-json\/wp\/v2\/product_cat?post=394670"},{"taxonomy":"product_tag","embeddable":true,"href":"https:\/\/bogensportdiscount.ch\/it\/wp-json\/wp\/v2\/product_tag?post=394670"}],"curies":[{"name":"wp","href":"https:\/\/api.w.org\/{rel}","templated":true}]}}